{"id":11967,"date":"2025-12-18T10:33:02","date_gmt":"2025-12-18T10:33:02","guid":{"rendered":"https:\/\/sabanadelamartours.com\/?post_type=product&#038;p=11967"},"modified":"2026-02-09T05:41:18","modified_gmt":"2026-02-09T05:41:18","slug":"bayahibe-la-romana-buggy-tour-rivier-con-transporte","status":"publish","type":"product","link":"https:\/\/sabanadelamartours.com\/es\/visita\/bayahibe-la-romana-buggy-tour-rivier-con-transporte\/","title":{"rendered":"Bayahibe La Romana: Excursi\u00f3n en Buggy + rivier con Transporte"},"content":{"rendered":"<p>Primer Turno: 8:00 AM - 12:00 PM<\/p>\n<p>Recogida a las 8:00 AM: Comience el d\u00eda con una emocionante excursi\u00f3n en buggy en Bayahibe, donde le recogeremos para esta experiencia \u00fanica.<\/p>\n<p>Explora y descubre:<\/p>\n<p>Bateyes y ca\u00f1a de az\u00facar: Sum\u00e9rjase en la cultura local explorando los bateyes y disfrutando de una aut\u00e9ntica degustaci\u00f3n de ca\u00f1a de az\u00facar.<\/p>\n<p>Aventura en el r\u00edo Chav\u00f3n: Vive la emoci\u00f3n de las aguas del r\u00edo Chav\u00f3n con un refrescante ba\u00f1o y actividades acu\u00e1ticas.<\/p>\n<p>Visita a un rancho y degustaci\u00f3n: Disfrute de un fest\u00edn de frutas frescas, caf\u00e9 y chocolate en un rancho local mientras explora plantaciones tropicales.<\/p>\n<p>Regreso a las 12:00 PM: Despu\u00e9s de una ma\u00f1ana llena de descubrimientos, regresaremos al punto de partida al mediod\u00eda.<\/p>\n<p>Segundo turno: de 14:00 a 17:30.<\/p>\n<p>Recogida a las 14:00: Prep\u00e1rate para una tarde emocionante con otra excursi\u00f3n en buggy.<\/p>\n<p>M\u00e1s aventuras:<\/p>\n<p>Exploraci\u00f3n en bateyes y ca\u00f1a de az\u00facar: Revive la experiencia de los bateyes y profundiza en la cultura local.<\/p>\n<p>Nueva aventura en el r\u00edo Chav\u00f3n: Sum\u00e9rgete de nuevo en las aguas del r\u00edo y disfruta de actividades acu\u00e1ticas.<\/p>\n<p>Segunda degustaci\u00f3n en el rancho: Regreso al rancho para degustar m\u00e1s delicias locales y vivir una experiencia cultural.<\/p>\n<div class=\"toggle-content__content toggle-content__content--expanded toggle-content__content--packable\" data-v-59485d64=\"\">\n<div data-test-id=\"activity-full-description-text\" data-v-5835c99c=\"\">Regreso a las 17:30: Concluimos la excursi\u00f3n al atardecer, regresando a su ubicaci\u00f3n a las 17:30.<\/div>\n<\/div>\n<div class=\"toggle-content__label-placeholder\" data-v-59485d64=\"\"><\/div>","protected":false},"excerpt":{"rendered":"<div data-track=\"overview\" data-v-83a2b402=\"\">\n<section id=\"activity-overview\" class=\"activity-overview\" data-component=\"overview\" data-v-83a2b402=\"\" data-v-f3236c42=\"\">\n<p class=\"activity-overview__content\" data-test-id=\"activity-overview-content\" data-v-f3236c42=\"\">\u201cExplore La Romana en quad o buggy 4\u00d74 desde Bayahibe. Conduce por paisajes espectaculares, descubre playas v\u00edrgenes y sum\u00e9rgete en la cultura local en esta emocionante aventura costera.\u201d<\/p>\n<\/section>\n<\/div>\n<div data-track=\"key-details\" data-v-83a2b402=\"\"><\/div>","protected":false},"featured_media":12306,"template":"","meta":[],"product_brand":[],"product_cat":[97],"product_tag":[101,102],"class_list":{"0":"post-11967","1":"product","2":"type-product","3":"status-publish","4":"has-post-thumbnail","6":"product_cat-dominican-republic","7":"product_tag-excursion","8":"product_tag-tour","10":"first","11":"instock","12":"shipping-taxable","13":"product-type-external"},"_links":{"self":[{"href":"https:\/\/sabanadelamartours.com\/es\/wp-json\/wp\/v2\/product\/11967","targetHints":{"allow":["GET"]}}],"collection":[{"href":"https:\/\/sabanadelamartours.com\/es\/wp-json\/wp\/v2\/product"}],"about":[{"href":"https:\/\/sabanadelamartours.com\/es\/wp-json\/wp\/v2\/types\/product"}],"version-history":[{"count":1,"href":"https:\/\/sabanadelamartours.com\/es\/wp-json\/wp\/v2\/product\/11967\/revisions"}],"predecessor-version":[{"id":18869,"href":"https:\/\/sabanadelamartours.com\/es\/wp-json\/wp\/v2\/product\/11967\/revisions\/18869"}],"wp:featuredmedia":[{"embeddable":true,"href":"https:\/\/sabanadelamartours.com\/es\/wp-json\/wp\/v2\/media\/12306"}],"wp:attachment":[{"href":"https:\/\/sabanadelamartours.com\/es\/wp-json\/wp\/v2\/media?parent=11967"}],"wp:term":[{"taxonomy":"product_brand","embeddable":true,"href":"https:\/\/sabanadelamartours.com\/es\/wp-json\/wp\/v2\/product_brand?post=11967"},{"taxonomy":"product_cat","embeddable":true,"href":"https:\/\/sabanadelamartours.com\/es\/wp-json\/wp\/v2\/product_cat?post=11967"},{"taxonomy":"product_tag","embeddable":true,"href":"https:\/\/sabanadelamartours.com\/es\/wp-json\/wp\/v2\/product_tag?post=11967"}],"curies":[{"name":"wp","href":"https:\/\/api.w.org\/{rel}","templated":true}]}}