{"id":12076,"date":"2025-12-18T10:37:41","date_gmt":"2025-12-18T10:37:41","guid":{"rendered":"https:\/\/sabanadelamartours.com\/?post_type=product&#038;p=12076"},"modified":"2025-12-18T10:51:55","modified_gmt":"2025-12-18T10:51:55","slug":"escapada-de-san-valentin-a-puerto-plata","status":"publish","type":"product","link":"https:\/\/sabanadelamartours.com\/es\/visita\/escapada-de-san-valentin-a-puerto-plata\/","title":{"rendered":"Escapada de San Valent\u00edn en Puerto Plata"},"content":{"rendered":"<p>Sum\u00e9rjase en la serenidad de las playas doradas, el lujo de la hospitalidad caribe\u00f1a y la magia de los momentos compartidos.<\/p>\n<p>\ud83c\udf05 Destino rom\u00e1ntico: Descubre la pintoresca belleza de Puerto Plata mientras paseas de la mano por sus playas ba\u00f1adas por el sol y exploras sus encantadoras calles llenas de historia y cultura.<\/p>\n<p>Oferta limitada: \u00a1Reserva ahora y asegura tu plaza para esta experiencia \u00fanica en San Valent\u00edn! Plazas limitadas para garantizar la exclusividad de tu escapada rom\u00e1ntica.<\/p>\n<p>No dejes que este San Valent\u00edn sea uno m\u00e1s. Celebre el amor en el id\u00edlico entorno de Puerto Plata. \u00a1Hagamos de este viaje juntos el cap\u00edtulo m\u00e1s rom\u00e1ntico de vuestra historia!<\/p>\n<p>\ud83d\udcde \u00a1Llama ahora para m\u00e1s detalles y reserva tu escapada inolvidable! No te pierdas esta oportunidad de crear recuerdos que durar\u00e1n toda la vida.<\/p>\n<p>\ud83d\udc8c \u00a1Te esperamos para compartir juntos el amor y la magia de Puerto Plata!<\/p>","protected":false},"excerpt":{"rendered":"<div data-track=\"overview\" data-v-83a2b402=\"\">\n<section id=\"activity-overview\" class=\"activity-overview\" data-component=\"overview\" data-v-83a2b402=\"\" data-v-f3236c42=\"\">\n<p class=\"activity-overview__content\" data-test-id=\"activity-overview-content\" data-v-f3236c42=\"\">Este San Valent\u00edn, reg\u00e1late a ti y a tu pareja una experiencia inolvidable con nuestra \u201cEscapada de San Valent\u00edn en Puerto Plata\u201d.\u201d<\/p>\n<\/section>\n<\/div>\n<div data-track=\"key-details\" data-v-83a2b402=\"\"><\/div>","protected":false},"featured_media":12409,"template":"","meta":[],"product_brand":[],"product_cat":[97],"product_tag":[101,102],"class_list":{"0":"post-12076","1":"product","2":"type-product","3":"status-publish","4":"has-post-thumbnail","6":"product_cat-dominican-republic","7":"product_tag-excursion","8":"product_tag-tour","10":"first","11":"instock","12":"shipping-taxable","13":"product-type-external"},"_links":{"self":[{"href":"https:\/\/sabanadelamartours.com\/es\/wp-json\/wp\/v2\/product\/12076","targetHints":{"allow":["GET"]}}],"collection":[{"href":"https:\/\/sabanadelamartours.com\/es\/wp-json\/wp\/v2\/product"}],"about":[{"href":"https:\/\/sabanadelamartours.com\/es\/wp-json\/wp\/v2\/types\/product"}],"version-history":[{"count":0,"href":"https:\/\/sabanadelamartours.com\/es\/wp-json\/wp\/v2\/product\/12076\/revisions"}],"wp:featuredmedia":[{"embeddable":true,"href":"https:\/\/sabanadelamartours.com\/es\/wp-json\/wp\/v2\/media\/12409"}],"wp:attachment":[{"href":"https:\/\/sabanadelamartours.com\/es\/wp-json\/wp\/v2\/media?parent=12076"}],"wp:term":[{"taxonomy":"product_brand","embeddable":true,"href":"https:\/\/sabanadelamartours.com\/es\/wp-json\/wp\/v2\/product_brand?post=12076"},{"taxonomy":"product_cat","embeddable":true,"href":"https:\/\/sabanadelamartours.com\/es\/wp-json\/wp\/v2\/product_cat?post=12076"},{"taxonomy":"product_tag","embeddable":true,"href":"https:\/\/sabanadelamartours.com\/es\/wp-json\/wp\/v2\/product_tag?post=12076"}],"curies":[{"name":"wp","href":"https:\/\/api.w.org\/{rel}","templated":true}]}}