{"id":12131,"date":"2025-12-18T10:39:50","date_gmt":"2025-12-18T10:39:50","guid":{"rendered":"https:\/\/sabanadelamartours.com\/?post_type=product&#038;p=12131"},"modified":"2026-02-10T02:56:28","modified_gmt":"2026-02-10T02:56:28","slug":"3en1-fulllday-los-haitises-waterfal-spa-desde-punta-cana","status":"publish","type":"product","link":"https:\/\/sabanadelamartours.com\/es\/visita\/3en1-fulllday-los-haitises-waterfal-spa-desde-punta-cana\/","title":{"rendered":"3en1 D\u00eda completo Los Haitises &amp; Waterfal SPA desde Punta Cana"},"content":{"rendered":"<p>Excursi\u00f3n de un d\u00eda a Los Haitises<\/p>\n<p>Le recogeremos en su hotel de Punta Cana a partir de las 6:30 de la ma\u00f1ana y pondremos rumbo al Parque Nacional de Los Haitises, un paisaje c\u00e1rstico \u00fanico ba\u00f1ado por las aguas de la bah\u00eda de Saman\u00e1.<\/p>\n<p>&nbsp;<\/p>\n<p>Al llegar, embarcaremos y navegaremos por el r\u00edo Ca\u00f1o Hondo hacia la bah\u00eda de San Lorenzo, mientras buscamos mara\u00f1as de manglares rojos en la orilla. En aguas abiertas, podremos avistar mogotes rocosos repletos de pel\u00edcanos y papamoscas de cola bifurcada.<\/p>\n<p>La expedici\u00f3n contin\u00faa hacia las cuevas de la Arena y la L\u00ednea, que en su d\u00eda fueron utilizadas por los ind\u00edgenas ta\u00ednos. En su interior, veremos estas cuevas decoradas con pictogramas y petroglifos ind\u00edgenas.<\/p>\n<p>Nuestra siguiente parada ser\u00e1 el Hotel Para\u00edso de Ca\u00f1o Hondo, donde bajaremos del barco y veremos hermosas piscinas naturales dentro del recinto del hotel. Podr\u00e1 darse un refrescante chapuz\u00f3n en el r\u00edo Jivales antes de tomar un almuerzo tradicional dominicano, que degustaremos en este id\u00edlico lugar.<\/p>\n<p>Con las energ\u00edas recuperadas, subiremos a un jeep y nos dirigiremos a la cima de la monta\u00f1a Redonda, enclavada entre dos lagunas: Lim\u00f3n y Redonda. Desde la cima, las vistas de la selva parecer\u00e1n sacadas de un cuento de hadas.<\/p>\n<p>Finalmente, volveremos a tierra firme y regresaremos a Punta Cana, donde llegaremos a su hotel entre las 16:30 y las 18:30.<\/p>","protected":false},"excerpt":{"rendered":"<div data-track=\"overview\" data-v-83a2b402=\"\">\n<section id=\"activity-overview\" class=\"activity-overview\" data-component=\"overview\" data-v-83a2b402=\"\" data-v-f3236c42=\"\">\n<p class=\"activity-overview__content\" data-test-id=\"activity-overview-content\" data-v-f3236c42=\"\">Explore las maravillas naturales del Parque Nacional de Los Haitises en una excursi\u00f3n desde Punta Cana. Navega por el r\u00edo en barco, visita cuevas y piscinas naturales y sube en jeep hasta la cima de Monta\u00f1a Redonda.<\/p>\n<\/section>\n<\/div>\n<div data-track=\"key-details\" data-v-83a2b402=\"\"><\/div>","protected":false},"featured_media":12464,"template":"","meta":[],"product_brand":[],"product_cat":[97,103],"product_tag":[101,102],"class_list":{"0":"post-12131","1":"product","2":"type-product","3":"status-publish","4":"has-post-thumbnail","6":"product_cat-dominican-republic","7":"product_cat-los-haitises","8":"product_tag-excursion","9":"product_tag-tour","11":"first","12":"instock","13":"shipping-taxable","14":"product-type-external"},"_links":{"self":[{"href":"https:\/\/sabanadelamartours.com\/es\/wp-json\/wp\/v2\/product\/12131","targetHints":{"allow":["GET"]}}],"collection":[{"href":"https:\/\/sabanadelamartours.com\/es\/wp-json\/wp\/v2\/product"}],"about":[{"href":"https:\/\/sabanadelamartours.com\/es\/wp-json\/wp\/v2\/types\/product"}],"version-history":[{"count":1,"href":"https:\/\/sabanadelamartours.com\/es\/wp-json\/wp\/v2\/product\/12131\/revisions"}],"predecessor-version":[{"id":18880,"href":"https:\/\/sabanadelamartours.com\/es\/wp-json\/wp\/v2\/product\/12131\/revisions\/18880"}],"wp:featuredmedia":[{"embeddable":true,"href":"https:\/\/sabanadelamartours.com\/es\/wp-json\/wp\/v2\/media\/12464"}],"wp:attachment":[{"href":"https:\/\/sabanadelamartours.com\/es\/wp-json\/wp\/v2\/media?parent=12131"}],"wp:term":[{"taxonomy":"product_brand","embeddable":true,"href":"https:\/\/sabanadelamartours.com\/es\/wp-json\/wp\/v2\/product_brand?post=12131"},{"taxonomy":"product_cat","embeddable":true,"href":"https:\/\/sabanadelamartours.com\/es\/wp-json\/wp\/v2\/product_cat?post=12131"},{"taxonomy":"product_tag","embeddable":true,"href":"https:\/\/sabanadelamartours.com\/es\/wp-json\/wp\/v2\/product_tag?post=12131"}],"curies":[{"name":"wp","href":"https:\/\/api.w.org\/{rel}","templated":true}]}}