{"id":12142,"date":"2025-12-18T10:40:15","date_gmt":"2025-12-18T10:40:15","guid":{"rendered":"https:\/\/sabanadelamartours.com\/?post_type=product&#038;p=12142"},"modified":"2026-01-06T12:34:48","modified_gmt":"2026-01-06T12:34:48","slug":"experiencia-parasailing-con-recogida-en-hotel-punta-cana","status":"publish","type":"product","link":"https:\/\/sabanadelamartours.com\/es\/visita\/experiencia-parasailing-con-recogida-en-hotel-punta-cana\/","title":{"rendered":"Experiencia Parasailing con Recogida en Hotel :Punta Cana"},"content":{"rendered":"<p>A la hora que elijas, te recogeremos en tu hotel de Punta Cana y te llevaremos a las c\u00e1lidas aguas del Mar Caribe para vivir una aut\u00e9ntica aventura de parasailing. \u00bfEst\u00e1s preparado?<\/p>\n<p>Subiremos a una lancha r\u00e1pida con la que surcaremos las aguas y, mientras tanto, un instructor nos colocar\u00e1 el equipo de parasailing. La lancha coger\u00e1 velocidad y el parapente se abrir\u00e1 detr\u00e1s de nosotros mientras despegamos nuestros pies hacia el cielo. \u00a1Las vistas desde arriba son realmente incre\u00edbles!<\/p>\n<p>Este desaf\u00edo nos permitir\u00e1 tener una perspectiva extraordinaria de las aguas cristalinas de Punta Cana y de las extensas playas de arena fina y cocoteros. Durante media hora volaremos y planearemos como un p\u00e1jaro. \u00a1Nunca lo olvidar\u00e1!<\/p>\n<p>Por \u00faltimo, le llevaremos a tierra a bordo del barco y despu\u00e9s a su hotel.<\/p>","protected":false},"excerpt":{"rendered":"<div data-track=\"overview\" data-v-83a2b402=\"\">\n<section id=\"activity-overview\" class=\"activity-overview\" data-component=\"overview\" data-v-83a2b402=\"\" data-v-f3236c42=\"\">\n<p class=\"activity-overview__content\" data-test-id=\"activity-overview-content\" data-v-f3236c42=\"\">Viva una emocionante aventura de parasailing en Punta Cana. Disfrute de un subid\u00f3n de adrenalina con una vista de p\u00e1jaro de las aguas cristalinas del Mar Caribe mientras se desliza por encima. Recogida en el hotel incluida.<\/p>\n<\/section>\n<\/div>\n<div data-track=\"key-details\" data-v-83a2b402=\"\"><\/div>","protected":false},"featured_media":12473,"template":"","meta":[],"product_brand":[],"product_cat":[97],"product_tag":[101,102],"class_list":{"0":"post-12142","1":"product","2":"type-product","3":"status-publish","4":"has-post-thumbnail","6":"product_cat-dominican-republic","7":"product_tag-excursion","8":"product_tag-tour","10":"first","11":"instock","12":"shipping-taxable","13":"product-type-external"},"_links":{"self":[{"href":"https:\/\/sabanadelamartours.com\/es\/wp-json\/wp\/v2\/product\/12142","targetHints":{"allow":["GET"]}}],"collection":[{"href":"https:\/\/sabanadelamartours.com\/es\/wp-json\/wp\/v2\/product"}],"about":[{"href":"https:\/\/sabanadelamartours.com\/es\/wp-json\/wp\/v2\/types\/product"}],"version-history":[{"count":1,"href":"https:\/\/sabanadelamartours.com\/es\/wp-json\/wp\/v2\/product\/12142\/revisions"}],"predecessor-version":[{"id":18539,"href":"https:\/\/sabanadelamartours.com\/es\/wp-json\/wp\/v2\/product\/12142\/revisions\/18539"}],"wp:featuredmedia":[{"embeddable":true,"href":"https:\/\/sabanadelamartours.com\/es\/wp-json\/wp\/v2\/media\/12473"}],"wp:attachment":[{"href":"https:\/\/sabanadelamartours.com\/es\/wp-json\/wp\/v2\/media?parent=12142"}],"wp:term":[{"taxonomy":"product_brand","embeddable":true,"href":"https:\/\/sabanadelamartours.com\/es\/wp-json\/wp\/v2\/product_brand?post=12142"},{"taxonomy":"product_cat","embeddable":true,"href":"https:\/\/sabanadelamartours.com\/es\/wp-json\/wp\/v2\/product_cat?post=12142"},{"taxonomy":"product_tag","embeddable":true,"href":"https:\/\/sabanadelamartours.com\/es\/wp-json\/wp\/v2\/product_tag?post=12142"}],"curies":[{"name":"wp","href":"https:\/\/api.w.org\/{rel}","templated":true}]}}