{"id":12258,"date":"2025-12-18T10:44:29","date_gmt":"2025-12-18T10:44:29","guid":{"rendered":"https:\/\/sabanadelamartours.com\/?post_type=product&#038;p=12258"},"modified":"2026-02-10T03:07:39","modified_gmt":"2026-02-10T03:07:39","slug":"aventura-en-buggies-en-playa-rincon-de-samana","status":"publish","type":"product","link":"https:\/\/sabanadelamartours.com\/es\/visita\/aventura-en-buggies-en-playa-rincon-de-samana\/","title":{"rendered":"Aventura en Buggies en Playa Rinc\u00f3n desde Saman\u00e1"},"content":{"rendered":"<p>Aventura en Buggie: Vive la emoci\u00f3n de recorrer impresionantes paisajes en buggies, explorando los pintorescos caminos de la campi\u00f1a dominicana y disfrutando de la belleza de Playa Rinc\u00f3n. \u00a1Una experiencia \u00fanica que te dejar\u00e1 sin aliento! Playa Rinc\u00f3n: Rel\u00e1jese y b\u00e1\u00f1ese en las aguas cristalinas de Playa Rinc\u00f3n, una de las playas m\u00e1s bellas del Caribe. \u00a1Un para\u00edso que no te puedes perder! Parada cultural: Visite una aut\u00e9ntica casa dominicana para observar c\u00f3mo se elaboran el cacao y el caf\u00e9. Deleite sus sentidos con una explosi\u00f3n de sabores y aromas \u00fanicos. Diversi\u00f3n y descubrimiento: Esta excursi\u00f3n de medio d\u00eda est\u00e1 dise\u00f1ada para aquellos que buscan una mezcla perfecta de emoci\u00f3n, belleza natural y descubrimiento cultural. Un d\u00eda lleno de aventuras que recordar\u00e1 para siempre.<\/p>","protected":false},"excerpt":{"rendered":"<div data-track=\"overview\" data-v-83a2b402=\"\">\n<section id=\"activity-overview\" class=\"activity-overview\" data-component=\"overview\" data-v-83a2b402=\"\" data-v-f3236c42=\"\">\n<p class=\"activity-overview__content\" data-test-id=\"activity-overview-content\" data-v-f3236c42=\"\">Prep\u00e1rate para una aventura llena de adrenalina y diversi\u00f3n en la que explorar\u00e1s los buggies y la vibrante cultura de la Rep\u00fablica Dominicana.<\/p>\n<\/section>\n<\/div>\n<div data-track=\"key-details\" data-v-83a2b402=\"\"><\/div>","protected":false},"featured_media":12540,"template":"","meta":[],"product_brand":[],"product_cat":[97],"product_tag":[101,102],"class_list":{"0":"post-12258","1":"product","2":"type-product","3":"status-publish","4":"has-post-thumbnail","6":"product_cat-dominican-republic","7":"product_tag-excursion","8":"product_tag-tour","10":"first","11":"instock","12":"shipping-taxable","13":"product-type-external"},"_links":{"self":[{"href":"https:\/\/sabanadelamartours.com\/es\/wp-json\/wp\/v2\/product\/12258","targetHints":{"allow":["GET"]}}],"collection":[{"href":"https:\/\/sabanadelamartours.com\/es\/wp-json\/wp\/v2\/product"}],"about":[{"href":"https:\/\/sabanadelamartours.com\/es\/wp-json\/wp\/v2\/types\/product"}],"version-history":[{"count":2,"href":"https:\/\/sabanadelamartours.com\/es\/wp-json\/wp\/v2\/product\/12258\/revisions"}],"predecessor-version":[{"id":18887,"href":"https:\/\/sabanadelamartours.com\/es\/wp-json\/wp\/v2\/product\/12258\/revisions\/18887"}],"wp:featuredmedia":[{"embeddable":true,"href":"https:\/\/sabanadelamartours.com\/es\/wp-json\/wp\/v2\/media\/12540"}],"wp:attachment":[{"href":"https:\/\/sabanadelamartours.com\/es\/wp-json\/wp\/v2\/media?parent=12258"}],"wp:term":[{"taxonomy":"product_brand","embeddable":true,"href":"https:\/\/sabanadelamartours.com\/es\/wp-json\/wp\/v2\/product_brand?post=12258"},{"taxonomy":"product_cat","embeddable":true,"href":"https:\/\/sabanadelamartours.com\/es\/wp-json\/wp\/v2\/product_cat?post=12258"},{"taxonomy":"product_tag","embeddable":true,"href":"https:\/\/sabanadelamartours.com\/es\/wp-json\/wp\/v2\/product_tag?post=12258"}],"curies":[{"name":"wp","href":"https:\/\/api.w.org\/{rel}","templated":true}]}}