{"id":12392,"date":"2025-12-18T10:50:44","date_gmt":"2025-12-18T10:50:44","guid":{"rendered":"https:\/\/sabanadelamartours.com\/?post_type=product&#038;p=12392"},"modified":"2026-02-10T03:14:28","modified_gmt":"2026-02-10T03:14:28","slug":"visita-a-la-fabrica-de-ron-ron-barcerlo-con-degustacion-de-ron","status":"publish","type":"product","link":"https:\/\/sabanadelamartours.com\/es\/visita\/visita-a-la-fabrica-de-ron-ron-barcerlo-con-degustacion-de-ron\/","title":{"rendered":"Ron Barcerl\u00f3: Visita a la f\u00e1brica de ron con degustaci\u00f3n de ron"},"content":{"rendered":"<p>Ron Barcerl\u00f3: Visita a la f\u00e1brica de ron con degustaci\u00f3n de ron<\/p>\n<p>Visite la f\u00e1brica de ron Ron Barcel\u00f3, donde podr\u00e1 ver en directo el proceso de producci\u00f3n, conocer su historia y degustar excelentes productos. Disfrute de una experiencia \u00fanica proporcionada por una empresa respetuosa con el medio ambiente que se caracteriza por elaborar rones de primera calidad.<\/p>\n<p>En primer lugar, vea todo el proceso de producci\u00f3n donde visitar\u00e1 la bodega de envejecimiento para poder apreciar el proceso de evaporaci\u00f3n, despu\u00e9s el taller de barricas donde se prepara el raspado y el quemado antes del envejecimiento y, por \u00faltimo, el proceso de embotellado y envasado.<\/p>\n<p>Por \u00faltimo, vaya al centro de visitantes, vea el museo que detalla la historia del ron y encuentre el bar de degustaci\u00f3n y la tienda de recuerdos.<\/p>\n<p>Como alternativa, elija la opci\u00f3n Imperial y disfrute de una cata en el interior de la Bodega de A\u00f1ejamiento. Se trata de una visita de 90 minutos que le da acceso a un ron de primera calidad: el Ron Barcel\u00f3 Imperial. Tendr\u00e1 un gu\u00eda privado apasionado que le ense\u00f1ar\u00e1 a apreciar mejor el ron.<\/p>\n<p>Importante: Esta tarifa s\u00f3lo incluye la visita al interior de la f\u00e1brica, no proporcionamos transporte desde su ubicaci\u00f3n.<\/p>","protected":false},"excerpt":{"rendered":"<div data-track=\"overview\" data-v-83a2b402=\"\">\n<section id=\"activity-overview\" class=\"activity-overview\" data-component=\"overview\" data-v-83a2b402=\"\" data-v-f3236c42=\"\">\n<p class=\"activity-overview__content\" data-test-id=\"activity-overview-content\" data-v-f3236c42=\"\">Descubra c\u00f3mo se transforma la ca\u00f1a de az\u00facar dominicana en delicioso ron en esta visita a la f\u00e1brica de ron Ron Barcel\u00f3. Aprenda sobre la cosecha, la destilaci\u00f3n, el envejecimiento y deguste el galardonado producto.<\/p>\n<\/section>\n<\/div>\n<div data-track=\"key-details\" data-v-83a2b402=\"\"><\/div>","protected":false},"featured_media":12642,"template":"","meta":[],"product_brand":[],"product_cat":[97],"product_tag":[101,102],"class_list":{"0":"post-12392","1":"product","2":"type-product","3":"status-publish","4":"has-post-thumbnail","6":"product_cat-dominican-republic","7":"product_tag-excursion","8":"product_tag-tour","10":"first","11":"instock","12":"shipping-taxable","13":"product-type-external"},"_links":{"self":[{"href":"https:\/\/sabanadelamartours.com\/es\/wp-json\/wp\/v2\/product\/12392","targetHints":{"allow":["GET"]}}],"collection":[{"href":"https:\/\/sabanadelamartours.com\/es\/wp-json\/wp\/v2\/product"}],"about":[{"href":"https:\/\/sabanadelamartours.com\/es\/wp-json\/wp\/v2\/types\/product"}],"version-history":[{"count":2,"href":"https:\/\/sabanadelamartours.com\/es\/wp-json\/wp\/v2\/product\/12392\/revisions"}],"predecessor-version":[{"id":18894,"href":"https:\/\/sabanadelamartours.com\/es\/wp-json\/wp\/v2\/product\/12392\/revisions\/18894"}],"wp:featuredmedia":[{"embeddable":true,"href":"https:\/\/sabanadelamartours.com\/es\/wp-json\/wp\/v2\/media\/12642"}],"wp:attachment":[{"href":"https:\/\/sabanadelamartours.com\/es\/wp-json\/wp\/v2\/media?parent=12392"}],"wp:term":[{"taxonomy":"product_brand","embeddable":true,"href":"https:\/\/sabanadelamartours.com\/es\/wp-json\/wp\/v2\/product_brand?post=12392"},{"taxonomy":"product_cat","embeddable":true,"href":"https:\/\/sabanadelamartours.com\/es\/wp-json\/wp\/v2\/product_cat?post=12392"},{"taxonomy":"product_tag","embeddable":true,"href":"https:\/\/sabanadelamartours.com\/es\/wp-json\/wp\/v2\/product_tag?post=12392"}],"curies":[{"name":"wp","href":"https:\/\/api.w.org\/{rel}","templated":true}]}}