{"id":12463,"date":"2025-12-18T10:53:34","date_gmt":"2025-12-18T10:53:34","guid":{"rendered":"https:\/\/sabanadelamartours.com\/?post_type=product&#038;p=12463"},"modified":"2026-02-09T05:25:02","modified_gmt":"2026-02-09T05:25:02","slug":"cayo-arena-isla-paraiso-y-manglares-tour-2","status":"publish","type":"product","link":"https:\/\/sabanadelamartours.com\/es\/visita\/cayo-arena-isla-paraiso-y-manglares-tour-2\/","title":{"rendered":"AMBER COVE-TAINO BAY Excursi\u00f3n en Super Buggy"},"content":{"rendered":"<p>Su aventura comienza en el momento en que le recogen en Amber Cove o Taino Bay. Desde Amber Cove, es un breve trayecto de 2 minutos, y desde Taino Bay, un viaje r\u00e1pido de 12 minutos hasta nuestra estaci\u00f3n de Super Buggy. A la llegada, su gu\u00eda le dar\u00e1 instrucciones de seguridad y le equipar\u00e1 para el d\u00eda que le espera.<\/p>\n<p>Emb\u00e1rquese en un emocionante viaje de 75 minutos por el campo, pasando por pueblos dominicanos e impresionantes playas, y sum\u00e9rjase en la vibrante vida local y el impresionante paisaje natural.<\/p>\n<p>El viaje incluye una parada de 15 minutos en una f\u00e1brica de puros, donde le invitar\u00e1n a probar chupitos de MamaJuana y a disfrutar de una degustaci\u00f3n de chocolate-caf\u00e9 caliente, que le ofrecer\u00e1 una muestra de la tradici\u00f3n dominicana.<\/p>\n<p>A continuaci\u00f3n, una parada de 15 minutos en la playa le permitir\u00e1 darse un refrescante chapuz\u00f3n en las cristalinas aguas, una forma perfecta de refrescarse.<\/p>\n<div class=\"toggle-content__content toggle-content__content--expanded toggle-content__content--packable\" data-v-59485d64=\"\">\n<div data-test-id=\"activity-full-description-text\" data-v-5835c99c=\"\">La excursi\u00f3n concluye con el regreso al puerto de cruceros, ya sea Amber Cove o Taino Bay, como colof\u00f3n a un d\u00eda inolvidable de exploraci\u00f3n y diversi\u00f3n.<\/div>\n<\/div>\n<div class=\"toggle-content__label-placeholder\" data-v-59485d64=\"\"><\/div>","protected":false},"excerpt":{"rendered":"<div data-track=\"overview\" data-v-83a2b402=\"\">\n<section id=\"activity-overview\" class=\"activity-overview\" data-component=\"overview\" data-v-83a2b402=\"\" data-v-f3236c42=\"\">\n<p class=\"activity-overview__content\" data-test-id=\"activity-overview-content\" data-v-f3236c42=\"\">Explore la Rep\u00fablica Dominicana desde pueblos rurales hasta playas de arena dorada en una excursi\u00f3n en super buggy. Visita una f\u00e1brica tradicional de puros y prueba el caf\u00e9 y el chocolate locales.<\/p>\n<\/section>\n<\/div>\n<div data-track=\"key-details\" data-v-83a2b402=\"\"><\/div>","protected":false},"featured_media":11646,"template":"","meta":[],"product_brand":[],"product_cat":[97],"product_tag":[101,102],"class_list":{"0":"post-12463","1":"product","2":"type-product","3":"status-publish","4":"has-post-thumbnail","6":"product_cat-dominican-republic","7":"product_tag-excursion","8":"product_tag-tour","10":"first","11":"instock","12":"shipping-taxable","13":"product-type-external"},"_links":{"self":[{"href":"https:\/\/sabanadelamartours.com\/es\/wp-json\/wp\/v2\/product\/12463","targetHints":{"allow":["GET"]}}],"collection":[{"href":"https:\/\/sabanadelamartours.com\/es\/wp-json\/wp\/v2\/product"}],"about":[{"href":"https:\/\/sabanadelamartours.com\/es\/wp-json\/wp\/v2\/types\/product"}],"version-history":[{"count":1,"href":"https:\/\/sabanadelamartours.com\/es\/wp-json\/wp\/v2\/product\/12463\/revisions"}],"predecessor-version":[{"id":18488,"href":"https:\/\/sabanadelamartours.com\/es\/wp-json\/wp\/v2\/product\/12463\/revisions\/18488"}],"wp:featuredmedia":[{"embeddable":true,"href":"https:\/\/sabanadelamartours.com\/es\/wp-json\/wp\/v2\/media\/11646"}],"wp:attachment":[{"href":"https:\/\/sabanadelamartours.com\/es\/wp-json\/wp\/v2\/media?parent=12463"}],"wp:term":[{"taxonomy":"product_brand","embeddable":true,"href":"https:\/\/sabanadelamartours.com\/es\/wp-json\/wp\/v2\/product_brand?post=12463"},{"taxonomy":"product_cat","embeddable":true,"href":"https:\/\/sabanadelamartours.com\/es\/wp-json\/wp\/v2\/product_cat?post=12463"},{"taxonomy":"product_tag","embeddable":true,"href":"https:\/\/sabanadelamartours.com\/es\/wp-json\/wp\/v2\/product_tag?post=12463"}],"curies":[{"name":"wp","href":"https:\/\/api.w.org\/{rel}","templated":true}]}}