{"id":12485,"date":"2025-12-18T10:54:33","date_gmt":"2025-12-18T10:54:33","guid":{"rendered":"https:\/\/sabanadelamartours.com\/?post_type=product&#038;p=12485"},"modified":"2026-02-10T03:17:20","modified_gmt":"2026-02-10T03:17:20","slug":"descubriendo-las-islas-y-cascadas-de-samana","status":"publish","type":"product","link":"https:\/\/sabanadelamartours.com\/es\/visita\/descubriendo-las-islas-y-cascadas-de-samana\/","title":{"rendered":"Descubriendo Saman\u00e1: Islas y Cascadas"},"content":{"rendered":"<p>Descubra la Pen\u00ednsula de Saman\u00e1 en una inolvidable excursi\u00f3n de un d\u00eda desde Punta Cana, donde explorar\u00e1 sus tesoros naturales m\u00e1s destacados. Comenzando con la comodidad de un servicio de recogida en Punta Cana, Bayahibe o B\u00e1varo, te dirigir\u00e1s hacia la pintoresca zona de Miches, pasando por encantadores pueblos a lo largo del camino.<\/p>\n<p>Su aventura comienza en el pueblo de La Ca\u00f1ita, donde se embarcar\u00e1 en un emocionante viaje en barco hasta la pen\u00ednsula de Saman\u00e1. Una vez all\u00ed, te sumergir\u00e1s en la exuberante selva de monta\u00f1a a bordo de un cami\u00f3n safari, preparado para llevarte en un pintoresco viaje hasta la cascada El L\u00edmon.<\/p>\n<p>Disfrute de la emoci\u00f3n de un paseo a caballo por el paisaje tropical hasta llegar a la impresionante cascada El L\u00edmon, donde tendr\u00e1 la oportunidad de refrescarse en sus refrescantes aguas y maravillarse con su belleza natural.<\/p>\n<p>Tras esta revitalizante experiencia, regresar\u00e1 al muelle para disfrutar de un aut\u00e9ntico almuerzo dominicano, donde podr\u00e1 degustar sabores tradicionales que le transportar\u00e1n a la cultura local.<\/p>\n<p>La aventura contin\u00faa con un relajante crucero en catamar\u00e1n hasta Cayo Levanto, una joya paradis\u00edaca con playas de arena blanca y aguas cristalinas. Disfrute de 90 minutos de tiempo libre para nadar, tomar el sol o simplemente relajarse en este id\u00edlico entorno caribe\u00f1o.<\/p>\n<p>Al final de un d\u00eda lleno de experiencias emocionantes, regresar\u00e1 a La Ca\u00f1ita para tomar el autob\u00fas de vuelta a su alojamiento, llev\u00e1ndose consigo recuerdos inolvidables de su exploraci\u00f3n de la impresionante Pen\u00ednsula de Saman\u00e1.<\/p>","protected":false},"excerpt":{"rendered":"<div data-track=\"overview\" data-v-83a2b402=\"\">\n<section id=\"activity-overview\" class=\"activity-overview\" data-component=\"overview\" data-v-83a2b402=\"\" data-v-f3236c42=\"\">\n<p class=\"activity-overview__content\" data-test-id=\"activity-overview-content\" data-v-f3236c42=\"\">Saman\u00e1 te espera con los brazos abiertos, lista para cautivar tus sentidos y dejarte maravillado con su belleza natural. \u00a1Venga a descubrir el encanto donde la magia de la naturaleza le espera en cada rinc\u00f3n!<\/p>\n<\/section>\n<\/div>\n<div data-track=\"key-details\" data-v-83a2b402=\"\"><\/div>","protected":false},"featured_media":12736,"template":"","meta":[],"product_brand":[],"product_cat":[97],"product_tag":[101,102],"class_list":{"0":"post-12485","1":"product","2":"type-product","3":"status-publish","4":"has-post-thumbnail","6":"product_cat-dominican-republic","7":"product_tag-excursion","8":"product_tag-tour","10":"first","11":"instock","12":"shipping-taxable","13":"product-type-external"},"_links":{"self":[{"href":"https:\/\/sabanadelamartours.com\/es\/wp-json\/wp\/v2\/product\/12485","targetHints":{"allow":["GET"]}}],"collection":[{"href":"https:\/\/sabanadelamartours.com\/es\/wp-json\/wp\/v2\/product"}],"about":[{"href":"https:\/\/sabanadelamartours.com\/es\/wp-json\/wp\/v2\/types\/product"}],"version-history":[{"count":1,"href":"https:\/\/sabanadelamartours.com\/es\/wp-json\/wp\/v2\/product\/12485\/revisions"}],"predecessor-version":[{"id":18898,"href":"https:\/\/sabanadelamartours.com\/es\/wp-json\/wp\/v2\/product\/12485\/revisions\/18898"}],"wp:featuredmedia":[{"embeddable":true,"href":"https:\/\/sabanadelamartours.com\/es\/wp-json\/wp\/v2\/media\/12736"}],"wp:attachment":[{"href":"https:\/\/sabanadelamartours.com\/es\/wp-json\/wp\/v2\/media?parent=12485"}],"wp:term":[{"taxonomy":"product_brand","embeddable":true,"href":"https:\/\/sabanadelamartours.com\/es\/wp-json\/wp\/v2\/product_brand?post=12485"},{"taxonomy":"product_cat","embeddable":true,"href":"https:\/\/sabanadelamartours.com\/es\/wp-json\/wp\/v2\/product_cat?post=12485"},{"taxonomy":"product_tag","embeddable":true,"href":"https:\/\/sabanadelamartours.com\/es\/wp-json\/wp\/v2\/product_tag?post=12485"}],"curies":[{"name":"wp","href":"https:\/\/api.w.org\/{rel}","templated":true}]}}