{"id":12498,"date":"2025-12-18T10:54:54","date_gmt":"2025-12-18T10:54:54","guid":{"rendered":"https:\/\/sabanadelamartours.com\/?post_type=product&#038;p=12498"},"modified":"2026-01-06T13:10:24","modified_gmt":"2026-01-06T13:10:24","slug":"bavaro-punta-cana-city-tour-con-harley-modelos-e-scooters","status":"publish","type":"product","link":"https:\/\/sabanadelamartours.com\/es\/visita\/bavaro-punta-cana-city-tour-con-harley-modelos-e-scooters\/","title":{"rendered":"Bavaro Punta Cana: City Tour con modelos Harley E-Scooters"},"content":{"rendered":"<p>Un Tour \u00fanico y exclusivo en la zona, el \u00fanico Tour con Bicicletas El\u00e9ctricas Ecol\u00f3gicas y muy f\u00e1ciles de conducir. El tour es una visita guiada de aproximadamente 3 horas. Con el tour, visitar\u00e1s varios lugares para explorar, tomar fotos o comprar algunos regalos. La vibra y el ambiente son super divertidos y la atenci\u00f3n es muy personal porque los grupos son peque\u00f1os.<\/p>\n<p>Navegue por zonas con grandes paisajes y descubra todas las maravillas de B\u00e1varo y sus alrededores. En nuestra \u00faltima parada, tendr\u00e1 la oportunidad de disfrutar de un almuerzo t\u00edpicamente dominicano en el restaurante Yeya o de un c\u00f3ctel especial en el Mixology Bar.<\/p>\n<p>Si quieres celebrar alg\u00fan aniversario, despedida de soltero o cualquier evento con tus amigos y familiares ponnos a prueba.<\/p>\n<p>Se incluye el transporte de ida y vuelta a la mayor\u00eda de los complejos tur\u00edsticos y hoteles de la zona.<\/p>","protected":false},"excerpt":{"rendered":"<div data-track=\"overview\" data-v-83a2b402=\"\">\n<section id=\"activity-overview\" class=\"activity-overview\" data-component=\"overview\" data-v-83a2b402=\"\" data-v-f3236c42=\"\">\n<p class=\"activity-overview__content\" data-test-id=\"activity-overview-content\" data-v-f3236c42=\"\">Explore las joyas ocultas de B\u00e1varo y la zona centro con estilo en una bicicleta el\u00e9ctrica f\u00e1cil de conducir con varias paradas para disfrutar de lo que B\u00e1varo ofrece y hacer recuerdos inolvidables.<\/p>\n<\/section>\n<\/div>\n<div data-track=\"key-details\" data-v-83a2b402=\"\"><\/div>","protected":false},"featured_media":12759,"template":"","meta":[],"product_brand":[],"product_cat":[97],"product_tag":[101,102],"class_list":{"0":"post-12498","1":"product","2":"type-product","3":"status-publish","4":"has-post-thumbnail","6":"product_cat-dominican-republic","7":"product_tag-excursion","8":"product_tag-tour","10":"first","11":"instock","12":"shipping-taxable","13":"product-type-external"},"_links":{"self":[{"href":"https:\/\/sabanadelamartours.com\/es\/wp-json\/wp\/v2\/product\/12498","targetHints":{"allow":["GET"]}}],"collection":[{"href":"https:\/\/sabanadelamartours.com\/es\/wp-json\/wp\/v2\/product"}],"about":[{"href":"https:\/\/sabanadelamartours.com\/es\/wp-json\/wp\/v2\/types\/product"}],"version-history":[{"count":1,"href":"https:\/\/sabanadelamartours.com\/es\/wp-json\/wp\/v2\/product\/12498\/revisions"}],"predecessor-version":[{"id":18552,"href":"https:\/\/sabanadelamartours.com\/es\/wp-json\/wp\/v2\/product\/12498\/revisions\/18552"}],"wp:featuredmedia":[{"embeddable":true,"href":"https:\/\/sabanadelamartours.com\/es\/wp-json\/wp\/v2\/media\/12759"}],"wp:attachment":[{"href":"https:\/\/sabanadelamartours.com\/es\/wp-json\/wp\/v2\/media?parent=12498"}],"wp:term":[{"taxonomy":"product_brand","embeddable":true,"href":"https:\/\/sabanadelamartours.com\/es\/wp-json\/wp\/v2\/product_brand?post=12498"},{"taxonomy":"product_cat","embeddable":true,"href":"https:\/\/sabanadelamartours.com\/es\/wp-json\/wp\/v2\/product_cat?post=12498"},{"taxonomy":"product_tag","embeddable":true,"href":"https:\/\/sabanadelamartours.com\/es\/wp-json\/wp\/v2\/product_tag?post=12498"}],"curies":[{"name":"wp","href":"https:\/\/api.w.org\/{rel}","templated":true}]}}