{"id":12624,"date":"2025-12-18T10:59:57","date_gmt":"2025-12-18T10:59:57","guid":{"rendered":"https:\/\/sabanadelamartours.com\/?post_type=product&#038;p=12624"},"modified":"2026-02-10T03:30:34","modified_gmt":"2026-02-10T03:30:34","slug":"las-terrenas-los-haitises-bacardi-isla-cayo-levantado","status":"publish","type":"product","link":"https:\/\/sabanadelamartours.com\/es\/visita\/las-terrenas-los-haitises-bacardi-isla-cayo-levantado\/","title":{"rendered":"Las Terrenas: Los Haitises e Isla Bacard\u00ed (Cayo Levantado)"},"content":{"rendered":"<div class=\"wpb-content-wrapper\"><div class=\"vc_row wpb_row st bg-holder\"><div class='container'><div class='row'>\n\t<div class=\"wpb_column column_container col-md-12\"><div class=\"vc_column-inner wpb_wrapper\">\n\t\t\t[mkdf_section_title title_tag=\u201d\u201d disable_break_words=\u201dno\u201d subtitle_tag=\u201d\u201d text_font_weight=\u201d\u201d title=\u201dLos Haitises &amp; Isla Bacardi (Cayo Levantado) Desde Las Terrenas\u201d subtitle=\u201dEco Tours con Locales\u201d text=\u201dSi estas en Las Terrenas. Esta es la mejor excursi\u00f3n de un d\u00eda con almuerzo en Cayo Levantado. Recogida en Hoteles en Las Terrenas alrededor de las 8:00 Am y Finalizar de nuevo 5: 20 PM.\u201d]<div class=\"vc_btn3-container vc_btn3-inline vc_do_btn\" ><a class=\"vc_general vc_btn3 vc_btn3-size-md vc_btn3-shape-rounded vc_btn3-style-modern vc_btn3-color-green\" href=\"https:\/\/bookingadventures.tours\/booking.php?tour_id=be7de98d2703255b609767e6ac0770d5\" title=\"\" target=\"_blank\" rel=\"noopener\">RESERVAR AHORA<\/a><\/div><\/div>\n\t<\/div> \n<\/div><!--End .row--><\/div><!--End .container--><\/div><div class=\"vc_row wpb_row st bg-holder\"><div class='container'><div class='row'>\n\t<div class=\"wpb_column column_container col-md-12\"><div class=\"vc_column-inner wpb_wrapper\">\n\t\t\t\n\t<div class=\"wpb_text_column wpb_content_element\" >\n\t\t<div class=\"wpb_wrapper\">\n\t\t\t<h4><\/h4>\n<h2>Los Haitises e Isla Bacard\u00ed (Cayo Levantado) Desde Las Terrenas<\/h2>\n<h4><b><i>Visi\u00f3n general <\/i><\/b><\/h4>\n<p>Parque Nacional Los Haitises saliendo desde el Puerto de Saman\u00e1 m\u00e1s Almuerzo en la Isla Bacardi.  Venga con nosotros y visite el parque nacional m\u00e1s hermoso de la Rep\u00fablica Dominicana, visitando manglares, cuevas y la bah\u00eda de San Lorenzo, adem\u00e1s de cruzar la hermosa bah\u00eda de Saman\u00e1. Luego de vuelta a la zona de Saman\u00e1 para visitar la isla Bacardi, almorzar en la playa y nadar en una de las playas m\u00e1s bonitas de la bah\u00eda de Saman\u00e1.<\/p>\n<p>Despu\u00e9s de esta experiencia, regresar\u00e1 al puerto de Saman\u00e1.<\/p>\n<ul>\n<li style=\"font-weight: 400;\">Tasas incluidas<\/li>\n<li>Almuerzo en la isla de Bacardi incluido<\/li>\n<li style=\"font-weight: 400;\"><span style=\"font-weight: 400;\">La gu\u00eda proporciona instrucci\u00f3n y Supervisi\u00f3n<\/span><\/li>\n<\/ul>\n<p>&nbsp;<\/p>\n<h4><b>Inclusiones y exclusiones<\/b><\/h4>\n<p><b>Incluye<\/b><\/p>\n<ol>\n<li style=\"font-weight: 400;\">Excursi\u00f3n a Los Haitises + Cuevas y Pictograf\u00edas<\/li>\n<li>Almuerzo en Cayo Levantado (Isla Bacardi) si desea un tour similar: Los Haitises + Ca\u00f1o Hondo<\/li>\n<li style=\"font-weight: 400;\"><span style=\"font-weight: 400;\">Todos los impuestos, tasas y gastos de tramitaci\u00f3n<\/span><\/li>\n<li style=\"font-weight: 400;\"><span style=\"font-weight: 400;\">Impuestos locales<\/span><\/li>\n<li style=\"font-weight: 400;\"><span style=\"font-weight: 400;\">Bebidas<\/span><\/li>\n<li style=\"font-weight: 400;\"><span style=\"font-weight: 400;\">Todas las actividades<\/span><\/li>\n<li>Transporte<\/li>\n<li style=\"font-weight: 400;\"><span style=\"font-weight: 400;\">Gu\u00eda local<\/span><\/li>\n<\/ol>\n<p><b> Exclusiones<\/b><\/p>\n<ol>\n<li style=\"font-weight: 400;\"><span style=\"font-weight: 400;\">Propinas<\/span><\/li>\n<li style=\"font-weight: 400;\"><span style=\"font-weight: 400;\">Bebidas alcoh\u00f3licas<\/span><\/li>\n<\/ol>\n<p>&nbsp;<\/p>\n<h4><em><strong>Salida y regreso<\/strong><\/em><\/h4>\n<p><span style=\"font-weight: 400;\">El viajero obtendr\u00e1 un punto de encuentro tras el proceso de reserva. Los tours comienzan y terminan en nuestros puntos de encuentro.<\/span><\/p>\n<p>&nbsp;<\/p>\n<h2>Los Haitises e Isla Bacard\u00ed (Cayo Levantado) Desde Las Terrenas<\/h2>\n<h4><b><i>\u00bfQu\u00e9 esperar?<\/i><\/b><\/h4>\n<p><b><i>V<\/i><\/b>isita<strong> Parque Nacional de Los Haitises<\/strong> con un maravilloso almuerzo en<strong> Isla de Cayo Levantado<\/strong> y Nadar en la playa. Partiendo de Las Terrenas hacia\u00a0 <strong>Puerto de Saman\u00e1 y<\/strong> A bordo de un Barco o Catamar\u00e1n con un gu\u00eda local pasamos la bah\u00eda de Saman\u00e1 al lado de Sabana de la Mar para visitar uno de los parques nacionales m\u00e1s bellos de la Rep\u00fablica Dominicana. <em><strong>Parque Nacional de los Haitises<\/strong><\/em>.<\/p>\n<p>La excursi\u00f3n, organizada por \u201cBooking Adventures\u201d, comienza en el punto de encuentro fijado con el gu\u00eda tur\u00edstico. Ven con Booking Adventures y empieza a comprobar algunos manglares llenos de aves, colinas onduladas de exuberante vegetaci\u00f3n y cuevas de <em><strong>Parque Nacional de Los Haitises<\/strong><\/em>. Visitar la isla con aves alrededor. En la temporada de anidaci\u00f3n, incluso podemos ver a los polluelos Pelecanos en los nidos. Adentr\u00e1ndonos m\u00e1s en las Islas Rocosas y visitando las Cuevas con pictograf\u00edas y petrograf\u00edas de los ind\u00edgenas.<\/p>\n<p>Atraviese los manglares y desembarque en la abierta bah\u00eda de San Lorenzo, desde donde podr\u00e1 fotografiar el agreste paisaje forestal. Mire hacia el agua para divisar <em><strong>Manat\u00edes<\/strong><\/em>, crust\u00e1ceos y <em><strong>delfines.<\/strong><\/em><\/p>\n<h2><strong>Cuevas del Parque Nacional de Los Haitises<\/strong><\/h2>\n<div class=\"body-description secondary\">\n<p>El nombre del parque nacional procede de sus habitantes originales, los indios ta\u00ednos. En su lengua, \u201cHaitises\u201d se traduce como tierras altas o colinas, una referencia a las escarpadas formaciones geol\u00f3gicas de caliza del litoral. Avent\u00farese a adentrarse en el parque para explorar cuevas como la <em><strong>Cueva de la Arena<\/strong><\/em> y <strong><em>Cueva de la L\u00ednea.<\/em><\/strong><\/p>\n<p>Las cuevas de la reserva fueron utilizadas como refugio por los indios ta\u00ednos y, m\u00e1s tarde, para ocultar a los piratas. Busque los dibujos de los indios que decoran algunas de las paredes. Despu\u00e9s de visitar el Parque Nacional de Los Haitises regresaremos al puerto de Saman\u00e1 pasando por la bah\u00eda de Saman\u00e1 30 min y visitando la isla Bacardi. Tendremos un almuerzo t\u00edpico en la isla. \u00a1Si eres vegano no te preocupes tambi\u00e9n tenemos comida para ti!<\/p>\n<p>Despu\u00e9s de nadar toda la tarde y relajarse en la playa nuestro gu\u00eda tur\u00edstico fijar\u00e1 la hora para volver al puerto de Saman\u00e1.<\/p>\n<\/div>\n<p>En caso de que le guste este viaje m\u00e1s largo o m\u00e1s corto tenemos estas opciones:<\/p>\n<ol>\n<li>S\u00f3lo Los Haitises del Puerto de Saman\u00e1.<\/li>\n<li>Los Haitises + Ca\u00f1o Hondo desde el Puerto de Saman\u00e1.<\/li>\n<\/ol>\n<p>&nbsp;<\/p>\n<h4><em><strong>\u00bfQu\u00e9 debe llevar?<\/strong><\/em><\/h4>\n<ul>\n<li style=\"font-weight: 400;\"><span style=\"font-weight: 400;\">C\u00e1mara<\/span><\/li>\n<li style=\"font-weight: 400;\"><span style=\"font-weight: 400;\">Brotes repelentes<\/span><\/li>\n<li style=\"font-weight: 400;\"><span style=\"font-weight: 400;\">Crema solar<\/span><\/li>\n<li style=\"font-weight: 400;\"><span style=\"font-weight: 400;\">Sombrero<\/span><\/li>\n<li style=\"font-weight: 400;\"><span style=\"font-weight: 400;\">Pantalones c\u00f3modos<\/span><\/li>\n<li style=\"font-weight: 400;\"><span style=\"font-weight: 400;\">Calzado de senderismo para bosque<\/span><\/li>\n<li style=\"font-weight: 400;\"><span style=\"font-weight: 400;\">Sandalias a las zonas de primavera.<\/span><\/li>\n<li style=\"font-weight: 400;\"><span style=\"font-weight: 400;\">Ropa de ba\u00f1o<\/span><\/li>\n<\/ul>\n<p>&nbsp;<\/p>\n<h4><b><i>Recogida en el hotel <\/i><\/b><\/h4>\n<p><span style=\"font-weight: 400;\">Se ofrece recogida en el hotel desde Las Terrenas. <\/span><\/p>\n<p>&nbsp;<\/p>\n<p><b>Nota:<\/b><span style=\"font-weight: 400;\"> Si reserva dentro de las 24 horas anteriores a la hora de salida de la excursi\u00f3n, podemos organizar la recogida en el hotel con un cargo adicional. Una vez realizada la compra, le enviaremos toda la informaci\u00f3n de contacto (n\u00famero de tel\u00e9fono, direcci\u00f3n de correo electr\u00f3nico, etc.) para que nuestro gu\u00eda local organice la recogida.<\/span><\/p>\n<h4><b><i>Informaci\u00f3n adicional Confirmaci\u00f3n <\/i><\/b><\/h4>\n<ol>\n<li>Las entradas son el recibo despu\u00e9s de pagar este Tour. Puede mostrar el pago en su tel\u00e9fono.<\/li>\n<li style=\"font-weight: 400;\"><span style=\"font-weight: 400;\">El punto de encuentro se recibir\u00e1 despu\u00e9s del proceso de reserva.<\/span><\/li>\n<li style=\"font-weight: 400;\"><span style=\"font-weight: 400;\">Los ni\u00f1os deben ir acompa\u00f1ados de un adulto.<\/span><\/li>\n<li style=\"font-weight: 400;\"><span style=\"font-weight: 400;\"> No accesible en silla de ruedas <\/span><\/li>\n<li style=\"font-weight: 400;\"><span style=\"font-weight: 400;\">Los beb\u00e9s deben sentarse en el regazo <\/span><\/li>\n<li style=\"font-weight: 400;\"><span style=\"font-weight: 400;\">No recomendado para viajeros con problemas de espalda<\/span><\/li>\n<li style=\"font-weight: 400;\"><span style=\"font-weight: 400;\">No recomendado para embarazadas <\/span><\/li>\n<li style=\"font-weight: 400;\"><span style=\"font-weight: 400;\"> Sin problemas cardiacos ni otras enfermedades graves <\/span><\/li>\n<li style=\"font-weight: 400;\"><span style=\"font-weight: 400;\">La mayor\u00eda de los viajeros pueden participar<\/span><\/li>\n<\/ol>\n<h4><b><i>Pol\u00edtica de cancelaci\u00f3n<\/i><\/b><\/h4>\n<p>Para obtener un reembolso completo, lea nuestra Pol\u00edtica de cancelaci\u00f3n.\u00a0<a href=\"https:\/\/ticketswhales.com\/online-booking\/\" target=\"_blank\" rel=\"noopener\" data-saferedirecturl=\"https:\/\/www.google.com\/url?q=https:\/\/ticketswhales.com\/online-booking\/&amp;source=gmail&amp;ust=1672449202351000&amp;usg=AOvVaw1yAeVAPktmaVCqDujgUn90\">Pulse aqu\u00ed<\/a>. Se perder\u00e1n los fondos si se cancela la reserva el mismo d\u00eda del viaje.<\/p>\n\n\t\t<\/div>\n\t<\/div>\n<div class=\"vc_btn3-container vc_btn3-inline vc_do_btn\" ><a class=\"vc_general vc_btn3 vc_btn3-size-md vc_btn3-shape-rounded vc_btn3-style-modern vc_btn3-color-green\" href=\"https:\/\/bookingadventures.tours\/booking.php?tour_id=be7de98d2703255b609767e6ac0770d5\" title=\"\" target=\"_blank\" rel=\"noopener\">RESERVAR AHORA<\/a><\/div>\n\t<div class=\"wpb_video_widget wpb_content_element vc_clearfix   vc_video-aspect-ratio-169 vc_video-el-width-100 vc_video-align-left\" >\n\t\t<div class=\"wpb_wrapper\">\n\t\t\t<h2 class=\"wpb_heading wpb_video_heading\">Parque Nacional de Los Haitises<\/h2>\n\t\t\t<div class=\"wpb_video_wrapper\"><iframe title=\"Parque Nacional de Los Haitises Tours &amp; Excursions\" width=\"500\" height=\"281\" src=\"https:\/\/www.youtube.com\/embed\/vMI4Ou81cd4?feature=oembed\" frameborder=\"0\" allow=\"accelerometer; autoplay; clipboard-write; encrypted-media; gyroscope; picture-in-picture; web-share\" referrerpolicy=\"strict-origin-when-cross-origin\" allowfullscreen><\/iframe><\/div>\n\t\t<\/div>\n\t<\/div>\n<\/div>\n\t<\/div> \n<\/div><!--End .row--><\/div><!--End .container--><\/div>\n\t<div class=\"wpb_column column_container col-md-12\"><div class=\"vc_column-inner wpb_wrapper\">\n\t\t\t<div class=\"vc_btn3-container vc_btn3-inline vc_do_btn\" ><a class=\"vc_general vc_btn3 vc_btn3-size-md vc_btn3-shape-rounded vc_btn3-style-modern vc_btn3-color-green\" href=\"https:\/\/bookingadventures.tours\/booking.php?tour_id=be7de98d2703255b609767e6ac0770d5\" title=\"\" target=\"_blank\" rel=\"noopener\">RESERVAR AHORA<\/a><\/div><\/div>\n\t<\/div> \n<div class=\"vc_empty_space\"   style=\"height: 32px\"><span class=\"vc_empty_space_inner\"><\/span><\/div><div class=\"vc_row wpb_row st bg-holder\"><div class='container'><div class='row'><\/div><!--End .row--><\/div><!--End .container--><\/div>\n\t<div class=\"wpb_column column_container col-md-12\"><div class=\"vc_column-inner wpb_wrapper\">\n\t\t\t<\/div>\n\t<\/div> \n[mkdf_section_title title_tag=\u201d\u201d disable_break_words=\u201dno\u201d title=\u201dLos Haitises y Cayo Levantado\u201d]<div class=\"vc_empty_space\"   style=\"height: 32px\"><span class=\"vc_empty_space_inner\"><\/span><\/div><div class=\"vc_row wpb_row st bg-holder\"><div class='container'><div class='row'><\/div><!--End .row--><\/div><!--End .container--><\/div>\n\t<div class=\"wpb_column column_container col-md-12\"><div class=\"vc_column-inner wpb_wrapper\">\n\t\t\t<\/div>\n\t<\/div>\n<\/div>","protected":false},"excerpt":{"rendered":"<p id=\"tw-target-text\" class=\"tw-data-text tw-text-large tw-ta\" dir=\"ltr\" data-placeholder=\"Translation\"><span class=\"Y2IQFc\" lang=\"en\">Excursi\u00f3n a Los Haitises y Cayo Levantado desde Las Terrenas, Viaje Ecol\u00f3gico al Parque Nacional Los Haitises con un Gu\u00eda Tur\u00edstico Local. Visita a los Cayos del Parque Nacional Los Haitises, Manglares, Vegetaci\u00f3n, Observaci\u00f3n de Aves, Cuevas, Pictogramas y las zonas hist\u00f3ricas de Sabana de la Mar en el Parque Nacional Los Haitises. Despu\u00e9s de Los Haitises almorzamos en la playa de la Isla Bacardi. Reserve ahora Tour al Parque Nacional Los Haitises desde el puerto de Saman\u00e1 + Isla Bacard\u00ed (Cayo Levantado) con nosotros. <\/span><\/p>\n<p class=\"tw-data-text tw-text-large tw-ta\" dir=\"ltr\" data-placeholder=\"Translation\"><strong><span class=\"Y2IQFc\" lang=\"en\">Seleccione la fecha del Tour:<\/span><\/strong><\/p>","protected":false},"featured_media":12888,"template":"","meta":[],"product_brand":[],"product_cat":[115,156,157,158,117],"product_tag":[121,159,160,161,162,124,163,164,165,166,167,168,169,170,171,172,173,174,175,176,177,178,179,180,181,182,127,129,130,183],"class_list":{"0":"post-12624","1":"product","2":"type-product","3":"status-publish","4":"has-post-thumbnail","6":"product_cat-1-samana","7":"product_cat-boat-trip-los-haitises","8":"product_cat-los-haitises-terrenas","9":"product_cat-tours-excursions-los-haitises-national-park","10":"product_cat-tours-excursions-samana-bay-dominican-republic","11":"product_tag-bacardi-island","12":"product_tag-bacardi-island-tours","13":"product_tag-birdwatching","14":"product_tag-boat-tour","15":"product_tag-caves-los-haitises","16":"product_tag-cayo-levantado","17":"product_tag-cayo-levantado-tour","18":"product_tag-eco-tours","19":"product_tag-excursiones-a-los-haitises-y-cayo-levantado","20":"product_tag-haitises-park-and-cayo-levantado-island","21":"product_tag-los-haitises","22":"product_tag-los-haitises-and-cayo-levantado","23":"product_tag-los-haitises-excursiones","24":"product_tag-los-haitises-excursions","25":"product_tag-los-haitises-mapa","26":"product_tag-los-haitises-mas-cayo-levantado","27":"product_tag-los-haitises-national-park","28":"product_tag-los-haitises-national-park-map","29":"product_tag-los-haitises-national-park-mas-cayo-levantado","30":"product_tag-los-haitises-national-park-tour-from-las-terrenas","31":"product_tag-los-haitises-national-park-tour-from-samana-port-bacardi-island-cayo-levantado","32":"product_tag-los-haitises-national-park-tour-from-santo-domingo","33":"product_tag-los-haitises-park-tour-cayo-levantado-island","34":"product_tag-los-haitises-samana","35":"product_tag-los-haitises-y-cayo-levantado","36":"product_tag-sabana-de-la-mar","37":"product_tag-samana","38":"product_tag-samana-excursions","39":"product_tag-samana-tours","40":"product_tag-tour-los-haitises-national-park-cayo-levantado","42":"first","43":"instock","44":"sale","45":"sold-individually","46":"shipping-taxable","47":"product-type-external"},"_links":{"self":[{"href":"https:\/\/sabanadelamartours.com\/es\/wp-json\/wp\/v2\/product\/12624","targetHints":{"allow":["GET"]}}],"collection":[{"href":"https:\/\/sabanadelamartours.com\/es\/wp-json\/wp\/v2\/product"}],"about":[{"href":"https:\/\/sabanadelamartours.com\/es\/wp-json\/wp\/v2\/types\/product"}],"version-history":[{"count":2,"href":"https:\/\/sabanadelamartours.com\/es\/wp-json\/wp\/v2\/product\/12624\/revisions"}],"predecessor-version":[{"id":18908,"href":"https:\/\/sabanadelamartours.com\/es\/wp-json\/wp\/v2\/product\/12624\/revisions\/18908"}],"wp:featuredmedia":[{"embeddable":true,"href":"https:\/\/sabanadelamartours.com\/es\/wp-json\/wp\/v2\/media\/12888"}],"wp:attachment":[{"href":"https:\/\/sabanadelamartours.com\/es\/wp-json\/wp\/v2\/media?parent=12624"}],"wp:term":[{"taxonomy":"product_brand","embeddable":true,"href":"https:\/\/sabanadelamartours.com\/es\/wp-json\/wp\/v2\/product_brand?post=12624"},{"taxonomy":"product_cat","embeddable":true,"href":"https:\/\/sabanadelamartours.com\/es\/wp-json\/wp\/v2\/product_cat?post=12624"},{"taxonomy":"product_tag","embeddable":true,"href":"https:\/\/sabanadelamartours.com\/es\/wp-json\/wp\/v2\/product_tag?post=12624"}],"curies":[{"name":"wp","href":"https:\/\/api.w.org\/{rel}","templated":true}]}}