{"id":12647,"date":"2025-12-18T11:00:58","date_gmt":"2025-12-18T11:00:58","guid":{"rendered":"https:\/\/sabanadelamartours.com\/?post_type=product&#038;p=12647"},"modified":"2026-02-11T03:46:17","modified_gmt":"2026-02-11T03:46:17","slug":"punta-cana-tour-en-buggy-con-playa-y-cenote","status":"publish","type":"product","link":"https:\/\/sabanadelamartours.com\/es\/visita\/punta-cana-tour-en-buggy-con-playa-y-cenote\/","title":{"rendered":"Punta Cana: Excursi\u00f3n en Buggy con Playa y Cenote"},"content":{"rendered":"<h4 class=\"product_title entry-title\">Punta Cana: Excursi\u00f3n en Buggy con Playa y Cenote<\/h4>\n<p>Emb\u00e1rquese en un emocionante viaje a trav\u00e9s de los diversos paisajes de Punta Cana con nuestra Aventura en Buggy. Este tour ofrece una mezcla \u00fanica de emoci\u00f3n, belleza natural e inmersi\u00f3n cultural, convirti\u00e9ndolo en una experiencia inolvidable.<\/p>\n<p>Inicio de la aventura:<\/p>\n<p>Recogida en el hotel: Su aventura comienza con una c\u00f3moda recogida en su hotel de Punta Cana. Nuestro amable equipo le dar\u00e1 la bienvenida y le transportar\u00e1 al punto de partida de la excursi\u00f3n.<\/p>\n<p>Instrucciones de seguridad: A su llegada al rancho, recibir\u00e1 un completo briefing de seguridad e instrucciones sobre el manejo de los buggies. Tanto si eliges un buggy de dos plazas como uno de cuatro, disfrutar\u00e1s de un paseo c\u00f3modo y seguro.<\/p>\n<p>Explorar Punta Cana:<\/p>\n<p>Conduzca por el campo: Tome el control de su buggy y emprenda un emocionante paseo por la campi\u00f1a dominicana. Sienta la fuerza del viento y la emoci\u00f3n de navegar por diversos terrenos.<\/p>\n<p>Playa de Macao: Llegue a la impresionante playa de Macao, conocida por sus aguas cristalinas y sus arenas inmaculadas. Aqu\u00ed, podr\u00e1 acelerar sus buggies a lo largo de la orilla, creando momentos inolvidables.<\/p>\n<p>Experiencia cultural:<\/p>\n<p>Ranchos locales: Visite ranchos locales donde aprender\u00e1 sobre la producci\u00f3n de los productos clave de la Rep\u00fablica Dominicana: caf\u00e9, cacao y tabaco. Relaci\u00f3nese con los agricultores locales, comprenda sus procesos y pruebe productos aut\u00e9nticos.<\/p>\n<p>Comprar recuerdos: Aproveche la oportunidad para comprar productos de caf\u00e9, cacao y tabaco reci\u00e9n hechos, perfectos para llevarse un pedazo de la cultura dominicana a casa.<\/p>\n<p>Escapada natural:<\/p>\n<p>Nadar en un cenote: La aventura contin\u00faa mientras se dirige a un cenote escondido. Sum\u00e9rgete en las refrescantes aguas de esta piscina natural, rodeada de exuberante vegetaci\u00f3n y serena belleza.<\/p>\n<p>Conclusi\u00f3n del Tour:<\/p>\n<p>Viaje de regreso: Despu\u00e9s de unas 4 horas de aventura, exploraci\u00f3n y diversi\u00f3n, volver\u00e1s en coche al rancho.<\/p>\n<p>Traslado al hotel: Nuestro equipo le llevar\u00e1 de vuelta a su hotel, donde podr\u00e1 relajarse y rememorar las emocionantes experiencias del d\u00eda.<\/p>\n<div class=\"toggle-content__content toggle-content__content--expanded toggle-content__content--packable\" data-v-59485d64=\"\">\n<div data-test-id=\"activity-full-description-text\" data-v-5835c99c=\"\">Esta Aventura en Buggy en Punta Cana es m\u00e1s que una excursi\u00f3n; es una oportunidad para conectar con la naturaleza, experimentar la cultura local y sentir la adrenalina de la conducci\u00f3n todoterreno. Perfecto tanto para los amantes de la aventura como para los entusiastas de la cultura, este tour promete un d\u00eda lleno de emociones y descubrimientos.<\/div>\n<\/div>\n<div class=\"toggle-content__label-placeholder\" data-v-59485d64=\"\"><\/div>","protected":false},"excerpt":{"rendered":"<div data-track=\"overview\" data-v-83a2b402=\"\">\n<section id=\"activity-overview\" class=\"activity-overview\" data-component=\"overview\" data-v-83a2b402=\"\" data-v-f3236c42=\"\">\n<p class=\"activity-overview__content\" data-test-id=\"activity-overview-content\" data-v-f3236c42=\"\">Emb\u00e1rquese en una emocionante aventura en buggy en Punta Cana, explorando la pintoresca playa de Macao, adentr\u00e1ndose en la cultura local en ranchos tradicionales y refresc\u00e1ndose en un sereno cenote.<\/p>\n<\/section>\n<\/div>\n<div data-track=\"key-details\" data-v-83a2b402=\"\"><\/div>","protected":false},"featured_media":12913,"template":"","meta":[],"product_brand":[],"product_cat":[97],"product_tag":[101,102],"class_list":{"0":"post-12647","1":"product","2":"type-product","3":"status-publish","4":"has-post-thumbnail","6":"product_cat-dominican-republic","7":"product_tag-excursion","8":"product_tag-tour","10":"first","11":"instock","12":"shipping-taxable","13":"product-type-external"},"_links":{"self":[{"href":"https:\/\/sabanadelamartours.com\/es\/wp-json\/wp\/v2\/product\/12647","targetHints":{"allow":["GET"]}}],"collection":[{"href":"https:\/\/sabanadelamartours.com\/es\/wp-json\/wp\/v2\/product"}],"about":[{"href":"https:\/\/sabanadelamartours.com\/es\/wp-json\/wp\/v2\/types\/product"}],"version-history":[{"count":1,"href":"https:\/\/sabanadelamartours.com\/es\/wp-json\/wp\/v2\/product\/12647\/revisions"}],"predecessor-version":[{"id":18909,"href":"https:\/\/sabanadelamartours.com\/es\/wp-json\/wp\/v2\/product\/12647\/revisions\/18909"}],"wp:featuredmedia":[{"embeddable":true,"href":"https:\/\/sabanadelamartours.com\/es\/wp-json\/wp\/v2\/media\/12913"}],"wp:attachment":[{"href":"https:\/\/sabanadelamartours.com\/es\/wp-json\/wp\/v2\/media?parent=12647"}],"wp:term":[{"taxonomy":"product_brand","embeddable":true,"href":"https:\/\/sabanadelamartours.com\/es\/wp-json\/wp\/v2\/product_brand?post=12647"},{"taxonomy":"product_cat","embeddable":true,"href":"https:\/\/sabanadelamartours.com\/es\/wp-json\/wp\/v2\/product_cat?post=12647"},{"taxonomy":"product_tag","embeddable":true,"href":"https:\/\/sabanadelamartours.com\/es\/wp-json\/wp\/v2\/product_tag?post=12647"}],"curies":[{"name":"wp","href":"https:\/\/api.w.org\/{rel}","templated":true}]}}