{"id":12648,"date":"2025-12-18T11:00:58","date_gmt":"2025-12-18T11:00:58","guid":{"rendered":"https:\/\/sabanadelamartours.com\/?post_type=product&#038;p=12648"},"modified":"2026-01-06T14:32:27","modified_gmt":"2026-01-06T14:32:27","slug":"punta-cana-tour-en-buggy-macao-increible-playa-cenote","status":"publish","type":"product","link":"https:\/\/sabanadelamartours.com\/es\/visita\/punta-cana-tour-en-buggy-macao-increible-playa-cenote\/","title":{"rendered":"Bayahibe: Paseo por la selva del Parque Nacional y buceo en cenotes"},"content":{"rendered":"<p>Descubra la et\u00e9rea forma en que la luz juega con el agua de un azul sorprendente y se refleja en las paredes de los Cenotes Chicho en esta excursi\u00f3n guiada que incluye recogida en el hotel y regreso a Bayahibe. Explore el mundo submarino con el equipo de snorkel incluido.<\/p>\n<p>La recogida es directamente desde su hotel en Dominicus (los vacacionistas de Bayahibe o el Hotel Hilton caminar\u00e1n hasta nuestro centro de buceo ~10\u2032) y podr\u00e1 relajarse durante el traslado en el taxi. Comience una caminata por un sendero marcado en el Parque Nacional Cotubanama, admirando la brillante flora y fauna a lo largo del camino a los cenotes.<\/p>\n<p>Encienda la linterna y descienda a la cueva, que tiene una amplia entrada. Al final de la escalera, refr\u00e9squese en agua a 25\u00b0C (77\u00b0F). Disfruta de la belleza del lugar, con sus estalactitas, estalagmitas y columnas.<\/p>\n<div class=\"toggle-content__content toggle-content__content--expanded toggle-content__content--packable\" data-v-59485d64=\"\">\n<div data-test-id=\"activity-full-description-text\" data-v-5835c99c=\"\">As\u00f3mese bajo las olas de este manantial de agua dulce que es un lugar sagrado para los antiguos habitantes de La Espa\u00f1ola. Una vez refrescado, regrese a trav\u00e9s de la selva hasta el aparcamiento. Disfrute de un aperitivo antes de regresar a su alojamiento en Bayahibe.<\/div>\n<\/div>\n<div class=\"toggle-content__label-placeholder\" data-v-59485d64=\"\"><\/div>","protected":false},"excerpt":{"rendered":"<div data-track=\"overview\" data-v-83a2b402=\"\">\n<section id=\"activity-overview\" class=\"activity-overview\" data-component=\"overview\" data-v-83a2b402=\"\" data-v-f3236c42=\"\">\n<p class=\"activity-overview__content\" data-test-id=\"activity-overview-content\" data-v-f3236c42=\"\">Viaje desde Bayahibe para recorrer la exuberante selva del Parque Nacional de Cotubanama. Practica snorkel en Cenotes Chicho piscina natural de aguas cristalinas bajo estalactitas y estalagmitas.<\/p>\n<\/section>\n<\/div>\n<div data-track=\"key-details\" data-v-83a2b402=\"\"><\/div>","protected":false},"featured_media":11742,"template":"","meta":[],"product_brand":[],"product_cat":[97],"product_tag":[101,102],"class_list":{"0":"post-12648","1":"product","2":"type-product","3":"status-publish","4":"has-post-thumbnail","6":"product_cat-dominican-republic","7":"product_tag-excursion","8":"product_tag-tour","10":"first","11":"instock","12":"shipping-taxable","13":"product-type-external"},"_links":{"self":[{"href":"https:\/\/sabanadelamartours.com\/es\/wp-json\/wp\/v2\/product\/12648","targetHints":{"allow":["GET"]}}],"collection":[{"href":"https:\/\/sabanadelamartours.com\/es\/wp-json\/wp\/v2\/product"}],"about":[{"href":"https:\/\/sabanadelamartours.com\/es\/wp-json\/wp\/v2\/types\/product"}],"version-history":[{"count":2,"href":"https:\/\/sabanadelamartours.com\/es\/wp-json\/wp\/v2\/product\/12648\/revisions"}],"predecessor-version":[{"id":18562,"href":"https:\/\/sabanadelamartours.com\/es\/wp-json\/wp\/v2\/product\/12648\/revisions\/18562"}],"wp:featuredmedia":[{"embeddable":true,"href":"https:\/\/sabanadelamartours.com\/es\/wp-json\/wp\/v2\/media\/11742"}],"wp:attachment":[{"href":"https:\/\/sabanadelamartours.com\/es\/wp-json\/wp\/v2\/media?parent=12648"}],"wp:term":[{"taxonomy":"product_brand","embeddable":true,"href":"https:\/\/sabanadelamartours.com\/es\/wp-json\/wp\/v2\/product_brand?post=12648"},{"taxonomy":"product_cat","embeddable":true,"href":"https:\/\/sabanadelamartours.com\/es\/wp-json\/wp\/v2\/product_cat?post=12648"},{"taxonomy":"product_tag","embeddable":true,"href":"https:\/\/sabanadelamartours.com\/es\/wp-json\/wp\/v2\/product_tag?post=12648"}],"curies":[{"name":"wp","href":"https:\/\/api.w.org\/{rel}","templated":true}]}}