{"id":12658,"date":"2025-12-18T11:01:22","date_gmt":"2025-12-18T11:01:22","guid":{"rendered":"https:\/\/sabanadelamartours.com\/?post_type=product&#038;p=12658"},"modified":"2026-02-11T03:47:32","modified_gmt":"2026-02-11T03:47:32","slug":"excursion-a-la-isla-saona-catamaran-lancha-rapida-todo-incluido","status":"publish","type":"product","link":"https:\/\/sabanadelamartours.com\/es\/visita\/excursion-a-la-isla-saona-catamaran-lancha-rapida-todo-incluido\/","title":{"rendered":"Excursi\u00f3n Isla Saona: Catamar\u00e1n y lancha r\u00e1pida - Todo incluido"},"content":{"rendered":"<p><strong>Excursi\u00f3n a la Isla Saona: Catamar\u00e1n y lancha r\u00e1pida - Todo incluido<\/strong><\/p>\n<p>\u00a1La excursi\u00f3n a la isla Saona es una experiencia para toda la vida! Este es un tour que tienes que hacer, disfruta de este para\u00edso en Saona.<\/p>\n<p>Su excursi\u00f3n a la Isla Saona comenzar\u00e1 con una c\u00f3moda recogida en el hotel y el transporte a Bayahibe. Una vez all\u00ed, embarcar\u00e1 en una lancha r\u00e1pida para un emocionante viaje a la Isla Saona, navegando por el hermoso Mar Caribe. En ruta, tendr\u00e1 la oportunidad de parar y relajarse en una impresionante piscina natural durante 45 minutos. Despu\u00e9s de la parada, el viaje continuar\u00e1 hasta llegar a la Isla Saona, donde dispondr\u00e1 de aproximadamente 3 horas y 30 minutos para disfrutar de la belleza y las actividades de la isla.<\/p>\n<p>Aproximadamente a las 14:35, embarcar\u00e1 en un lujoso catamar\u00e1n para regresar a Bayahibe. Durante 1 hora y 30 minutos en el catamar\u00e1n, podr\u00e1 sumergirse en un animado ambiente de fiesta y disfrutar bailando con nuestra entretenida animaci\u00f3n. Una vez de vuelta en Bayahibe, nuestro transporte le estar\u00e1 esperando para llevarle c\u00f3modamente de vuelta a su hotel.<\/p>\n<p>Esta excursi\u00f3n de d\u00eda completo se realiza a diario y suele durar unas 10 horas, lo que le ofrece tiempo de sobra para empaparse de la belleza y las experiencias de la isla Saona.<\/p>\n<div class=\"toggle-content__label-placeholder\" data-v-59485d64=\"\"><\/div>","protected":false},"excerpt":{"rendered":"<div data-track=\"overview\" data-v-83a2b402=\"\">\n<section id=\"activity-overview\" class=\"activity-overview\" data-component=\"overview\" data-v-83a2b402=\"\" data-v-f3236c42=\"\">\n<p class=\"activity-overview__content\" data-test-id=\"activity-overview-content\" data-v-f3236c42=\"\">La isla Saona es como el para\u00edso en la tierra, rodeada de playas de arena blanca, aguas cristalinas de color turquesa e innumerables palmeras que invitan a relajarse.<\/p>\n<\/section>\n<\/div>\n<div data-track=\"key-details\" data-v-83a2b402=\"\"><\/div>","protected":false},"featured_media":12932,"template":"","meta":[],"product_brand":[],"product_cat":[97],"product_tag":[101,102],"class_list":{"0":"post-12658","1":"product","2":"type-product","3":"status-publish","4":"has-post-thumbnail","6":"product_cat-dominican-republic","7":"product_tag-excursion","8":"product_tag-tour","10":"first","11":"instock","12":"shipping-taxable","13":"product-type-external"},"_links":{"self":[{"href":"https:\/\/sabanadelamartours.com\/es\/wp-json\/wp\/v2\/product\/12658","targetHints":{"allow":["GET"]}}],"collection":[{"href":"https:\/\/sabanadelamartours.com\/es\/wp-json\/wp\/v2\/product"}],"about":[{"href":"https:\/\/sabanadelamartours.com\/es\/wp-json\/wp\/v2\/types\/product"}],"version-history":[{"count":1,"href":"https:\/\/sabanadelamartours.com\/es\/wp-json\/wp\/v2\/product\/12658\/revisions"}],"predecessor-version":[{"id":18910,"href":"https:\/\/sabanadelamartours.com\/es\/wp-json\/wp\/v2\/product\/12658\/revisions\/18910"}],"wp:featuredmedia":[{"embeddable":true,"href":"https:\/\/sabanadelamartours.com\/es\/wp-json\/wp\/v2\/media\/12932"}],"wp:attachment":[{"href":"https:\/\/sabanadelamartours.com\/es\/wp-json\/wp\/v2\/media?parent=12658"}],"wp:term":[{"taxonomy":"product_brand","embeddable":true,"href":"https:\/\/sabanadelamartours.com\/es\/wp-json\/wp\/v2\/product_brand?post=12658"},{"taxonomy":"product_cat","embeddable":true,"href":"https:\/\/sabanadelamartours.com\/es\/wp-json\/wp\/v2\/product_cat?post=12658"},{"taxonomy":"product_tag","embeddable":true,"href":"https:\/\/sabanadelamartours.com\/es\/wp-json\/wp\/v2\/product_tag?post=12658"}],"curies":[{"name":"wp","href":"https:\/\/api.w.org\/{rel}","templated":true}]}}