{"id":12701,"date":"2025-12-18T11:02:56","date_gmt":"2025-12-18T11:02:56","guid":{"rendered":"https:\/\/sabanadelamartours.com\/?post_type=product&#038;p=12701"},"modified":"2026-01-06T14:38:11","modified_gmt":"2026-01-06T14:38:11","slug":"tour-de-snorkel-playa-sosua-dia","status":"publish","type":"product","link":"https:\/\/sabanadelamartours.com\/es\/visita\/tour-de-snorkel-playa-sosua-dia\/","title":{"rendered":"Excursi\u00f3n de snorkel y d\u00eda de playa en Sosua"},"content":{"rendered":"<p><strong>Excursi\u00f3n de snorkel y d\u00eda de playa en Sosua<\/strong><\/p>\n<p>Un taxi le recoger\u00e1 en su alojamiento. Comience la excursi\u00f3n en la bah\u00eda de Sos\u00faa, donde le dar\u00e1n la bienvenida unas aguas c\u00e1lidas y cristalinas y una playa de arena de 1 km de longitud. Antes de subir a la embarcaci\u00f3n, se le proporcionar\u00e1 una m\u00e1scara, aletas y un chaleco hinchable para practicar snorkel. El gu\u00eda le dar\u00e1 todas las instrucciones necesarias para la excursi\u00f3n de snorkel.<\/p>\n<p>El primer punto de snorkel es en las Tres Rocas y luego se dirigir\u00e1 de nuevo a la Bah\u00eda de Sosua para su segundo arrecife.<\/p>\n<div class=\"toggle-content__content toggle-content__content--expanded toggle-content__content--packable\" data-v-59485d64=\"\">\n<div data-test-id=\"activity-full-description-text\" data-v-5835c99c=\"\">Despu\u00e9s de la excursi\u00f3n de snorkel, se le proporcionar\u00e1 una tumbona en la playa de Sosua para que pueda relajarse, nadar y disfrutar del hermoso paisaje. La playa de Sosua ofrece una gran cantidad de tiendas, bares y restaurantes - usted tendr\u00e1 tiempo para ir de compras, comer y beber (por su propia cuenta).<\/div>\n<div data-test-id=\"activity-full-description-text\" data-v-5835c99c=\"\"><\/div>\n<\/div>\n<div class=\"toggle-content__label-placeholder\" data-v-59485d64=\"\">Disfrute del mundo submarino en Sosua, en barco, le llevar\u00e1n a dos arrecifes de snorkel diferentes. El equipo de snorkel y el instructor ser\u00e1n proporcionados. Despu\u00e9s del snorkel, disfrute del hermoso paisaje desde una tumbona.<\/div>\n<div data-v-59485d64=\"\">\n<div class=\"woocommerce-product-details__short-description\">\n<div data-track=\"key-details\" data-v-83a2b402=\"\"><\/div>\n<\/div>\n<\/div>","protected":false},"excerpt":{"rendered":"<div data-track=\"overview\" data-v-83a2b402=\"\">\n<section id=\"activity-overview\" class=\"activity-overview\" data-component=\"overview\" data-v-83a2b402=\"\" data-v-f3236c42=\"\">\n<p class=\"activity-overview__content\" data-test-id=\"activity-overview-content\" data-v-f3236c42=\"\">Disfrute del mundo submarino en Sosua, en barco le llevar\u00e1n a dos arrecifes de snorkel diferentes. El equipo de snorkel y el instructor ser\u00e1n proporcionados. Despu\u00e9s del snorkel, disfrute del hermoso paisaje desde una tumbona.<\/p>\n<\/section>\n<\/div>\n<div data-track=\"key-details\" data-v-83a2b402=\"\"><\/div>","protected":false},"featured_media":12967,"template":"","meta":[],"product_brand":[],"product_cat":[97],"product_tag":[101,102],"class_list":{"0":"post-12701","1":"product","2":"type-product","3":"status-publish","4":"has-post-thumbnail","6":"product_cat-dominican-republic","7":"product_tag-excursion","8":"product_tag-tour","10":"first","11":"instock","12":"shipping-taxable","13":"product-type-external"},"_links":{"self":[{"href":"https:\/\/sabanadelamartours.com\/es\/wp-json\/wp\/v2\/product\/12701","targetHints":{"allow":["GET"]}}],"collection":[{"href":"https:\/\/sabanadelamartours.com\/es\/wp-json\/wp\/v2\/product"}],"about":[{"href":"https:\/\/sabanadelamartours.com\/es\/wp-json\/wp\/v2\/types\/product"}],"version-history":[{"count":1,"href":"https:\/\/sabanadelamartours.com\/es\/wp-json\/wp\/v2\/product\/12701\/revisions"}],"predecessor-version":[{"id":18565,"href":"https:\/\/sabanadelamartours.com\/es\/wp-json\/wp\/v2\/product\/12701\/revisions\/18565"}],"wp:featuredmedia":[{"embeddable":true,"href":"https:\/\/sabanadelamartours.com\/es\/wp-json\/wp\/v2\/media\/12967"}],"wp:attachment":[{"href":"https:\/\/sabanadelamartours.com\/es\/wp-json\/wp\/v2\/media?parent=12701"}],"wp:term":[{"taxonomy":"product_brand","embeddable":true,"href":"https:\/\/sabanadelamartours.com\/es\/wp-json\/wp\/v2\/product_brand?post=12701"},{"taxonomy":"product_cat","embeddable":true,"href":"https:\/\/sabanadelamartours.com\/es\/wp-json\/wp\/v2\/product_cat?post=12701"},{"taxonomy":"product_tag","embeddable":true,"href":"https:\/\/sabanadelamartours.com\/es\/wp-json\/wp\/v2\/product_tag?post=12701"}],"curies":[{"name":"wp","href":"https:\/\/api.w.org\/{rel}","templated":true}]}}