{"id":12734,"date":"2025-12-18T11:04:11","date_gmt":"2025-12-18T11:04:11","guid":{"rendered":"https:\/\/sabanadelamartours.com\/?post_type=product&#038;p=12734"},"modified":"2025-12-19T10:17:58","modified_gmt":"2025-12-19T10:17:58","slug":"buggy-tour-dune-booguies-tours","status":"publish","type":"product","link":"https:\/\/sabanadelamartours.com\/es\/visita\/buggy-tour-dune-booguies-tours\/","title":{"rendered":"Aventura en lancha r\u00e1pida en Punta Cana"},"content":{"rendered":"<p>Prep\u00e1rese para una emocionante aventura oce\u00e1nica cerca de Punta Cana. En lugar de tener que reservar todos los deportes acu\u00e1ticos por separado, esta pr\u00e1ctica excursi\u00f3n incluye un viaje guiado en lancha r\u00e1pida y el alquiler de equipo de snorkel. En primer lugar, p\u00f3ngase al volante de su propia lancha r\u00e1pida y navegue por las aguas costeras con un gu\u00eda que le indicar\u00e1 el camino para que no se pierda. A continuaci\u00f3n, visite un fant\u00e1stico lugar para practicar snorkel que alberga peces tropicales y arrecifes de coral.<\/p>\n<p>Prep\u00e1rese para una emocionante aventura oce\u00e1nica cerca de Punta Cana. En lugar de tener que reservar todos los deportes acu\u00e1ticos por separado, esta pr\u00e1ctica excursi\u00f3n incluye un viaje guiado en lancha r\u00e1pida y el alquiler de equipo de snorkel. En primer lugar, p\u00f3ngase al volante de su propia lancha r\u00e1pida y navegue por las aguas costeras con un gu\u00eda que le indicar\u00e1 el camino para que no se pierda. A continuaci\u00f3n, visite un fant\u00e1stico lugar para practicar snorkel que alberga peces tropicales y arrecifes de coral.<\/p>","protected":false},"excerpt":{"rendered":"<div data-track=\"overview\" data-v-83a2b402=\"\">\n<section id=\"activity-overview\" class=\"activity-overview\" data-component=\"overview\" data-v-83a2b402=\"\" data-v-f3236c42=\"\">\n<p class=\"activity-overview__content\" data-test-id=\"activity-overview-content\" data-v-f3236c42=\"\">Prep\u00e1rese para una emocionante aventura oce\u00e1nica cerca de Punta Cana. En lugar de tomarte la molestia de reservar todos tus deportes acu\u00e1ticos por separado...<\/p>\n<\/section>\n<\/div>\n<div data-track=\"key-details\" data-v-83a2b402=\"\"><\/div>","protected":false},"featured_media":11823,"template":"","meta":[],"product_brand":[],"product_cat":[97],"product_tag":[101,102],"class_list":{"0":"post-12734","1":"product","2":"type-product","3":"status-publish","4":"has-post-thumbnail","6":"product_cat-dominican-republic","7":"product_tag-excursion","8":"product_tag-tour","10":"first","11":"instock","12":"shipping-taxable","13":"product-type-external"},"_links":{"self":[{"href":"https:\/\/sabanadelamartours.com\/es\/wp-json\/wp\/v2\/product\/12734","targetHints":{"allow":["GET"]}}],"collection":[{"href":"https:\/\/sabanadelamartours.com\/es\/wp-json\/wp\/v2\/product"}],"about":[{"href":"https:\/\/sabanadelamartours.com\/es\/wp-json\/wp\/v2\/types\/product"}],"version-history":[{"count":0,"href":"https:\/\/sabanadelamartours.com\/es\/wp-json\/wp\/v2\/product\/12734\/revisions"}],"wp:featuredmedia":[{"embeddable":true,"href":"https:\/\/sabanadelamartours.com\/es\/wp-json\/wp\/v2\/media\/11823"}],"wp:attachment":[{"href":"https:\/\/sabanadelamartours.com\/es\/wp-json\/wp\/v2\/media?parent=12734"}],"wp:term":[{"taxonomy":"product_brand","embeddable":true,"href":"https:\/\/sabanadelamartours.com\/es\/wp-json\/wp\/v2\/product_brand?post=12734"},{"taxonomy":"product_cat","embeddable":true,"href":"https:\/\/sabanadelamartours.com\/es\/wp-json\/wp\/v2\/product_cat?post=12734"},{"taxonomy":"product_tag","embeddable":true,"href":"https:\/\/sabanadelamartours.com\/es\/wp-json\/wp\/v2\/product_tag?post=12734"}],"curies":[{"name":"wp","href":"https:\/\/api.w.org\/{rel}","templated":true}]}}