{"id":12735,"date":"2025-12-18T11:04:11","date_gmt":"2025-12-18T11:04:11","guid":{"rendered":"https:\/\/sabanadelamartours.com\/?post_type=product&#038;p=12735"},"modified":"2026-01-06T10:45:53","modified_gmt":"2026-01-06T10:45:53","slug":"punta-cana-isla-saona-todo-incluido-catamaran-barra-libre-de-bebidas","status":"publish","type":"product","link":"https:\/\/sabanadelamartours.com\/es\/visita\/punta-cana-isla-saona-todo-incluido-catamaran-barra-libre-de-bebidas\/","title":{"rendered":"Punta Cana charter de pesca privado \u201cSherlock\u201d 39 \u2018"},"content":{"rendered":"<p>\u00a1No importa si esta es su primera experiencia de pesca en alta mar o usted es un viejo sal, Big Marlin charters es el m\u00e1s divertido que puede tener en el oc\u00e9ano! Tenemos nuestra base en la Rep\u00fablica Dominicana, Punta Cana - uno de los destinos tur\u00edsticos m\u00e1s bellos y populares del Caribe. Nuestros barcos de pesca est\u00e1 estacionado en el hermoso lugar de Punta Cana, a s\u00f3lo 15 minutos en coche del aeropuerto de Punta Cana. Bienvenido a bordo de nuestro barco de pesca privado \u201cSherlok\u201d 39 pies de largo y capacidad para 6 personas. El barco est\u00e1 equipado con equipos de primera clase para charters de pesca privada. ca\u00f1as profesionales de primera clase, carretes (Penn o Shimano) y se\u00f1uelos artificiales (Rapala, Williamson). Hemos seleccionado cada pieza con cuidado y profunda consideraci\u00f3n de la pesca con \u00e9xito. Silla de lucha Pompanette en la cubierta y Forward largo, con vistas a fly-bridge con entrenadores.<\/p>\n<p>C\u00f3moda y amplia tabla de nataci\u00f3n con escalera marina para facilitar el acceso al mar para practicar snorkel, nadar o relajarse despu\u00e9s de pescar.<\/p>\n<div class=\"toggle-content__content toggle-content__content--expanded toggle-content__content--packable\" data-v-59485d64=\"\">\n<div data-test-id=\"activity-full-description-text\" data-v-5835c99c=\"\">Navegado por el capit\u00e1n dominicano local con m\u00e1s de 17 a\u00f1os de experiencia exitosa y de habla Ingl\u00e9s un asistente de primer oficial.<\/div>\n<\/div>\n<div class=\"toggle-content__label-placeholder\" data-v-59485d64=\"\"><\/div>","protected":false},"excerpt":{"rendered":"<div data-track=\"overview\" data-v-83a2b402=\"\">\n<section id=\"activity-overview\" class=\"activity-overview\" data-component=\"overview\" data-v-83a2b402=\"\" data-v-f3236c42=\"\">\n<p class=\"activity-overview__content\" data-test-id=\"activity-overview-content\" data-v-f3236c42=\"\">Pesca de altura en Punta Cana. Ven a pescar con nosotros para el tama\u00f1o trofeo Blue Marlin, pez vela, at\u00fan, Mahi Mahi, experimentado capit\u00e1n local. Bebidas incluidas. Traslado incluido. No hay cargos ocultos.<\/p>\n<\/section>\n<\/div>\n<div data-track=\"key-details\" data-v-83a2b402=\"\"><\/div>","protected":false},"featured_media":11828,"template":"","meta":[],"product_brand":[],"product_cat":[97],"product_tag":[101,102],"class_list":{"0":"post-12735","1":"product","2":"type-product","3":"status-publish","4":"has-post-thumbnail","6":"product_cat-dominican-republic","7":"product_tag-excursion","8":"product_tag-tour","10":"first","11":"instock","12":"shipping-taxable","13":"product-type-external"},"_links":{"self":[{"href":"https:\/\/sabanadelamartours.com\/es\/wp-json\/wp\/v2\/product\/12735","targetHints":{"allow":["GET"]}}],"collection":[{"href":"https:\/\/sabanadelamartours.com\/es\/wp-json\/wp\/v2\/product"}],"about":[{"href":"https:\/\/sabanadelamartours.com\/es\/wp-json\/wp\/v2\/types\/product"}],"version-history":[{"count":1,"href":"https:\/\/sabanadelamartours.com\/es\/wp-json\/wp\/v2\/product\/12735\/revisions"}],"predecessor-version":[{"id":18499,"href":"https:\/\/sabanadelamartours.com\/es\/wp-json\/wp\/v2\/product\/12735\/revisions\/18499"}],"wp:featuredmedia":[{"embeddable":true,"href":"https:\/\/sabanadelamartours.com\/es\/wp-json\/wp\/v2\/media\/11828"}],"wp:attachment":[{"href":"https:\/\/sabanadelamartours.com\/es\/wp-json\/wp\/v2\/media?parent=12735"}],"wp:term":[{"taxonomy":"product_brand","embeddable":true,"href":"https:\/\/sabanadelamartours.com\/es\/wp-json\/wp\/v2\/product_brand?post=12735"},{"taxonomy":"product_cat","embeddable":true,"href":"https:\/\/sabanadelamartours.com\/es\/wp-json\/wp\/v2\/product_cat?post=12735"},{"taxonomy":"product_tag","embeddable":true,"href":"https:\/\/sabanadelamartours.com\/es\/wp-json\/wp\/v2\/product_tag?post=12735"}],"curies":[{"name":"wp","href":"https:\/\/api.w.org\/{rel}","templated":true}]}}