{"id":12745,"date":"2025-12-18T11:04:56","date_gmt":"2025-12-18T11:04:56","guid":{"rendered":"https:\/\/sabanadelamartours.com\/?post_type=product&#038;p=12745"},"modified":"2026-01-06T14:40:24","modified_gmt":"2026-01-06T14:40:24","slug":"desde-punta-canta-crucero-de-avistamiento-de-cetaceos-con-cayo-levantado","status":"publish","type":"product","link":"https:\/\/sabanadelamartours.com\/es\/visita\/desde-punta-canta-crucero-de-avistamiento-de-cetaceos-con-cayo-levantado\/","title":{"rendered":"Desde Punta Canta: Crucero de Avistamiento de Ballenas con Cayo Levantado"},"content":{"rendered":"<p><strong>Desde Punta Canta: Crucero de Avistamiento de Ballenas con Cayo Levantado<\/strong><\/p>\n<p>Salga de sus Hoteles a trav\u00e9s de la Llanura Oriental, entre verdes paisajes con grandes pastos y peque\u00f1os pueblos, entre la Monta\u00f1a y el Mar, para vivir esta inolvidable Aventura.<\/p>\n<p>Nuestra primera parada es en el Muelle de Las Ca\u00f1itas para embarcar en el barco que nos llevar\u00e1 al Santuario de las Ballenas Jorobadas, en una excursi\u00f3n mar\u00edtima de unas dos horas y media.<\/p>\n<p>Una vez finalizado el avistamiento, nos dirigiremos a Cayo Levantado o Isla Bacard\u00ed para disfrutar de un delicioso almuerzo t\u00edpico estilo buffet frente al mar. Despu\u00e9s del almuerzo, la tarde es para disfrutar de un refrescante ba\u00f1o en las cristalinas aguas de arena blanca o simplemente tumbarse bajo la sombra de los Cocoteros, disfrutando de una buena Cuba-Libre. Al finalizar el tiempo de playa en Cayo Levantado, embarcaremos de nuevo, cruzaremos la Bah\u00eda de Saman\u00e1 de regreso al Muelle de Las Ca\u00f1itas, y tomaremos el autob\u00fas para regresar a los hoteles de B\u00e1varo y Bayahibe.<\/p>\n<div class=\"woocommerce-product-details__short-description\">\n<div data-track=\"overview\" data-v-83a2b402=\"\">\n<section id=\"activity-overview\" class=\"activity-overview\" data-component=\"overview\" data-v-83a2b402=\"\" data-v-f3236c42=\"\">\n<p class=\"activity-overview__content\" data-test-id=\"activity-overview-content\" data-v-f3236c42=\"\">Observe ballenas jorobadas y navegue por las costas que bordean Saman\u00e1 y Miches en una excursi\u00f3n desde Bayahibe o Punta Canta. Visite Cayo Levantado para nadar y disfrutar de un almuerzo buf\u00e9 frente a las olas.<\/p>\n<\/section>\n<\/div>\n<div data-track=\"key-details\" data-v-83a2b402=\"\"><\/div>\n<\/div>","protected":false},"excerpt":{"rendered":"<div data-track=\"overview\" data-v-83a2b402=\"\">\n<section id=\"activity-overview\" class=\"activity-overview\" data-component=\"overview\" data-v-83a2b402=\"\" data-v-f3236c42=\"\">\n<p class=\"activity-overview__content\" data-test-id=\"activity-overview-content\" data-v-f3236c42=\"\">Observe ballenas jorobadas y navegue por las costas que bordean Saman\u00e1 y Miches en una excursi\u00f3n desde Bayahibe o Punta Canta. Visite Cayo Levantado para nadar y disfrutar de un almuerzo buf\u00e9 frente a las olas.<\/p>\n<\/section>\n<\/div>\n<div data-track=\"key-details\" data-v-83a2b402=\"\"><\/div>","protected":false},"featured_media":12986,"template":"","meta":[],"product_brand":[],"product_cat":[97],"product_tag":[101,102],"class_list":{"0":"post-12745","1":"product","2":"type-product","3":"status-publish","4":"has-post-thumbnail","6":"product_cat-dominican-republic","7":"product_tag-excursion","8":"product_tag-tour","10":"first","11":"instock","12":"shipping-taxable","13":"product-type-external"},"_links":{"self":[{"href":"https:\/\/sabanadelamartours.com\/es\/wp-json\/wp\/v2\/product\/12745","targetHints":{"allow":["GET"]}}],"collection":[{"href":"https:\/\/sabanadelamartours.com\/es\/wp-json\/wp\/v2\/product"}],"about":[{"href":"https:\/\/sabanadelamartours.com\/es\/wp-json\/wp\/v2\/types\/product"}],"version-history":[{"count":1,"href":"https:\/\/sabanadelamartours.com\/es\/wp-json\/wp\/v2\/product\/12745\/revisions"}],"predecessor-version":[{"id":18567,"href":"https:\/\/sabanadelamartours.com\/es\/wp-json\/wp\/v2\/product\/12745\/revisions\/18567"}],"wp:featuredmedia":[{"embeddable":true,"href":"https:\/\/sabanadelamartours.com\/es\/wp-json\/wp\/v2\/media\/12986"}],"wp:attachment":[{"href":"https:\/\/sabanadelamartours.com\/es\/wp-json\/wp\/v2\/media?parent=12745"}],"wp:term":[{"taxonomy":"product_brand","embeddable":true,"href":"https:\/\/sabanadelamartours.com\/es\/wp-json\/wp\/v2\/product_brand?post=12745"},{"taxonomy":"product_cat","embeddable":true,"href":"https:\/\/sabanadelamartours.com\/es\/wp-json\/wp\/v2\/product_cat?post=12745"},{"taxonomy":"product_tag","embeddable":true,"href":"https:\/\/sabanadelamartours.com\/es\/wp-json\/wp\/v2\/product_tag?post=12745"}],"curies":[{"name":"wp","href":"https:\/\/api.w.org\/{rel}","templated":true}]}}