{"id":12809,"date":"2025-12-18T11:07:15","date_gmt":"2025-12-18T11:07:15","guid":{"rendered":"https:\/\/sabanadelamartours.com\/?post_type=product&#038;p=12809"},"modified":"2025-12-18T11:16:46","modified_gmt":"2025-12-18T11:16:46","slug":"puerto-plata-city-tour-2","status":"publish","type":"product","link":"https:\/\/sabanadelamartours.com\/es\/visita\/puerto-plata-city-tour-2\/","title":{"rendered":"Puerto Plata City Tour"},"content":{"rendered":"<div class=\"toggle-content__content toggle-content__content--expanded toggle-content__content--packable\" data-v-59485d64=\"\">\n<div data-test-id=\"activity-full-description-text\" data-v-5835c99c=\"\"><strong>Puerto Plata City Tour\u00a0<\/strong><\/div>\n<div data-test-id=\"activity-full-description-text\" data-v-5835c99c=\"\"><\/div>\n<div data-test-id=\"activity-full-description-text\" data-v-5835c99c=\"\">\u201cEmb\u00e1rquese con nosotros en un viaje inolvidable por los encantadores paisajes de Puerto Plata. Nuestra inmersiva excursi\u00f3n le llevar\u00e1 a los siguientes cautivadores destinos:<\/div>\n<div data-test-id=\"activity-full-description-text\" data-v-5835c99c=\"\"><\/div>\n<div data-test-id=\"activity-full-description-text\" data-v-5835c99c=\"\">1. F\u00e1brica de ron Macorix: Sum\u00e9rjase en una visita guiada de 15 a 20 minutos dirigida por un experto responsable de la f\u00e1brica. Conozca la rica historia y la artesan\u00eda que hay detr\u00e1s del famoso ron Macorix.<\/div>\n<div data-test-id=\"activity-full-description-text\" data-v-5835c99c=\"\"><\/div>\n<div data-test-id=\"activity-full-description-text\" data-v-5835c99c=\"\">2. Vista panor\u00e1mica: Marav\u00edllese con las sobrecogedoras vistas que ofrecen una visi\u00f3n panor\u00e1mica de toda la ciudad y del emblem\u00e1tico telef\u00e9rico. Capture momentos impresionantes con el tel\u00f3n de fondo de este impresionante paisaje.<\/div>\n<div data-test-id=\"activity-full-description-text\" data-v-5835c99c=\"\"><\/div>\n<div data-test-id=\"activity-full-description-text\" data-v-5835c99c=\"\">3. \u00c1mbar y Larimar: Ad\u00e9ntrese en el mundo de las piedras preciosas dominicanas. Explore el encanto \u00fanico del \u00e1mbar y el larimar. Si no desea realizar esta visita, informe al conductor.<\/div>\n<div data-test-id=\"activity-full-description-text\" data-v-5835c99c=\"\"><\/div>\n<div data-test-id=\"activity-full-description-text\" data-v-5835c99c=\"\">4. F\u00e1brica de puros: Disfrute de una experiencia interactiva mientras es testigo directo del arte de liar puros. Enrolle su propio puro y disfrute de una deliciosa selecci\u00f3n a la venta.<\/div>\n<div data-test-id=\"activity-full-description-text\" data-v-5835c99c=\"\"><\/div>\n<div data-test-id=\"activity-full-description-text\" data-v-5835c99c=\"\">5. Tienda de regalos Joaquin: Descubre tesoros en la renombrada Tienda de Regalos Joaqu\u00edn, donde encontrar\u00e1s los recuerdos perfectos para tus seres queridos a precios tentadores.<\/div>\n<div data-test-id=\"activity-full-description-text\" data-v-5835c99c=\"\"><\/div>\n<div data-test-id=\"activity-full-description-text\" data-v-5835c99c=\"\">6. Paseo de Do\u00f1a Blanca, tambi\u00e9n conocido como Calle Rosa: Ad\u00e9ntrese en la historia del primer hotel de Puerto Plata y capte la elegancia atemporal de este emblem\u00e1tico destino. Este encantador lugar ofrece una gran variedad de oportunidades fotogr\u00e1ficas en medio de su cautivador entorno.<\/div>\n<div data-test-id=\"activity-full-description-text\" data-v-5835c99c=\"\"><\/div>\n<div data-test-id=\"activity-full-description-text\" data-v-5835c99c=\"\">7. Calle de los Paraguas: Sum\u00e9rjase en el vibrante ambiente de este pintoresco lugar, perfecto para capturar fotos impresionantes. Adem\u00e1s, del\u00e9itese con la visita a una f\u00e1brica de chocolate a peque\u00f1a escala, que a\u00f1adir\u00e1 un toque dulce a su memorable viaje.\u201d<\/div>\n<\/div>\n<div data-v-59485d64=\"\"><\/div>\n<div class=\"toggle-content__label-placeholder\" data-v-59485d64=\"\">\u00a1Disfrute con nosotros de una de las mejores experiencias y de lo mejor de nuestros lugares y nuestra cultura!<\/div>\n<div data-v-59485d64=\"\">\n<div class=\"woocommerce-product-details__short-description\">\n<div data-track=\"key-details\" data-v-83a2b402=\"\"><\/div>\n<\/div>\n<\/div>","protected":false},"excerpt":{"rendered":"<div data-track=\"overview\" data-v-83a2b402=\"\">\n<section id=\"activity-overview\" class=\"activity-overview\" data-component=\"overview\" data-v-83a2b402=\"\" data-v-f3236c42=\"\">\n<p class=\"activity-overview__content\" data-test-id=\"activity-overview-content\" data-v-f3236c42=\"\">\u00a1Disfrute con nosotros de una de las mejores experiencias y de lo mejor de nuestros lugares y nuestra cultura!<\/p>\n<\/section>\n<\/div>\n<div data-track=\"key-details\" data-v-83a2b402=\"\"><\/div>","protected":false},"featured_media":13021,"template":"","meta":[],"product_brand":[],"product_cat":[97],"product_tag":[101,102],"class_list":{"0":"post-12809","1":"product","2":"type-product","3":"status-publish","4":"has-post-thumbnail","6":"product_cat-dominican-republic","7":"product_tag-excursion","8":"product_tag-tour","10":"first","11":"instock","12":"shipping-taxable","13":"product-type-external"},"_links":{"self":[{"href":"https:\/\/sabanadelamartours.com\/es\/wp-json\/wp\/v2\/product\/12809","targetHints":{"allow":["GET"]}}],"collection":[{"href":"https:\/\/sabanadelamartours.com\/es\/wp-json\/wp\/v2\/product"}],"about":[{"href":"https:\/\/sabanadelamartours.com\/es\/wp-json\/wp\/v2\/types\/product"}],"version-history":[{"count":0,"href":"https:\/\/sabanadelamartours.com\/es\/wp-json\/wp\/v2\/product\/12809\/revisions"}],"wp:featuredmedia":[{"embeddable":true,"href":"https:\/\/sabanadelamartours.com\/es\/wp-json\/wp\/v2\/media\/13021"}],"wp:attachment":[{"href":"https:\/\/sabanadelamartours.com\/es\/wp-json\/wp\/v2\/media?parent=12809"}],"wp:term":[{"taxonomy":"product_brand","embeddable":true,"href":"https:\/\/sabanadelamartours.com\/es\/wp-json\/wp\/v2\/product_brand?post=12809"},{"taxonomy":"product_cat","embeddable":true,"href":"https:\/\/sabanadelamartours.com\/es\/wp-json\/wp\/v2\/product_cat?post=12809"},{"taxonomy":"product_tag","embeddable":true,"href":"https:\/\/sabanadelamartours.com\/es\/wp-json\/wp\/v2\/product_tag?post=12809"}],"curies":[{"name":"wp","href":"https:\/\/api.w.org\/{rel}","templated":true}]}}