{"id":12837,"date":"2025-12-18T11:08:11","date_gmt":"2025-12-18T11:08:11","guid":{"rendered":"https:\/\/sabanadelamartours.com\/?post_type=product&#038;p=12837"},"modified":"2026-02-11T03:52:02","modified_gmt":"2026-02-11T03:52:02","slug":"crucero-por-las-playas-y-piscinas-naturales-de-la-isla-saona-con-almuerzo","status":"publish","type":"product","link":"https:\/\/sabanadelamartours.com\/es\/visita\/crucero-por-las-playas-y-piscinas-naturales-de-la-isla-saona-con-almuerzo\/","title":{"rendered":"Isla Saona: Playas y Piscina Natural Crucero con Almuerzo"},"content":{"rendered":"<p><strong>Isla Saona: Playas y Piscina Natural Crucero con Almuerzo<\/strong><\/p>\n<p>\u201cDescubra Isla Saona, la excursi\u00f3n m\u00e1s solicitada de la Rep\u00fablica Dominicana. Sum\u00e9rjase en la belleza de este para\u00edso tropical, donde las palmeras se mecen con la suave brisa, las arenas blancas se extienden hasta donde alcanza la vista y las cristalinas aguas turquesas ba\u00f1an suavemente la orilla.<\/p>\n<p>Esta excursi\u00f3n es un verdadero sue\u00f1o para los amantes de la naturaleza, ya que ofrece una aut\u00e9ntica experiencia de aventura. Tendr\u00e1 la oportunidad de explorar las tres playas m\u00e1s rec\u00f3nditas de Saona, cada una de ellas con c\u00e1lidas aguas turquesas, exuberantes palmeras verdes y extensas costas de arena blanca. No pierda de vista la encantadora vida marina, como estrellas de mar, tortugas marinas y vibrantes corales.<\/p>\n<p>Como parte de este inolvidable viaje, tambi\u00e9n visitaremos el encantador y vibrante pueblo de pescadores de Mano Juan, que ofrece una fascinante visi\u00f3n de la rica historia y cultura de la isla. Retroceda en el tiempo mientras pasea por este pintoresco pueblo y se sumerge en su colorido ambiente y su relajado estilo de vida\u201d.\u201d<\/p>\n<div class=\"woocommerce-product-details__short-description\">\n<div data-track=\"overview\" data-v-83a2b402=\"\">\n<section id=\"activity-overview\" class=\"activity-overview\" data-component=\"overview\" data-v-83a2b402=\"\" data-v-f3236c42=\"\">\n<p class=\"activity-overview__content\" data-test-id=\"activity-overview-content\" data-v-f3236c42=\"\">Conecte con la naturaleza en la isla Saona en esta excursi\u00f3n en barco desde Los Melones. Nade en aguas turquesas, rel\u00e1jese con un c\u00f3ctel en una id\u00edlica playa tropical y disfrute de un almuerzo libre.<\/p>\n<\/section>\n<\/div>\n<div data-track=\"key-details\" data-v-83a2b402=\"\"><\/div>\n<\/div>\n<p>&nbsp;<\/p>","protected":false},"excerpt":{"rendered":"<div data-track=\"overview\" data-v-83a2b402=\"\">\n<section id=\"activity-overview\" class=\"activity-overview\" data-component=\"overview\" data-v-83a2b402=\"\" data-v-f3236c42=\"\">\n<p class=\"activity-overview__content\" data-test-id=\"activity-overview-content\" data-v-f3236c42=\"\">Conecte con la naturaleza en la isla Saona en esta excursi\u00f3n en barco desde Los Melones. Nade en aguas turquesas, rel\u00e1jese con un c\u00f3ctel en una id\u00edlica playa tropical y disfrute de un almuerzo libre.<\/p>\n<\/section>\n<\/div>\n<div data-track=\"key-details\" data-v-83a2b402=\"\"><\/div>","protected":false},"featured_media":13052,"template":"","meta":[],"product_brand":[],"product_cat":[97],"product_tag":[101,102],"class_list":{"0":"post-12837","1":"product","2":"type-product","3":"status-publish","4":"has-post-thumbnail","6":"product_cat-dominican-republic","7":"product_tag-excursion","8":"product_tag-tour","10":"first","11":"instock","12":"shipping-taxable","13":"product-type-external"},"_links":{"self":[{"href":"https:\/\/sabanadelamartours.com\/es\/wp-json\/wp\/v2\/product\/12837","targetHints":{"allow":["GET"]}}],"collection":[{"href":"https:\/\/sabanadelamartours.com\/es\/wp-json\/wp\/v2\/product"}],"about":[{"href":"https:\/\/sabanadelamartours.com\/es\/wp-json\/wp\/v2\/types\/product"}],"version-history":[{"count":1,"href":"https:\/\/sabanadelamartours.com\/es\/wp-json\/wp\/v2\/product\/12837\/revisions"}],"predecessor-version":[{"id":18917,"href":"https:\/\/sabanadelamartours.com\/es\/wp-json\/wp\/v2\/product\/12837\/revisions\/18917"}],"wp:featuredmedia":[{"embeddable":true,"href":"https:\/\/sabanadelamartours.com\/es\/wp-json\/wp\/v2\/media\/13052"}],"wp:attachment":[{"href":"https:\/\/sabanadelamartours.com\/es\/wp-json\/wp\/v2\/media?parent=12837"}],"wp:term":[{"taxonomy":"product_brand","embeddable":true,"href":"https:\/\/sabanadelamartours.com\/es\/wp-json\/wp\/v2\/product_brand?post=12837"},{"taxonomy":"product_cat","embeddable":true,"href":"https:\/\/sabanadelamartours.com\/es\/wp-json\/wp\/v2\/product_cat?post=12837"},{"taxonomy":"product_tag","embeddable":true,"href":"https:\/\/sabanadelamartours.com\/es\/wp-json\/wp\/v2\/product_tag?post=12837"}],"curies":[{"name":"wp","href":"https:\/\/api.w.org\/{rel}","templated":true}]}}