{"id":12862,"date":"2025-12-18T11:09:04","date_gmt":"2025-12-18T11:09:04","guid":{"rendered":"https:\/\/sabanadelamartours.com\/?post_type=product&#038;p=12862"},"modified":"2026-01-06T14:47:19","modified_gmt":"2026-01-06T14:47:19","slug":"aventura-en-4-ruedas","status":"publish","type":"product","link":"https:\/\/sabanadelamartours.com\/es\/visita\/aventura-en-4-ruedas\/","title":{"rendered":"Aventura sobre 4 ruedas"},"content":{"rendered":"<p><strong>Aventura sobre 4 ruedas<\/strong><\/p>\n<div class=\"woocommerce-product-details__short-description\">\n<div data-track=\"key-details\" data-v-83a2b402=\"\">\u00a1Acomp\u00e1\u00f1enos en una aventura sobre 4 ruedas! Le recogeremos en su hotel de Playa Dorada, Sosua o Cabarete y le llevaremos al punto de partida de la excursi\u00f3n, a s\u00f3lo 30 minutos de Sosua y Puerto Plata. Por favor, lleve ropa que est\u00e9 dispuesto a tirar y gafas de sol, ya que la carretera puede estar polvorienta, embarrada y mojada. No se requiere licencia ni habilidades especiales. Tras una breve sesi\u00f3n informativa, comenzar\u00e1 su memorable aventura todoterreno. Todos los 4x4 son seguros y f\u00e1ciles de manejar.<\/div>\n<div data-track=\"key-details\" data-v-83a2b402=\"\"><\/div>\n<div data-track=\"key-details\" data-v-83a2b402=\"\">Experimente la belleza natural de la Rep\u00fablica Dominicana en esta excursi\u00f3n de medio d\u00eda. Disfrutar\u00e1 de incre\u00edbles paisajes, caminos embarrados y una pintoresca playa. Conduzca su veh\u00edculo de 4 ruedas a trav\u00e9s de campos de ca\u00f1a de az\u00facar y hasta la playa. Esta excursi\u00f3n es perfecta para aquellos que buscan divertirse mientras exploran la belleza natural de la Rep\u00fablica Dominicana.<\/div>\n<\/div>","protected":false},"excerpt":{"rendered":"<div data-track=\"overview\" data-v-83a2b402=\"\">\n<section id=\"activity-overview\" class=\"activity-overview\" data-component=\"overview\" data-v-83a2b402=\"\" data-v-f3236c42=\"\">\n<p class=\"activity-overview__content\" data-test-id=\"activity-overview-content\" data-v-f3236c42=\"\">Conduzca su propio veh\u00edculo 4x4 a trav\u00e9s de campos de ca\u00f1a de az\u00facar y hasta la playa. Disfrute de paisajes incre\u00edbles, caminos embarrados y una playa pintoresca. Este es un medio d\u00eda lleno de diversi\u00f3n para aquellos que buscan una excursi\u00f3n para ver la belleza natural de la Rep\u00fablica Dominicana.<\/p>\n<\/section>\n<\/div>\n<div data-track=\"key-details\" data-v-83a2b402=\"\"><\/div>","protected":false},"featured_media":13097,"template":"","meta":[],"product_brand":[],"product_cat":[97],"product_tag":[101,102],"class_list":{"0":"post-12862","1":"product","2":"type-product","3":"status-publish","4":"has-post-thumbnail","6":"product_cat-dominican-republic","7":"product_tag-excursion","8":"product_tag-tour","10":"first","11":"instock","12":"shipping-taxable","13":"product-type-external"},"_links":{"self":[{"href":"https:\/\/sabanadelamartours.com\/es\/wp-json\/wp\/v2\/product\/12862","targetHints":{"allow":["GET"]}}],"collection":[{"href":"https:\/\/sabanadelamartours.com\/es\/wp-json\/wp\/v2\/product"}],"about":[{"href":"https:\/\/sabanadelamartours.com\/es\/wp-json\/wp\/v2\/types\/product"}],"version-history":[{"count":1,"href":"https:\/\/sabanadelamartours.com\/es\/wp-json\/wp\/v2\/product\/12862\/revisions"}],"predecessor-version":[{"id":18569,"href":"https:\/\/sabanadelamartours.com\/es\/wp-json\/wp\/v2\/product\/12862\/revisions\/18569"}],"wp:featuredmedia":[{"embeddable":true,"href":"https:\/\/sabanadelamartours.com\/es\/wp-json\/wp\/v2\/media\/13097"}],"wp:attachment":[{"href":"https:\/\/sabanadelamartours.com\/es\/wp-json\/wp\/v2\/media?parent=12862"}],"wp:term":[{"taxonomy":"product_brand","embeddable":true,"href":"https:\/\/sabanadelamartours.com\/es\/wp-json\/wp\/v2\/product_brand?post=12862"},{"taxonomy":"product_cat","embeddable":true,"href":"https:\/\/sabanadelamartours.com\/es\/wp-json\/wp\/v2\/product_cat?post=12862"},{"taxonomy":"product_tag","embeddable":true,"href":"https:\/\/sabanadelamartours.com\/es\/wp-json\/wp\/v2\/product_tag?post=12862"}],"curies":[{"name":"wp","href":"https:\/\/api.w.org\/{rel}","templated":true}]}}