{"id":12873,"date":"2025-12-18T11:09:26","date_gmt":"2025-12-18T11:09:26","guid":{"rendered":"https:\/\/sabanadelamartours.com\/?post_type=product&#038;p=12873"},"modified":"2026-01-06T14:48:43","modified_gmt":"2026-01-06T14:48:43","slug":"excursion-de-un-dia-a-la-isla-catalina","status":"publish","type":"product","link":"https:\/\/sabanadelamartours.com\/es\/visita\/excursion-de-un-dia-a-la-isla-catalina\/","title":{"rendered":"Isla Catalina: Excursi\u00f3n de un d\u00eda - \u00a1El mejor snorkel!"},"content":{"rendered":"<p>Isla Catalina: Excursi\u00f3n de un d\u00eda - \u00a1El mejor snorkel!<\/p>\n<p>Su aventura comienza con un pintoresco viaje en barco desde Punta Cana hasta la isla Catalina. Disfrute de las impresionantes vistas costeras y de la refrescante brisa marina mientras viaja hacia uno de los principales destinos de snorkel de la Rep\u00fablica Dominicana.<\/p>\n<p>Esn\u00f3rquel en el Muro<\/p>\n<p>A su llegada, su primera parada para practicar snorkel ser\u00e1 \u201cLa Pared\u201d, un famoso lugar de buceo y snorkel. Este espectacular acantilado submarino desciende a profundidades de m\u00e1s de 30 metros, creando un vibrante arrecife vertical. Practique snorkel en la parte superior de la pared y observe la abundancia de coloridos corales, esponjas y una gran variedad de peces tropicales.<\/p>\n<p>Intervalo de superficie y tiempo de playa<\/p>\n<p>Tras su primera sesi\u00f3n de snorkel, t\u00f3mese un descanso y rel\u00e1jese en la hermosa playa de la isla Catalina. Disfrute de la suave arena blanca, nade en las aguas cristalinas o simplemente tome el sol. Durante este intervalo se le proporcionar\u00e1n refrescos y aperitivos.<\/p>\n<p>Esn\u00f3rquel en el acuario<\/p>\n<p>A continuaci\u00f3n, dir\u00edjase al segundo punto de buceo, conocido como \u201cEl Acuario\u201d. Este lugar debe su nombre a sus aguas cristalinas y a la multitud de vida marina que habita en la zona. Practique snorkel en los arrecifes poco profundos y descubra bancos de peces, tortugas y otras fascinantes criaturas marinas.<\/p>\n<p>Almuerzo buffet en la playa<\/p>\n<p>Disfrute de un delicioso almuerzo buf\u00e9 servido en la playa, con una gran variedad de platos locales e internacionales. Saboree marisco reci\u00e9n preparado, carnes a la parrilla, ensaladas y frutas tropicales mientras disfruta del id\u00edlico entorno frente al mar.<\/p>\n<p>Tiempo libre en la isla Catalina<\/p>\n<p>Despu\u00e9s de comer, dedique algo de tiempo libre a explorar la isla. Pasee por la playa, b\u00e1\u00f1ese en sus tentadoras aguas o rel\u00e1jese a la sombra de una palmera. La belleza natural de la isla y su ambiente sereno son el marco perfecto para relajarse y explorar.<\/p>\n<p>Viaje de regreso<\/p>\n<p>A medida que el d\u00eda llega a su fin, suba a bordo del barco para su viaje de regreso a Punta Cana. Reflexione sobre las aventuras del d\u00eda y la incre\u00edble vida marina que ha encontrado. El viaje en barco de vuelta ofrece una relajante conclusi\u00f3n a su d\u00eda.<\/p>\n<p>Un d\u00eda de buceo y relajaci\u00f3n<\/p>\n<p>La excursi\u00f3n de un d\u00eda a la Isla Catalina ofrece una mezcla perfecta de aventura y relajaci\u00f3n, con excepcionales experiencias de buceo con tubo en dos de los mejores lugares del Caribe. Tanto si es un buceador experimentado como un principiante, esta excursi\u00f3n promete un d\u00eda inolvidable en el para\u00edso.<\/p>\n<div class=\"woocommerce-product-details__short-description\">\n<div data-track=\"overview\" data-v-83a2b402=\"\">\n<section id=\"activity-overview\" class=\"activity-overview\" data-component=\"overview\" data-v-83a2b402=\"\" data-v-f3236c42=\"\">\n<p class=\"activity-overview__content\" data-test-id=\"activity-overview-content\" data-v-f3236c42=\"\">Esta excursi\u00f3n de un d\u00eda completo le llevar\u00e1 a las pr\u00edstinas aguas de la isla Catalina, donde le esperan vibrantes arrecifes de coral y una variada vida marina.<\/p>\n<\/section>\n<\/div>\n<div data-track=\"key-details\" data-v-83a2b402=\"\"><\/div>\n<\/div>","protected":false},"excerpt":{"rendered":"<div data-track=\"overview\" data-v-83a2b402=\"\">\n<section id=\"activity-overview\" class=\"activity-overview\" data-component=\"overview\" data-v-83a2b402=\"\" data-v-f3236c42=\"\">\n<p class=\"activity-overview__content\" data-test-id=\"activity-overview-content\" data-v-f3236c42=\"\">Esta excursi\u00f3n de un d\u00eda completo le llevar\u00e1 a las pr\u00edstinas aguas de la isla Catalina, donde le esperan vibrantes arrecifes de coral y una variada vida marina.<\/p>\n<\/section>\n<\/div>\n<div data-track=\"key-details\" data-v-83a2b402=\"\"><\/div>","protected":false},"featured_media":13109,"template":"","meta":[],"product_brand":[],"product_cat":[97],"product_tag":[101,102],"class_list":{"0":"post-12873","1":"product","2":"type-product","3":"status-publish","4":"has-post-thumbnail","6":"product_cat-dominican-republic","7":"product_tag-excursion","8":"product_tag-tour","10":"first","11":"instock","12":"shipping-taxable","13":"product-type-external"},"_links":{"self":[{"href":"https:\/\/sabanadelamartours.com\/es\/wp-json\/wp\/v2\/product\/12873","targetHints":{"allow":["GET"]}}],"collection":[{"href":"https:\/\/sabanadelamartours.com\/es\/wp-json\/wp\/v2\/product"}],"about":[{"href":"https:\/\/sabanadelamartours.com\/es\/wp-json\/wp\/v2\/types\/product"}],"version-history":[{"count":1,"href":"https:\/\/sabanadelamartours.com\/es\/wp-json\/wp\/v2\/product\/12873\/revisions"}],"predecessor-version":[{"id":18570,"href":"https:\/\/sabanadelamartours.com\/es\/wp-json\/wp\/v2\/product\/12873\/revisions\/18570"}],"wp:featuredmedia":[{"embeddable":true,"href":"https:\/\/sabanadelamartours.com\/es\/wp-json\/wp\/v2\/media\/13109"}],"wp:attachment":[{"href":"https:\/\/sabanadelamartours.com\/es\/wp-json\/wp\/v2\/media?parent=12873"}],"wp:term":[{"taxonomy":"product_brand","embeddable":true,"href":"https:\/\/sabanadelamartours.com\/es\/wp-json\/wp\/v2\/product_brand?post=12873"},{"taxonomy":"product_cat","embeddable":true,"href":"https:\/\/sabanadelamartours.com\/es\/wp-json\/wp\/v2\/product_cat?post=12873"},{"taxonomy":"product_tag","embeddable":true,"href":"https:\/\/sabanadelamartours.com\/es\/wp-json\/wp\/v2\/product_tag?post=12873"}],"curies":[{"name":"wp","href":"https:\/\/api.w.org\/{rel}","templated":true}]}}