{"id":12882,"date":"2025-12-18T11:09:49","date_gmt":"2025-12-18T11:09:49","guid":{"rendered":"https:\/\/sabanadelamartours.com\/?post_type=product&#038;p=12882"},"modified":"2026-01-06T14:50:25","modified_gmt":"2026-01-06T14:50:25","slug":"atv-4x4-aventura-en-punta-cana","status":"publish","type":"product","link":"https:\/\/sabanadelamartours.com\/es\/visita\/atv-4x4-aventura-en-punta-cana\/","title":{"rendered":"Aventura en quad 4\u00d74 en Punta Cana"},"content":{"rendered":"<p><strong>Aventura en quad 4\u00d74 en Punta Cana<\/strong><\/p>\n<p>Itinerario<\/p>\n<p>Este es un itinerario t\u00edpico para este producto<\/p>\n<p>Parada en: Buggies y ATV punta cana, G\u00e9nesis #10, Samaritano 1ro, Punta Cana 23000, Rep\u00fablica Dominicana<\/p>\n<p>Te recoger\u00e1n en tu hotel de Punta Cana por la ma\u00f1ana, mediod\u00eda o tarde, llegar\u00e1s al 4\u00d74 Atv &amp; Utv Ranch, recibir\u00e1s unas breves instrucciones de salud y seguridad por parte de tu amable gu\u00eda y aqu\u00ed es cuando empieza la diversi\u00f3n. Arranca el motor y prep\u00e1rate para la aventura de tu vida.<\/p>\n<p>Duraci\u00f3n: 20 minutos<\/p>\n<p>Parada en: Macao, 23000 Punta Cana, Rep\u00fablica Dominicana<\/p>\n<p>La primera parada: Empiezas el recorrido y descubres lugares espectaculares y sientes la brisa fresca mientras te acaricias la cara. Recorre caminos dif\u00edciles entre bosques y exuberantes jardines tropicales, llegar\u00e1s a una granja org\u00e1nica. Aqu\u00ed aprender\u00e1s datos sobre el aceite de coco dominicano, el tabaco y el ron Mamajuana. Tambi\u00e9n probar\u00e1 el rico sabor del caf\u00e9 dominicano y el chocolate casero.<\/p>\n<p>Duraci\u00f3n: 20 minutos<\/p>\n<p>Parada en: Playa Macao, Punta Cana 23000 Rep\u00fablica Dominicana<\/p>\n<p>Segunda parada: F\u00e1cilmente una de las cinco playas m\u00e1s impresionantes del pa\u00eds, Playa Macao es amplia, luminosa y bordeada de palmeras, y sus olas la han convertido en una de las favoritas de los surfistas. Se encuentra en el extremo norte de la regi\u00f3n de Punta Cana.<\/p>\n<p>Duraci\u00f3n: 15 minutos<\/p>\n<p>Parada en: Los Hoyos del Salado (Cenote), Los hoyos del molina, Hig\u00fcey 23000, Rep\u00fablica Dominicana<\/p>\n<p>Tercera parada: Semana Santa, la cueva del agua s\u00f3lo est\u00e1 permitida para hacer fotos, no est\u00e1 permitido ba\u00f1arse s\u00f3lo hasta el domingo 4 de abril. Tercera parada: Mientras contin\u00faa, admire pintorescas casas t\u00edpicas dominicanas, palmeras y plantaciones de pl\u00e1tanos y comparta nuestro recurso natural m\u00e1s importante, el Parque Ecol\u00f3gico Ta\u00edno. Una vez all\u00ed, disfrute de un impresionante paisaje natural, sum\u00e9rjase y refr\u00e9squese en un manantial de agua pura y cristalina.<\/p>\n<p>Duraci\u00f3n: 15 minutos.<\/p>","protected":false},"excerpt":{"rendered":"<div data-track=\"overview\" data-v-83a2b402=\"\">\n<section id=\"activity-overview\" class=\"activity-overview\" data-component=\"overview\" data-v-83a2b402=\"\" data-v-f3236c42=\"\">\n<p class=\"activity-overview__content\" data-test-id=\"activity-overview-content\" data-v-f3236c42=\"\">Suba a bordo de un potente veh\u00edculo todoterreno, construido para los terrenos escarpados del interior de la Rep\u00fablica Dominicana, y recorra un bosque hasta llegar a una granja org\u00e1nica local.<\/p>\n<\/section>\n<\/div>\n<div data-track=\"key-details\" data-v-83a2b402=\"\"><\/div>","protected":false},"featured_media":13116,"template":"","meta":[],"product_brand":[],"product_cat":[97],"product_tag":[101,102],"class_list":{"0":"post-12882","1":"product","2":"type-product","3":"status-publish","4":"has-post-thumbnail","6":"product_cat-dominican-republic","7":"product_tag-excursion","8":"product_tag-tour","10":"first","11":"instock","12":"shipping-taxable","13":"product-type-external"},"_links":{"self":[{"href":"https:\/\/sabanadelamartours.com\/es\/wp-json\/wp\/v2\/product\/12882","targetHints":{"allow":["GET"]}}],"collection":[{"href":"https:\/\/sabanadelamartours.com\/es\/wp-json\/wp\/v2\/product"}],"about":[{"href":"https:\/\/sabanadelamartours.com\/es\/wp-json\/wp\/v2\/types\/product"}],"version-history":[{"count":1,"href":"https:\/\/sabanadelamartours.com\/es\/wp-json\/wp\/v2\/product\/12882\/revisions"}],"predecessor-version":[{"id":18571,"href":"https:\/\/sabanadelamartours.com\/es\/wp-json\/wp\/v2\/product\/12882\/revisions\/18571"}],"wp:featuredmedia":[{"embeddable":true,"href":"https:\/\/sabanadelamartours.com\/es\/wp-json\/wp\/v2\/media\/13116"}],"wp:attachment":[{"href":"https:\/\/sabanadelamartours.com\/es\/wp-json\/wp\/v2\/media?parent=12882"}],"wp:term":[{"taxonomy":"product_brand","embeddable":true,"href":"https:\/\/sabanadelamartours.com\/es\/wp-json\/wp\/v2\/product_brand?post=12882"},{"taxonomy":"product_cat","embeddable":true,"href":"https:\/\/sabanadelamartours.com\/es\/wp-json\/wp\/v2\/product_cat?post=12882"},{"taxonomy":"product_tag","embeddable":true,"href":"https:\/\/sabanadelamartours.com\/es\/wp-json\/wp\/v2\/product_tag?post=12882"}],"curies":[{"name":"wp","href":"https:\/\/api.w.org\/{rel}","templated":true}]}}