{"id":13000,"date":"2025-12-18T11:15:10","date_gmt":"2025-12-18T11:15:10","guid":{"rendered":"https:\/\/sabanadelamartours.com\/?post_type=product&#038;p=13000"},"modified":"2026-01-06T14:59:39","modified_gmt":"2026-01-06T14:59:39","slug":"desde-punta-cana-avistamiento-de-ballenas-y-excursion-a-montana-redonda","status":"publish","type":"product","link":"https:\/\/sabanadelamartours.com\/es\/visita\/desde-punta-cana-avistamiento-de-ballenas-y-excursion-a-montana-redonda\/","title":{"rendered":"Desde Punta Cana: Avistamiento de Ballenas y Excursi\u00f3n a Montana Redonda"},"content":{"rendered":"<p>Venga a pasar un d\u00eda y descubra este enorme mam\u00edfero y la incre\u00edble historia de su migraci\u00f3n en la bah\u00eda de Saman\u00e1. La salida ser\u00e1 alrededor de las 7:30 am para llegar al muelle de Miches alrededor de las 9:15 am.<\/p>\n<p>Una vez en los muelles, se servir\u00e1 el desayuno. El avistamiento de ballenas se realizar\u00e1 en un c\u00f3modo catamar\u00e1n motorizado y durar\u00e1 entre 2h00 y 3h30. Regresar\u00e1 al puerto de Miches entre las 12h30 y la 1h30.<\/p>\n<p>Salida de Miches hacia Montana Redonda (trayecto de 20\/25 minutos). La subida a Montana Redonda se har\u00e1 en un cami\u00f3n Safari (\u00a1prep\u00e1rese, le dejar\u00e1 boquiabierto!). El almuerzo se sirve en la ladera de la monta\u00f1a con una vista panor\u00e1mica de la costa atl\u00e1ntica. En el men\u00fa: cerdo, pollo, filete de pescado, arroz, ensaladas y fruta fresca.<\/p>\n<p>Regreso a los hoteles por el interior, a trav\u00e9s de una Rep\u00fablica Dominicana natural y aut\u00e9ntica, lejos de los circuitos tur\u00edsticos tradicionales. Despu\u00e9s de todos estos maravillosos descubrimientos, regreso al hotel hacia las 17:30 \/ 18:00.<\/p>","protected":false},"excerpt":{"rendered":"<div data-track=\"overview\" data-v-83a2b402=\"\">\n<section id=\"activity-overview\" class=\"activity-overview\" data-component=\"overview\" data-v-83a2b402=\"\" data-v-f3236c42=\"\">\n<p class=\"activity-overview__content\" data-test-id=\"activity-overview-content\" data-v-f3236c42=\"\">Empiece en Punta Cana y suba a bordo de un catamar\u00e1n para disfrutar de un crucero de avistamiento de ballenas, y despu\u00e9s recorra Montana Redonda en un cami\u00f3n safari. Almuerza en la monta\u00f1a mientras contemplas una vista panor\u00e1mica del mar.<\/p>\n<\/section>\n<\/div>\n<div data-track=\"key-details\" data-v-83a2b402=\"\"><\/div>","protected":false},"featured_media":13229,"template":"","meta":[],"product_brand":[],"product_cat":[97],"product_tag":[101,102],"class_list":{"0":"post-13000","1":"product","2":"type-product","3":"status-publish","4":"has-post-thumbnail","6":"product_cat-dominican-republic","7":"product_tag-excursion","8":"product_tag-tour","10":"first","11":"instock","12":"shipping-taxable","13":"product-type-external"},"_links":{"self":[{"href":"https:\/\/sabanadelamartours.com\/es\/wp-json\/wp\/v2\/product\/13000","targetHints":{"allow":["GET"]}}],"collection":[{"href":"https:\/\/sabanadelamartours.com\/es\/wp-json\/wp\/v2\/product"}],"about":[{"href":"https:\/\/sabanadelamartours.com\/es\/wp-json\/wp\/v2\/types\/product"}],"version-history":[{"count":1,"href":"https:\/\/sabanadelamartours.com\/es\/wp-json\/wp\/v2\/product\/13000\/revisions"}],"predecessor-version":[{"id":18576,"href":"https:\/\/sabanadelamartours.com\/es\/wp-json\/wp\/v2\/product\/13000\/revisions\/18576"}],"wp:featuredmedia":[{"embeddable":true,"href":"https:\/\/sabanadelamartours.com\/es\/wp-json\/wp\/v2\/media\/13229"}],"wp:attachment":[{"href":"https:\/\/sabanadelamartours.com\/es\/wp-json\/wp\/v2\/media?parent=13000"}],"wp:term":[{"taxonomy":"product_brand","embeddable":true,"href":"https:\/\/sabanadelamartours.com\/es\/wp-json\/wp\/v2\/product_brand?post=13000"},{"taxonomy":"product_cat","embeddable":true,"href":"https:\/\/sabanadelamartours.com\/es\/wp-json\/wp\/v2\/product_cat?post=13000"},{"taxonomy":"product_tag","embeddable":true,"href":"https:\/\/sabanadelamartours.com\/es\/wp-json\/wp\/v2\/product_tag?post=13000"}],"curies":[{"name":"wp","href":"https:\/\/api.w.org\/{rel}","templated":true}]}}