{"id":13062,"date":"2025-12-18T11:17:42","date_gmt":"2025-12-18T11:17:42","guid":{"rendered":"https:\/\/sabanadelamartours.com\/?post_type=product&#038;p=13062"},"modified":"2026-02-11T04:37:19","modified_gmt":"2026-02-11T04:37:19","slug":"2horas-de-aventura-a-caballo-en-la-playa-rio-selva","status":"publish","type":"product","link":"https:\/\/sabanadelamartours.com\/es\/visita\/2horas-de-aventura-a-caballo-en-la-playa-rio-selva\/","title":{"rendered":"2 horas de aventura a caballo por la playa, la selva y el r\u00edo"},"content":{"rendered":"<p>*Cabalgatas por la selva y la playa de Macao<\/p>\n<p>Imagine una aventura en la que la vibrante naturaleza y el aire fresco le rodean mientras explora espectaculares paisajes a lomos de un majestuoso caballo. Este paseo le llevar\u00e1 por dos escenarios impresionantes: la exuberante selva tropical y las serenas playas de Macao.<\/p>\n<p>*Inicio del Paseo:*.<\/p>\n<p>Su aventura comienza en un pintoresco rancho situado en las afueras, donde le presentar\u00e1n a su caballo, cuidadosamente seleccionado para su nivel de experiencia. Gu\u00edas locales expertos y bien informados le dar\u00e1n una breve introducci\u00f3n a la ruta y algunas instrucciones b\u00e1sicas de equitaci\u00f3n.<\/p>\n<p>*Jungle Adventure.<\/p>\n<p>Al comenzar el recorrido, se adentrar\u00e1 r\u00e1pidamente en la densa y verde selva tropical, un para\u00edso donde la biodiversidad se despliega ante sus ojos. Los sinuosos senderos le llevar\u00e1n a trav\u00e9s de una exuberante vegetaci\u00f3n y alt\u00edsimos \u00e1rboles, hogar de aves ex\u00f3ticas y diversas especies de fauna salvaje. Sentir\u00e1 la frescura del aire, el piar de los p\u00e1jaros y los sutiles sonidos de la vida salvaje. Sus gu\u00edas le contar\u00e1n historias fascinantes sobre la flora y la fauna locales, as\u00ed como sobre la cultura y las tradiciones de la regi\u00f3n.<\/p>\n<p>*Hacia la playa de Macao:*.<\/p>\n<p>A medida que avance, descender\u00e1 hacia la costa, donde el horizonte se abre en una visi\u00f3n de arena blanca y aguas turquesas. La transici\u00f3n de la selva a la playa es una experiencia m\u00e1gica: el aire se vuelve salado y el sonido de las olas rompiendo en la orilla llena el ambiente. Llegar a la playa de Macao es un aut\u00e9ntico placer para los sentidos; es una playa virgen conocida por su belleza natural y su ambiente tranquilo.<\/p>\n<p>*Momento de relajaci\u00f3n<\/p>\n<p>Aqu\u00ed tendr\u00e1 la oportunidad de desensillar y dejar descansar a su caballo mientras disfruta de tiempo libre en la playa. Podr\u00e1 caminar descalzo por la suave arena, nadar en las c\u00e1lidas aguas caribe\u00f1as o simplemente relajarse bajo el sol tropical. Algunos paseos tambi\u00e9n incluyen un almuerzo ligero o un picnic en la playa, lo que a\u00f1ade un toque especial a esta experiencia inolvidable.<\/p>\n<p>*Retorno al Rancho.<\/p>\n<p>Tras descansar y relajarse, se preparar\u00e1 para el viaje de vuelta. La \u00faltima parte del paseo le permitir\u00e1 reflexionar sobre el magn\u00edfico d\u00eda que ha vivido, a trav\u00e9s de paisajes que ya empiezan a envolverse en el c\u00e1lido resplandor del atardecer o del d\u00eda soleado<\/p>\n<div class=\"toggle-content__content toggle-content__content--expanded toggle-content__content--packable\" data-v-59485d64=\"\">\n<div data-test-id=\"activity-full-description-text\" data-v-5835c99c=\"\">Este paseo a caballo es una combinaci\u00f3n perfecta de aventura, exploraci\u00f3n y serenidad, que ofrece una conexi\u00f3n \u00fanica con la naturaleza y la oportunidad de descubrir la impresionante belleza de la selva y las playas de Macao.<\/div>\n<\/div>\n<div class=\"toggle-content__label-placeholder\" data-v-59485d64=\"\"><\/div>","protected":false},"excerpt":{"rendered":"<div data-track=\"overview\" data-v-83a2b402=\"\">\n<section id=\"activity-overview\" class=\"activity-overview\" data-component=\"overview\" data-v-83a2b402=\"\" data-v-f3236c42=\"\">\n<p class=\"activity-overview__content\" data-test-id=\"activity-overview-content\" data-v-f3236c42=\"\">Recorra a caballo la resplandeciente orilla de la playa de Macao en una excursi\u00f3n guiada con traslados de ida y vuelta desde Punta Cana. Sum\u00e9rgete en la naturaleza y descubre un pintoresco r\u00edo.<\/p>\n<\/section>\n<\/div>\n<div data-track=\"key-details\" data-v-83a2b402=\"\"><\/div>","protected":false},"featured_media":13286,"template":"","meta":[],"product_brand":[],"product_cat":[97],"product_tag":[101,102],"class_list":{"0":"post-13062","1":"product","2":"type-product","3":"status-publish","4":"has-post-thumbnail","6":"product_cat-dominican-republic","7":"product_tag-excursion","8":"product_tag-tour","10":"first","11":"instock","12":"shipping-taxable","13":"product-type-external"},"_links":{"self":[{"href":"https:\/\/sabanadelamartours.com\/es\/wp-json\/wp\/v2\/product\/13062","targetHints":{"allow":["GET"]}}],"collection":[{"href":"https:\/\/sabanadelamartours.com\/es\/wp-json\/wp\/v2\/product"}],"about":[{"href":"https:\/\/sabanadelamartours.com\/es\/wp-json\/wp\/v2\/types\/product"}],"version-history":[{"count":1,"href":"https:\/\/sabanadelamartours.com\/es\/wp-json\/wp\/v2\/product\/13062\/revisions"}],"predecessor-version":[{"id":18932,"href":"https:\/\/sabanadelamartours.com\/es\/wp-json\/wp\/v2\/product\/13062\/revisions\/18932"}],"wp:featuredmedia":[{"embeddable":true,"href":"https:\/\/sabanadelamartours.com\/es\/wp-json\/wp\/v2\/media\/13286"}],"wp:attachment":[{"href":"https:\/\/sabanadelamartours.com\/es\/wp-json\/wp\/v2\/media?parent=13062"}],"wp:term":[{"taxonomy":"product_brand","embeddable":true,"href":"https:\/\/sabanadelamartours.com\/es\/wp-json\/wp\/v2\/product_brand?post=13062"},{"taxonomy":"product_cat","embeddable":true,"href":"https:\/\/sabanadelamartours.com\/es\/wp-json\/wp\/v2\/product_cat?post=13062"},{"taxonomy":"product_tag","embeddable":true,"href":"https:\/\/sabanadelamartours.com\/es\/wp-json\/wp\/v2\/product_tag?post=13062"}],"curies":[{"name":"wp","href":"https:\/\/api.w.org\/{rel}","templated":true}]}}