{"id":13132,"date":"2025-12-18T11:20:28","date_gmt":"2025-12-18T11:20:28","guid":{"rendered":"https:\/\/sabanadelamartours.com\/?post_type=product&#038;p=13132"},"modified":"2026-01-07T09:55:49","modified_gmt":"2026-01-07T09:55:49","slug":"damajagua-27-cascadas-tour-con-entrada-almuerzo","status":"publish","type":"product","link":"https:\/\/sabanadelamartours.com\/es\/visita\/damajagua-27-cascadas-tour-con-entrada-almuerzo\/","title":{"rendered":"Damajagua: 27 cascadas con entrada y almuerzo"},"content":{"rendered":"<p>Obtenga sus entradas para una excursi\u00f3n de medio d\u00eda aqu\u00ed en la Cascada 27 de Damajagua. Entradas con Almuerzo y Excursi\u00f3n Incluida para Saltar y nadar en las cascadas m\u00e1s bellas de la Rep\u00fablica Dominicana. \u00a1\u00a1\u00a1Salto y Natacion con equipo de seguridad para tener la mejor experiencia!!!<\/p>\n<div class=\"toggle-content__content toggle-content__content--expanded toggle-content__content--packable\" data-v-59485d64=\"\">\n<div data-test-id=\"activity-full-description-text\" data-v-5835c99c=\"\">Despu\u00e9s de esta experiencia, regresar\u00e1 al lugar donde se reunir\u00e1 con el gu\u00eda tur\u00edstico.<\/div>\n<\/div>\n<div class=\"toggle-content__label-placeholder\" data-v-59485d64=\"\"><\/div>","protected":false},"excerpt":{"rendered":"<div data-track=\"overview\" data-v-83a2b402=\"\">\n<section id=\"activity-overview\" class=\"activity-overview\" data-component=\"overview\" data-v-83a2b402=\"\" data-v-f3236c42=\"\">\n<p class=\"activity-overview__content\" data-test-id=\"activity-overview-content\" data-v-f3236c42=\"\">Descubra las maravillas naturales ocultas de Damajagua en una visita guiada a las 27 Cascadas. Camine por la zona para explorar impresionantes cascadas, salte a las profundas aguas azules y disfrute de un delicioso almuerzo.<\/p>\n<\/section>\n<\/div>\n<div data-track=\"key-details\" data-v-83a2b402=\"\"><\/div>","protected":false},"featured_media":13356,"template":"","meta":[],"product_brand":[],"product_cat":[97],"product_tag":[101,102],"class_list":{"0":"post-13132","1":"product","2":"type-product","3":"status-publish","4":"has-post-thumbnail","6":"product_cat-dominican-republic","7":"product_tag-excursion","8":"product_tag-tour","10":"first","11":"instock","12":"shipping-taxable","13":"product-type-external"},"_links":{"self":[{"href":"https:\/\/sabanadelamartours.com\/es\/wp-json\/wp\/v2\/product\/13132","targetHints":{"allow":["GET"]}}],"collection":[{"href":"https:\/\/sabanadelamartours.com\/es\/wp-json\/wp\/v2\/product"}],"about":[{"href":"https:\/\/sabanadelamartours.com\/es\/wp-json\/wp\/v2\/types\/product"}],"version-history":[{"count":1,"href":"https:\/\/sabanadelamartours.com\/es\/wp-json\/wp\/v2\/product\/13132\/revisions"}],"predecessor-version":[{"id":18581,"href":"https:\/\/sabanadelamartours.com\/es\/wp-json\/wp\/v2\/product\/13132\/revisions\/18581"}],"wp:featuredmedia":[{"embeddable":true,"href":"https:\/\/sabanadelamartours.com\/es\/wp-json\/wp\/v2\/media\/13356"}],"wp:attachment":[{"href":"https:\/\/sabanadelamartours.com\/es\/wp-json\/wp\/v2\/media?parent=13132"}],"wp:term":[{"taxonomy":"product_brand","embeddable":true,"href":"https:\/\/sabanadelamartours.com\/es\/wp-json\/wp\/v2\/product_brand?post=13132"},{"taxonomy":"product_cat","embeddable":true,"href":"https:\/\/sabanadelamartours.com\/es\/wp-json\/wp\/v2\/product_cat?post=13132"},{"taxonomy":"product_tag","embeddable":true,"href":"https:\/\/sabanadelamartours.com\/es\/wp-json\/wp\/v2\/product_tag?post=13132"}],"curies":[{"name":"wp","href":"https:\/\/api.w.org\/{rel}","templated":true}]}}