{"id":13341,"date":"2025-12-18T11:29:00","date_gmt":"2025-12-18T11:29:00","guid":{"rendered":"https:\/\/sabanadelamartours.com\/?post_type=product&#038;p=13341"},"modified":"2026-01-07T10:47:49","modified_gmt":"2026-01-07T10:47:49","slug":"desde-santo-domingo-excursion-historica-de-dia-completo-con-almuerzo","status":"publish","type":"product","link":"https:\/\/sabanadelamartours.com\/es\/visita\/desde-santo-domingo-excursion-historica-de-dia-completo-con-almuerzo\/","title":{"rendered":"Desde Santo Domingo: Excursi\u00f3n Hist\u00f3rica de D\u00eda Completo con Almuerzo"},"content":{"rendered":"<p>Nuestro recorrido hist\u00f3rico de Santo Domingo comienza con su encuentro con nuestro gu\u00eda tur\u00edstico en su punto de encuentro, desde all\u00ed iniciaremos la primera parada en el palacio presidencial. Donde podr\u00e1 ver la trayectoria del gobierno de la Rep\u00fablica Dominicana. Tambi\u00e9n visitaremos las Cuevas de los 3 Ojos, lugar que fue refugio ind\u00edgena en los a\u00f1os del descubrimiento, para luego hacer una parada en el Faro a colon. Monumento inaugurado en 1992 como celebraci\u00f3n de los 500 a\u00f1os del descubrimiento de Am\u00e9rica.<\/p>\n<p>Pasearemos y visitaremos los museos de la zona colonial como: Alc\u00e1zar de Col\u00f3n, Catedral Primada de Am\u00e9rica, Calle Las Damas, Reloj de Sol, Museo de Casas Reales, Convento Dominicus, Museo del \u00c1mbar. Almorzaremos en un restaurante local y visitaremos las tiendas de souvenirs locales.<\/p>","protected":false},"excerpt":{"rendered":"<div data-track=\"overview\" data-v-83a2b402=\"\">\n<section id=\"activity-overview\" class=\"activity-overview\" data-component=\"overview\" data-v-83a2b402=\"\" data-v-f3236c42=\"\">\n<p class=\"activity-overview__content\" data-test-id=\"activity-overview-content\" data-v-f3236c42=\"\">Disfrute visitando este maravilloso lugar con m\u00e1s de 500 a\u00f1os de historia colonial en la ciudad de Santo Domingo, la primera ciudad de Am\u00e9rica y el descubrimiento de Crist\u00f3bal Col\u00f3n.<\/p>\n<\/section>\n<\/div>\n<div data-track=\"key-details\" data-v-83a2b402=\"\"><\/div>","protected":false},"featured_media":13560,"template":"","meta":[],"product_brand":[],"product_cat":[97],"product_tag":[101,102],"class_list":{"0":"post-13341","1":"product","2":"type-product","3":"status-publish","4":"has-post-thumbnail","6":"product_cat-dominican-republic","7":"product_tag-excursion","8":"product_tag-tour","10":"first","11":"instock","12":"shipping-taxable","13":"product-type-external"},"_links":{"self":[{"href":"https:\/\/sabanadelamartours.com\/es\/wp-json\/wp\/v2\/product\/13341","targetHints":{"allow":["GET"]}}],"collection":[{"href":"https:\/\/sabanadelamartours.com\/es\/wp-json\/wp\/v2\/product"}],"about":[{"href":"https:\/\/sabanadelamartours.com\/es\/wp-json\/wp\/v2\/types\/product"}],"version-history":[{"count":1,"href":"https:\/\/sabanadelamartours.com\/es\/wp-json\/wp\/v2\/product\/13341\/revisions"}],"predecessor-version":[{"id":18593,"href":"https:\/\/sabanadelamartours.com\/es\/wp-json\/wp\/v2\/product\/13341\/revisions\/18593"}],"wp:featuredmedia":[{"embeddable":true,"href":"https:\/\/sabanadelamartours.com\/es\/wp-json\/wp\/v2\/media\/13560"}],"wp:attachment":[{"href":"https:\/\/sabanadelamartours.com\/es\/wp-json\/wp\/v2\/media?parent=13341"}],"wp:term":[{"taxonomy":"product_brand","embeddable":true,"href":"https:\/\/sabanadelamartours.com\/es\/wp-json\/wp\/v2\/product_brand?post=13341"},{"taxonomy":"product_cat","embeddable":true,"href":"https:\/\/sabanadelamartours.com\/es\/wp-json\/wp\/v2\/product_cat?post=13341"},{"taxonomy":"product_tag","embeddable":true,"href":"https:\/\/sabanadelamartours.com\/es\/wp-json\/wp\/v2\/product_tag?post=13341"}],"curies":[{"name":"wp","href":"https:\/\/api.w.org\/{rel}","templated":true}]}}