{"id":13355,"date":"2025-12-18T11:29:31","date_gmt":"2025-12-18T11:29:31","guid":{"rendered":"https:\/\/sabanadelamartours.com\/?post_type=product&#038;p=13355"},"modified":"2026-01-07T10:49:38","modified_gmt":"2026-01-07T10:49:38","slug":"salto-el-limon-cascadas-cayo-levantado","status":"publish","type":"product","link":"https:\/\/sabanadelamartours.com\/es\/visita\/salto-el-limon-cascadas-cayo-levantado\/","title":{"rendered":"Cascadas de Salto El Lim\u00f3n y Cayo Levantado"},"content":{"rendered":"<p>Saman\u00e1 es una pen\u00ednsula situada en la costa noreste de la Rep\u00fablica Dominicana. Llena de paisajes incre\u00edbles y naturaleza en estado puro, es miembro del Club de las Bah\u00edas m\u00e1s Bellas del Mundo de la UNESCO, adem\u00e1s de haber sido clasificada como Para\u00edso Mundial del Ecoturismo. Cada a\u00f1o, entre los meses de febrero y marzo, m\u00e1s de 3.500 ballenas jorobadas se aparean en las c\u00e1lidas aguas costeras frente a la costa de la pen\u00ednsula.<\/p>\n<p>Su excursi\u00f3n comienza con un viaje en barco desde Sabana de la mar hasta la Bah\u00eda de Saman\u00e1, acompa\u00f1ado de una hermosa vista. Despu\u00e9s de llegar a su ubicaci\u00f3n, se embarcar\u00e1 en una caminata a caballo hasta la majestuosa cascada de Lim\u00f3n, de 50 metros de altura, que contiene una hermosa piscina natural debajo y est\u00e1 rodeada de exuberante bosque tropical.<\/p>\n<p>Tras la visita a las cataratas, emprender\u00e1 un recorrido urbano a bordo de un cami\u00f3n safari por la ciudad de Saman\u00e1. Descubierta por el navegante Crist\u00f3bal Col\u00f3n en 1493, aqu\u00ed se produjo el primer encuentro hostil entre europeos y nativos. Tras el recorrido por la ciudad, se sentar\u00e1 a almorzar un buf\u00e9 dominicano en un restaurante de campo, donde podr\u00e1 deleitarse con una degustaci\u00f3n de frutas tropicales cosechadas en la zona. Despu\u00e9s del almuerzo, le llevar\u00e1n en el cami\u00f3n safari de vuelta al muelle, tras lo cual se dirigir\u00e1 a Cayo Levantado o \u201cIsla Bacard\u00ed\u201d. Tras llegar a esta isla de 1 kil\u00f3metro de longitud, podr\u00e1 disfrutar de un refrescante tiempo libre en sus hermosas playas de aguas turquesas. Tras este tiempo libre, le llevar\u00e1n de vuelta a tierra firme antes de dejarle en su alojamiento.<\/p>","protected":false},"excerpt":{"rendered":"<div data-track=\"overview\" data-v-83a2b402=\"\">\n<section id=\"activity-overview\" class=\"activity-overview\" data-component=\"overview\" data-v-83a2b402=\"\" data-v-f3236c42=\"\">\n<p class=\"activity-overview__content\" data-test-id=\"activity-overview-content\" data-v-f3236c42=\"\">Excursi\u00f3n de un d\u00eda a la bah\u00eda de Saman\u00e1, en el norte de la Rep\u00fablica Dominicana. Podr\u00e1 montar a caballo hasta la Cascada del Lim\u00f3n, de 50 metros de altura, antes de sentarse a disfrutar de un almuerzo t\u00edpico dominicano y visitar la exuberante \u201cIsla Bacard\u00ed\u201d.<\/p>\n<\/section>\n<\/div>\n<div data-track=\"key-details\" data-v-83a2b402=\"\"><\/div>","protected":false},"featured_media":13575,"template":"","meta":[],"product_brand":[],"product_cat":[97],"product_tag":[101,102],"class_list":{"0":"post-13355","1":"product","2":"type-product","3":"status-publish","4":"has-post-thumbnail","6":"product_cat-dominican-republic","7":"product_tag-excursion","8":"product_tag-tour","10":"first","11":"instock","12":"shipping-taxable","13":"product-type-external"},"_links":{"self":[{"href":"https:\/\/sabanadelamartours.com\/es\/wp-json\/wp\/v2\/product\/13355","targetHints":{"allow":["GET"]}}],"collection":[{"href":"https:\/\/sabanadelamartours.com\/es\/wp-json\/wp\/v2\/product"}],"about":[{"href":"https:\/\/sabanadelamartours.com\/es\/wp-json\/wp\/v2\/types\/product"}],"version-history":[{"count":1,"href":"https:\/\/sabanadelamartours.com\/es\/wp-json\/wp\/v2\/product\/13355\/revisions"}],"predecessor-version":[{"id":18594,"href":"https:\/\/sabanadelamartours.com\/es\/wp-json\/wp\/v2\/product\/13355\/revisions\/18594"}],"wp:featuredmedia":[{"embeddable":true,"href":"https:\/\/sabanadelamartours.com\/es\/wp-json\/wp\/v2\/media\/13575"}],"wp:attachment":[{"href":"https:\/\/sabanadelamartours.com\/es\/wp-json\/wp\/v2\/media?parent=13355"}],"wp:term":[{"taxonomy":"product_brand","embeddable":true,"href":"https:\/\/sabanadelamartours.com\/es\/wp-json\/wp\/v2\/product_brand?post=13355"},{"taxonomy":"product_cat","embeddable":true,"href":"https:\/\/sabanadelamartours.com\/es\/wp-json\/wp\/v2\/product_cat?post=13355"},{"taxonomy":"product_tag","embeddable":true,"href":"https:\/\/sabanadelamartours.com\/es\/wp-json\/wp\/v2\/product_tag?post=13355"}],"curies":[{"name":"wp","href":"https:\/\/api.w.org\/{rel}","templated":true}]}}