{"id":13389,"date":"2025-12-18T11:31:20","date_gmt":"2025-12-18T11:31:20","guid":{"rendered":"https:\/\/sabanadelamartours.com\/?post_type=product&#038;p=13389"},"modified":"2026-02-10T02:55:01","modified_gmt":"2026-02-10T02:55:01","slug":"bahia-de-aguilas-pedernales-experiencia-todo-incluido","status":"publish","type":"product","link":"https:\/\/sabanadelamartours.com\/es\/visita\/bahia-de-aguilas-pedernales-experiencia-todo-incluido\/","title":{"rendered":"La ruta oficial de ocio nocturno de Sos\u00faa"},"content":{"rendered":"<p>Resumen del viaje<\/p>\n<p>Descubra la vibrante vida nocturna de Sosua, Rep\u00fablica Dominicana, con nuestro exclusivo Tour de Entretenimiento Nocturno. Este tour est\u00e1 dise\u00f1ado para aquellos que quieren experimentar la animada, en\u00e9rgica y colorida vida nocturna por la que Sosua es famosa. Desde animados bares y discotecas de moda hasta locales de m\u00fasica en vivo y locales de moda, este tour promete una noche inolvidable.<\/p>\n<p>Lo m\u00e1s destacado<\/p>\n<p>Bares y salones locales: Comience la noche visitando algunos de los mejores bares y salones locales. Disfrute de una gran variedad de bebidas, desde los c\u00f3cteles cl\u00e1sicos a los favoritos locales, mientras se relaciona con los lugare\u00f1os y compa\u00f1eros de viaje.<\/p>\n<p>Discotecas: Baila toda la noche en las mejores discotecas de Sosua. Con buena m\u00fasica, multitudes llenas de energ\u00eda y un ambiente vibrante, experimentar\u00e1 lo mejor de la vida nocturna de Sosua.<\/p>\n<p>Locales de m\u00fasica en directo: Disfrute de las actuaciones en directo de grupos y artistas locales. Desde reggae y salsa hasta merengue y bachata, la escena musical en vivo de Sos\u00faa es diversa y electrizante.<\/p>\n<p>Experiencias culturales: Conozca la cultura dominicana con paradas en locales que ofrecen espect\u00e1culos de m\u00fasica y danza tradicionales.<\/p>\n<p>Cocina local: Saboree los sabores de la Rep\u00fablica Dominicana con una parada en un restaurante local. Pruebe la deliciosa comida callejera o un tentempi\u00e9 nocturno para mantener la energ\u00eda para la noche siguiente.<\/p>\n<p>Experiencia segura y guiada: Nuestros experimentados gu\u00edas se asegurar\u00e1n de que usted tenga una noche segura y agradable, proporcionando informaci\u00f3n sobre los mejores lugares y asegur\u00e1ndose de que aproveche al m\u00e1ximo su tiempo en Sosua.<\/p>","protected":false},"excerpt":{"rendered":"<div data-track=\"overview\" data-v-83a2b402=\"\">\n<section id=\"activity-overview\" class=\"activity-overview\" data-component=\"overview\" data-v-83a2b402=\"\" data-v-f3236c42=\"\">\n<p class=\"activity-overview__content\" data-test-id=\"activity-overview-content\" data-v-f3236c42=\"\">Todo lo que ha o\u00eddo sobre la zona de ocio de Sosua y los cabarets es cierto. Esto es para grupos que viajan a Sosua por primera vez.<\/p>\n<\/section>\n<\/div>\n<div data-track=\"key-details\" data-v-83a2b402=\"\"><\/div>","protected":false},"featured_media":12457,"template":"","meta":[],"product_brand":[],"product_cat":[97],"product_tag":[101,102],"class_list":{"0":"post-13389","1":"product","2":"type-product","3":"status-publish","4":"has-post-thumbnail","6":"product_cat-dominican-republic","7":"product_tag-excursion","8":"product_tag-tour","10":"first","11":"instock","12":"shipping-taxable","13":"product-type-external"},"_links":{"self":[{"href":"https:\/\/sabanadelamartours.com\/es\/wp-json\/wp\/v2\/product\/13389","targetHints":{"allow":["GET"]}}],"collection":[{"href":"https:\/\/sabanadelamartours.com\/es\/wp-json\/wp\/v2\/product"}],"about":[{"href":"https:\/\/sabanadelamartours.com\/es\/wp-json\/wp\/v2\/types\/product"}],"version-history":[{"count":1,"href":"https:\/\/sabanadelamartours.com\/es\/wp-json\/wp\/v2\/product\/13389\/revisions"}],"predecessor-version":[{"id":18879,"href":"https:\/\/sabanadelamartours.com\/es\/wp-json\/wp\/v2\/product\/13389\/revisions\/18879"}],"wp:featuredmedia":[{"embeddable":true,"href":"https:\/\/sabanadelamartours.com\/es\/wp-json\/wp\/v2\/media\/12457"}],"wp:attachment":[{"href":"https:\/\/sabanadelamartours.com\/es\/wp-json\/wp\/v2\/media?parent=13389"}],"wp:term":[{"taxonomy":"product_brand","embeddable":true,"href":"https:\/\/sabanadelamartours.com\/es\/wp-json\/wp\/v2\/product_brand?post=13389"},{"taxonomy":"product_cat","embeddable":true,"href":"https:\/\/sabanadelamartours.com\/es\/wp-json\/wp\/v2\/product_cat?post=13389"},{"taxonomy":"product_tag","embeddable":true,"href":"https:\/\/sabanadelamartours.com\/es\/wp-json\/wp\/v2\/product_tag?post=13389"}],"curies":[{"name":"wp","href":"https:\/\/api.w.org\/{rel}","templated":true}]}}