{"id":13400,"date":"2025-12-18T11:31:56","date_gmt":"2025-12-18T11:31:56","guid":{"rendered":"https:\/\/sabanadelamartours.com\/?post_type=product&#038;p=13400"},"modified":"2026-02-11T10:48:14","modified_gmt":"2026-02-11T10:48:14","slug":"los-haitises-tirolina-kayak-y-piscinas-naturales","status":"publish","type":"product","link":"https:\/\/sabanadelamartours.com\/es\/visita\/los-haitises-tirolina-kayak-y-piscinas-naturales\/","title":{"rendered":"Los Haitises: Tirolina, Kayak y Piscinas Naturales"},"content":{"rendered":"<p>Llevaremos el equipo necesario para su seguridad (chalecos salvavidas, etc.), kayaks y atravesaremos manglares. Ver\u00e1 algunos manglares llenos de aves, ondulantes colinas de exuberante vegetaci\u00f3n. Atravesar\u00e1 los manglares y desembarcar\u00e1 en la abierta bah\u00eda de San Lorenzo, desde donde podr\u00e1 fotografiar el escarpado paisaje forestal. El nombre del parque nacional procede de sus habitantes originales, los indios ta\u00ednos. En su lengua, \u201cHaitises\u201d se traduce como tierras altas o colinas, una referencia a las escarpadas formaciones geol\u00f3gicas con calizas del litoral. El recorrido en kayak es de 3 horas.<\/p>\n<p>El Tour termina en el punto de partida en las piscinas naturales. Donde tambi\u00e9n haremos la tirolesa. En caso de lluvia, cambiaremos la tirolesa por una Caminata en la selva tropical.<\/p>\n<p>Recomendamos esta excursi\u00f3n a primera hora de la ma\u00f1ana para ver manat\u00edes, crust\u00e1ceos y delfines.<\/p>","protected":false},"excerpt":{"rendered":"<div data-track=\"overview\" data-v-83a2b402=\"\">\n<section id=\"activity-overview\" class=\"activity-overview\" data-component=\"overview\" data-v-83a2b402=\"\" data-v-f3236c42=\"\">\n<p class=\"activity-overview__content\" data-test-id=\"activity-overview-content\" data-v-f3236c42=\"\">Explore los manglares del parque nacional de Los Haitises en Kayaks. Ver la naturaleza salvaje original de la Rep\u00fablica Dominicana, disfrutando de una tirolina a trav\u00e9s de la selva tropical y piscinas naturales.<\/p>\n<\/section>\n<\/div>\n<div data-track=\"key-details\" data-v-83a2b402=\"\"><\/div>","protected":false},"featured_media":13625,"template":"","meta":[],"product_brand":[],"product_cat":[97],"product_tag":[101,102],"class_list":{"0":"post-13400","1":"product","2":"type-product","3":"status-publish","4":"has-post-thumbnail","6":"product_cat-dominican-republic","7":"product_tag-excursion","8":"product_tag-tour","10":"first","11":"instock","12":"shipping-taxable","13":"product-type-external"},"_links":{"self":[{"href":"https:\/\/sabanadelamartours.com\/es\/wp-json\/wp\/v2\/product\/13400","targetHints":{"allow":["GET"]}}],"collection":[{"href":"https:\/\/sabanadelamartours.com\/es\/wp-json\/wp\/v2\/product"}],"about":[{"href":"https:\/\/sabanadelamartours.com\/es\/wp-json\/wp\/v2\/types\/product"}],"version-history":[{"count":1,"href":"https:\/\/sabanadelamartours.com\/es\/wp-json\/wp\/v2\/product\/13400\/revisions"}],"predecessor-version":[{"id":18957,"href":"https:\/\/sabanadelamartours.com\/es\/wp-json\/wp\/v2\/product\/13400\/revisions\/18957"}],"wp:featuredmedia":[{"embeddable":true,"href":"https:\/\/sabanadelamartours.com\/es\/wp-json\/wp\/v2\/media\/13625"}],"wp:attachment":[{"href":"https:\/\/sabanadelamartours.com\/es\/wp-json\/wp\/v2\/media?parent=13400"}],"wp:term":[{"taxonomy":"product_brand","embeddable":true,"href":"https:\/\/sabanadelamartours.com\/es\/wp-json\/wp\/v2\/product_brand?post=13400"},{"taxonomy":"product_cat","embeddable":true,"href":"https:\/\/sabanadelamartours.com\/es\/wp-json\/wp\/v2\/product_cat?post=13400"},{"taxonomy":"product_tag","embeddable":true,"href":"https:\/\/sabanadelamartours.com\/es\/wp-json\/wp\/v2\/product_tag?post=13400"}],"curies":[{"name":"wp","href":"https:\/\/api.w.org\/{rel}","templated":true}]}}