{"id":13488,"date":"2025-12-18T11:35:03","date_gmt":"2025-12-18T11:35:03","guid":{"rendered":"https:\/\/sabanadelamartours.com\/?post_type=product&#038;p=13488"},"modified":"2026-02-11T10:54:49","modified_gmt":"2026-02-11T10:54:49","slug":"traslados-aeropuerto-santo-domingo-ida-o-ida-y-vuelta","status":"publish","type":"product","link":"https:\/\/sabanadelamartours.com\/es\/visita\/traslados-aeropuerto-santo-domingo-ida-o-ida-y-vuelta\/","title":{"rendered":"Aeropuerto de Santo Domingo: Traslados de ida o ida y vuelta"},"content":{"rendered":"<p>Disfrute de un traslado de ida o de ida y vuelta entre el aeropuerto de Santo Domingo y su hotel. Tambi\u00e9n hay disponible un traslado de ida desde su hotel al aeropuerto.<\/p>\n<p>Un amable conductor le recibir\u00e1 en el lugar donde se encuentre. Rel\u00e1jese sabiendo que viaja seguro en un veh\u00edculo con aire acondicionado.<\/p>\n<p>Deje que su conductor le gu\u00ede sin problemas a trav\u00e9s del tr\u00e1fico. Viaja c\u00f3modamente sin tener que buscar un taxi o transporte p\u00fablico compartido desde el aeropuerto.<\/p>\n<p>A bordo tambi\u00e9n tendr\u00e1 una botella de agua incluida en el servicio como cortes\u00eda por elegir el servicio.<\/p>\n<p>Nuestras unidades de veh\u00edculos son nuevas, confortables, con aire acondicionado y conductores altamente cualificados.<\/p>\n<div class=\"toggle-content__content toggle-content__content--expanded toggle-content__content--packable\" data-v-59485d64=\"\">\n<div data-test-id=\"activity-full-description-text\" data-v-5835c99c=\"\">Disponemos de un servicio de atenci\u00f3n al cliente 24 horas al d\u00eda, 7 d\u00edas a la semana, en el aeropuerto.<\/div>\n<\/div>\n<div class=\"toggle-content__label-placeholder\" data-v-59485d64=\"\"><\/div>","protected":false},"excerpt":{"rendered":"<div data-track=\"overview\" data-v-83a2b402=\"\">\n<section id=\"activity-overview\" class=\"activity-overview\" data-component=\"overview\" data-v-83a2b402=\"\" data-v-f3236c42=\"\">\n<p class=\"activity-overview__content\" data-test-id=\"activity-overview-content\" data-v-f3236c42=\"\">Disfrute de un traslado privado sin complicaciones entre el aeropuerto de Santo Domingo y su hotel o destinos. Elija entre un servicio de ida o de ida y vuelta y rel\u00e1jese mientras disfruta del trayecto hasta su destino.<\/p>\n<\/section>\n<\/div>\n<div data-track=\"key-details\" data-v-83a2b402=\"\"><\/div>","protected":false},"featured_media":13753,"template":"","meta":[],"product_brand":[],"product_cat":[97],"product_tag":[101,102],"class_list":{"0":"post-13488","1":"product","2":"type-product","3":"status-publish","4":"has-post-thumbnail","6":"product_cat-dominican-republic","7":"product_tag-excursion","8":"product_tag-tour","10":"first","11":"instock","12":"shipping-taxable","13":"product-type-external"},"_links":{"self":[{"href":"https:\/\/sabanadelamartours.com\/es\/wp-json\/wp\/v2\/product\/13488","targetHints":{"allow":["GET"]}}],"collection":[{"href":"https:\/\/sabanadelamartours.com\/es\/wp-json\/wp\/v2\/product"}],"about":[{"href":"https:\/\/sabanadelamartours.com\/es\/wp-json\/wp\/v2\/types\/product"}],"version-history":[{"count":2,"href":"https:\/\/sabanadelamartours.com\/es\/wp-json\/wp\/v2\/product\/13488\/revisions"}],"predecessor-version":[{"id":18964,"href":"https:\/\/sabanadelamartours.com\/es\/wp-json\/wp\/v2\/product\/13488\/revisions\/18964"}],"wp:featuredmedia":[{"embeddable":true,"href":"https:\/\/sabanadelamartours.com\/es\/wp-json\/wp\/v2\/media\/13753"}],"wp:attachment":[{"href":"https:\/\/sabanadelamartours.com\/es\/wp-json\/wp\/v2\/media?parent=13488"}],"wp:term":[{"taxonomy":"product_brand","embeddable":true,"href":"https:\/\/sabanadelamartours.com\/es\/wp-json\/wp\/v2\/product_brand?post=13488"},{"taxonomy":"product_cat","embeddable":true,"href":"https:\/\/sabanadelamartours.com\/es\/wp-json\/wp\/v2\/product_cat?post=13488"},{"taxonomy":"product_tag","embeddable":true,"href":"https:\/\/sabanadelamartours.com\/es\/wp-json\/wp\/v2\/product_tag?post=13488"}],"curies":[{"name":"wp","href":"https:\/\/api.w.org\/{rel}","templated":true}]}}