{"id":13502,"date":"2025-12-18T11:35:33","date_gmt":"2025-12-18T11:35:33","guid":{"rendered":"https:\/\/sabanadelamartours.com\/?post_type=product&#038;p=13502"},"modified":"2026-01-07T11:02:35","modified_gmt":"2026-01-07T11:02:35","slug":"punta-cana-paseo-en-buggy-cenote-azul-laguna-y-rio-selva-2","status":"publish","type":"product","link":"https:\/\/sabanadelamartours.com\/es\/visita\/punta-cana-paseo-en-buggy-cenote-azul-laguna-y-rio-selva-2\/","title":{"rendered":"Punta Cana: Paseo en Buggy, Laguna del Cenote Azul y R\u00edo de la Selva"},"content":{"rendered":"<p>Set off for a fun-filled 2-hour off-road Buggy tour. The buggy tour is completely off-road, with no public roads taken, and with maximum security. Venture to an abandoned mine, experience the lazy jungle river, and visit a cenote for swimming.<\/p>\n<p>Acelera tu adrenalina al m\u00e1ximo con un circuito exclusivo en una mina abandonada. Visite un pueblo dominicano (Museo) y ad\u00e9ntrese en la cultura local mostrando c\u00f3mo se viv\u00eda en el campo. Conozca productos t\u00edpicos como el caf\u00e9, el cacao, la ca\u00f1a de az\u00facar, la mamajuana y los puros.<\/p>\n<p>Enjoy our stunning open cenote, surrounded by lush vegetation. Our freshwater lagoon is a serene place you will never want to leave. Relax and go with the flow on our beautiful Jungle River ride. Every member of the family will enjoy this relaxing and scenic trip, located in the middle of our park. A unique experience surrounded by exuberant nature, cascading curtains, and the spooky cavern. Floating on inner tubes, guests meander slowly around through a tropical landscape guided by a gentle current.<\/p>\n<p>An amazing and unique adventure in Punta Cana, fun for all the family!<\/p>","protected":false},"excerpt":{"rendered":"<div data-track=\"overview\" data-v-83a2b402=\"\">\n<section id=\"activity-overview\" class=\"activity-overview\" data-component=\"overview\" data-v-83a2b402=\"\" data-v-f3236c42=\"\">\n<p class=\"activity-overview__content\" data-test-id=\"activity-overview-content\" data-v-f3236c42=\"\">Enjoy an adventurous experience combining a Buggy ride and the Splash of Emotions, and an exciting off-road race track in an abandoned mine. Refresh in the Cenote Blue Lagoon and enjoy the river.<\/p>\n<\/section>\n<\/div>\n<div data-track=\"key-details\" data-v-83a2b402=\"\"><\/div>","protected":false},"featured_media":13760,"template":"","meta":[],"product_brand":[],"product_cat":[97],"product_tag":[101,102],"class_list":{"0":"post-13502","1":"product","2":"type-product","3":"status-publish","4":"has-post-thumbnail","6":"product_cat-dominican-republic","7":"product_tag-excursion","8":"product_tag-tour","10":"first","11":"instock","12":"shipping-taxable","13":"product-type-external"},"_links":{"self":[{"href":"https:\/\/sabanadelamartours.com\/es\/wp-json\/wp\/v2\/product\/13502","targetHints":{"allow":["GET"]}}],"collection":[{"href":"https:\/\/sabanadelamartours.com\/es\/wp-json\/wp\/v2\/product"}],"about":[{"href":"https:\/\/sabanadelamartours.com\/es\/wp-json\/wp\/v2\/types\/product"}],"version-history":[{"count":1,"href":"https:\/\/sabanadelamartours.com\/es\/wp-json\/wp\/v2\/product\/13502\/revisions"}],"predecessor-version":[{"id":18603,"href":"https:\/\/sabanadelamartours.com\/es\/wp-json\/wp\/v2\/product\/13502\/revisions\/18603"}],"wp:featuredmedia":[{"embeddable":true,"href":"https:\/\/sabanadelamartours.com\/es\/wp-json\/wp\/v2\/media\/13760"}],"wp:attachment":[{"href":"https:\/\/sabanadelamartours.com\/es\/wp-json\/wp\/v2\/media?parent=13502"}],"wp:term":[{"taxonomy":"product_brand","embeddable":true,"href":"https:\/\/sabanadelamartours.com\/es\/wp-json\/wp\/v2\/product_brand?post=13502"},{"taxonomy":"product_cat","embeddable":true,"href":"https:\/\/sabanadelamartours.com\/es\/wp-json\/wp\/v2\/product_cat?post=13502"},{"taxonomy":"product_tag","embeddable":true,"href":"https:\/\/sabanadelamartours.com\/es\/wp-json\/wp\/v2\/product_tag?post=13502"}],"curies":[{"name":"wp","href":"https:\/\/api.w.org\/{rel}","templated":true}]}}