{"id":13519,"date":"2025-12-18T11:36:16","date_gmt":"2025-12-18T11:36:16","guid":{"rendered":"https:\/\/sabanadelamartours.com\/?post_type=product&#038;p=13519"},"modified":"2026-01-07T11:04:48","modified_gmt":"2026-01-07T11:04:48","slug":"27-cascadas-con-entrada-almuerzo","status":"publish","type":"product","link":"https:\/\/sabanadelamartours.com\/es\/visita\/27-cascadas-con-entrada-almuerzo\/","title":{"rendered":"27 Cataratas con entrada y almuerzo"},"content":{"rendered":"<p>Obtenga sus entradas para una excursion de medio dia aqui en las 27 Cascadas del rio Majagua. Entradas con Almuerzo y Excursi\u00f3n Incluida para Saltar y nadar en las cascadas m\u00e1s bellas de la Rep\u00fablica Dominicana. \u00a1\u00a1\u00a1Salto y Natacion con equipo de seguridad para tener la mejor experiencia!!!<\/p>\n<p>Despu\u00e9s de esta experiencia, volver\u00e1 al lugar donde se reunir\u00e1 con el gu\u00eda. Tenga en cuenta que si no hay suficiente agua, el parque acu\u00e1tico s\u00f3lo abrir\u00e1 7 cascadas.<\/p>\n<p>Enclavado en las ondulantes colinas de la cordillera septentrional de la Rep\u00fablica Dominicana, es un tesoro natural que no encontrar\u00e1 en ninguna otra parte del mundo. En efecto, la Madre Naturaleza ha creado 27 hermosas piscinas, esculpidas por la piedra caliza. \u00a1Prep\u00e1rate para divertirte!<\/p>\n<p>Aunque las 27 cataratas existen desde hace milenios, el mundo exterior no las descubri\u00f3 hasta hace poco. Por eso, los primeros turistas empezaron a llegar a las cataratas en 1994 y, poco a poco, se corri\u00f3 la voz sobre este asombroso tesoro natural y se cre\u00f3 una industria de gu\u00edas para los j\u00f3venes de la zona. Sin embargo, diez a\u00f1os despu\u00e9s, cerca de 50.000 turistas acuden cada a\u00f1o a R\u00edo Damajagua para disfrutar de lo que los dominicanos conocen desde hace siglos.<\/p>","protected":false},"excerpt":{"rendered":"<div data-track=\"overview\" data-v-83a2b402=\"\">\n<section id=\"activity-overview\" class=\"activity-overview\" data-component=\"overview\" data-v-83a2b402=\"\" data-v-f3236c42=\"\">\n<p class=\"activity-overview__content\" data-test-id=\"activity-overview-content\" data-v-f3236c42=\"\">Descubra las maravillas naturales ocultas de Damajagua en una visita guiada a las 27 Cascadas. Camine por la zona para explorar impresionantes cascadas, salte a las profundas aguas azules y disfrute de un delicioso almuerzo.<\/p>\n<\/section>\n<\/div>\n<div data-track=\"key-details\" data-v-83a2b402=\"\"><\/div>","protected":false},"featured_media":13794,"template":"","meta":[],"product_brand":[],"product_cat":[97],"product_tag":[101,102],"class_list":{"0":"post-13519","1":"product","2":"type-product","3":"status-publish","4":"has-post-thumbnail","6":"product_cat-dominican-republic","7":"product_tag-excursion","8":"product_tag-tour","10":"first","11":"instock","12":"shipping-taxable","13":"product-type-external"},"_links":{"self":[{"href":"https:\/\/sabanadelamartours.com\/es\/wp-json\/wp\/v2\/product\/13519","targetHints":{"allow":["GET"]}}],"collection":[{"href":"https:\/\/sabanadelamartours.com\/es\/wp-json\/wp\/v2\/product"}],"about":[{"href":"https:\/\/sabanadelamartours.com\/es\/wp-json\/wp\/v2\/types\/product"}],"version-history":[{"count":1,"href":"https:\/\/sabanadelamartours.com\/es\/wp-json\/wp\/v2\/product\/13519\/revisions"}],"predecessor-version":[{"id":18604,"href":"https:\/\/sabanadelamartours.com\/es\/wp-json\/wp\/v2\/product\/13519\/revisions\/18604"}],"wp:featuredmedia":[{"embeddable":true,"href":"https:\/\/sabanadelamartours.com\/es\/wp-json\/wp\/v2\/media\/13794"}],"wp:attachment":[{"href":"https:\/\/sabanadelamartours.com\/es\/wp-json\/wp\/v2\/media?parent=13519"}],"wp:term":[{"taxonomy":"product_brand","embeddable":true,"href":"https:\/\/sabanadelamartours.com\/es\/wp-json\/wp\/v2\/product_brand?post=13519"},{"taxonomy":"product_cat","embeddable":true,"href":"https:\/\/sabanadelamartours.com\/es\/wp-json\/wp\/v2\/product_cat?post=13519"},{"taxonomy":"product_tag","embeddable":true,"href":"https:\/\/sabanadelamartours.com\/es\/wp-json\/wp\/v2\/product_tag?post=13519"}],"curies":[{"name":"wp","href":"https:\/\/api.w.org\/{rel}","templated":true}]}}