{"id":13589,"date":"2025-12-18T11:39:13","date_gmt":"2025-12-18T11:39:13","guid":{"rendered":"https:\/\/sabanadelamartours.com\/?post_type=product&#038;p=13589"},"modified":"2026-01-07T11:10:22","modified_gmt":"2026-01-07T11:10:22","slug":"tour-en-buggy-medio-dia-y-playa-cenote-punta-cana","status":"publish","type":"product","link":"https:\/\/sabanadelamartours.com\/es\/visita\/tour-en-buggy-medio-dia-y-playa-cenote-punta-cana\/","title":{"rendered":"Tour en buggy medio dia y cenote de playa :Punta Cana"},"content":{"rendered":"<p>Itinerario: Punta Cana Highlights Tour Excursi\u00f3n en Buggy Doble con hotel<\/p>\n<p>Hora de inicio: 8.30 h 10.30 h 14.30 h<\/p>\n<p>Recogida en el hotel: El tour comienza con la recogida en su hotel en Punta Cana por su gu\u00eda tur\u00edstico.<\/p>\n<p>Traslado al punto de partida: Ser\u00e1 trasladado al punto de partida de la excursi\u00f3n en buggy, donde recibir\u00e1 una breve orientaci\u00f3n sobre el manejo seguro del veh\u00edculo.<\/p>\n<p>Salida en Buggy: Una vez que est\u00e9 listo, comenzar\u00e1 la excursi\u00f3n en buggy a trav\u00e9s de los impresionantes paisajes de Punta Cana. Disfrute de la emoci\u00f3n de conducir su propio buggy mientras sigue a su gu\u00eda por carreteras pintorescas y terrenos variados.<\/p>\n<p>Parada en Casa T\u00edpica: La primera parada ser\u00e1 en una aut\u00e9ntica casa t\u00edpica dominicana. Aqu\u00ed tendr\u00e1 la oportunidad de sumergirse en la cultura local, interactuar con los residentes y conocer su estilo de vida y tradiciones. Adem\u00e1s, podr\u00e1 disfrutar de un aperitivo t\u00edpico dominicano.<\/p>\n<p>Continuaci\u00f3n de la excursi\u00f3n en Buggy: Tras la visita a la casa t\u00edpica, continuar\u00e1s explorando los caminos rurales y paisajes naturales de Punta Cana en tu buggy.<\/p>\n<p>Visita al cenote: La siguiente parada ser\u00e1 en un cenote escondido. Descubra la belleza natural de este cenote mientras se refresca con un ba\u00f1o en sus aguas cristalinas. Tendr\u00e1 tiempo para relajarse y disfrutar de la serenidad de este entorno \u00fanico.<\/p>\n<p>Ruta a Playa Macao: Despu\u00e9s de refrescarte en el cenote, continuar\u00e1s tu viaje en buggy hasta la impresionante Playa Macao.<\/p>\n<p>Tiempo libre en Playa Macao: Llegar\u00e1 a Playa Macao, una de las playas m\u00e1s bellas de la regi\u00f3n. Aqu\u00ed tendr\u00e1 tiempo libre para relajarse en la arena blanca, nadar en las aguas turquesas del Caribe o simplemente disfrutar del paisaje tropical.<\/p>\n<div class=\"toggle-content__content toggle-content__content--expanded toggle-content__content--packable\" data-v-59485d64=\"\">\n<div data-test-id=\"activity-full-description-text\" data-v-5835c99c=\"\">Regreso al hotel: Despu\u00e9s de un d\u00eda lleno de aventuras y experiencias \u00fanicas, te llevar\u00e1n de vuelta a tu hotel.<\/div>\n<\/div>\n<div class=\"toggle-content__label-placeholder\" data-v-59485d64=\"\"><\/div>","protected":false},"excerpt":{"rendered":"<div data-track=\"overview\" data-v-83a2b402=\"\">\n<section id=\"activity-overview\" class=\"activity-overview\" data-component=\"overview\" data-v-83a2b402=\"\" data-v-f3236c42=\"\">\n<p class=\"activity-overview__content\" data-test-id=\"activity-overview-content\" data-v-f3236c42=\"\">Vive la experiencia extrema del buggy, con tu familia y amigos en Punta Cana, siente la adrenalina<\/p>\n<\/section>\n<\/div>\n<div data-track=\"key-details\" data-v-83a2b402=\"\"><\/div>","protected":false},"featured_media":13870,"template":"","meta":[],"product_brand":[],"product_cat":[97],"product_tag":[101,102],"class_list":{"0":"post-13589","1":"product","2":"type-product","3":"status-publish","4":"has-post-thumbnail","6":"product_cat-dominican-republic","7":"product_tag-excursion","8":"product_tag-tour","10":"first","11":"instock","12":"shipping-taxable","13":"product-type-external"},"_links":{"self":[{"href":"https:\/\/sabanadelamartours.com\/es\/wp-json\/wp\/v2\/product\/13589","targetHints":{"allow":["GET"]}}],"collection":[{"href":"https:\/\/sabanadelamartours.com\/es\/wp-json\/wp\/v2\/product"}],"about":[{"href":"https:\/\/sabanadelamartours.com\/es\/wp-json\/wp\/v2\/types\/product"}],"version-history":[{"count":1,"href":"https:\/\/sabanadelamartours.com\/es\/wp-json\/wp\/v2\/product\/13589\/revisions"}],"predecessor-version":[{"id":18607,"href":"https:\/\/sabanadelamartours.com\/es\/wp-json\/wp\/v2\/product\/13589\/revisions\/18607"}],"wp:featuredmedia":[{"embeddable":true,"href":"https:\/\/sabanadelamartours.com\/es\/wp-json\/wp\/v2\/media\/13870"}],"wp:attachment":[{"href":"https:\/\/sabanadelamartours.com\/es\/wp-json\/wp\/v2\/media?parent=13589"}],"wp:term":[{"taxonomy":"product_brand","embeddable":true,"href":"https:\/\/sabanadelamartours.com\/es\/wp-json\/wp\/v2\/product_brand?post=13589"},{"taxonomy":"product_cat","embeddable":true,"href":"https:\/\/sabanadelamartours.com\/es\/wp-json\/wp\/v2\/product_cat?post=13589"},{"taxonomy":"product_tag","embeddable":true,"href":"https:\/\/sabanadelamartours.com\/es\/wp-json\/wp\/v2\/product_tag?post=13589"}],"curies":[{"name":"wp","href":"https:\/\/api.w.org\/{rel}","templated":true}]}}