{"id":13597,"date":"2025-12-18T11:39:40","date_gmt":"2025-12-18T11:39:40","guid":{"rendered":"https:\/\/sabanadelamartours.com\/?post_type=product&#038;p=13597"},"modified":"2026-01-07T11:12:56","modified_gmt":"2026-01-07T11:12:56","slug":"entradas-puerto-plata-ocean-world","status":"publish","type":"product","link":"https:\/\/sabanadelamartours.com\/es\/visita\/entradas-puerto-plata-ocean-world\/","title":{"rendered":"Entradas Puerto Plata Ocean World"},"content":{"rendered":"<p>Pase el d\u00eda en el encantador Ocean World Adventure Park, en la playa de Cofres\u00ed, a las afueras de Puerto Plata. Se proporciona transporte de ida y vuelta desde los hoteles cercanos y habr\u00e1 mucho tiempo para relajarse, pero un punto culminante de la excursi\u00f3n es la oportunidad de jugar con los leones marinos patag\u00f3nicos.<\/p>\n<p>Conocidas como los payasos del mar, estas adorables criaturas pueden verse de cerca y en persona durante un encuentro de 30 minutos. Aprender\u00e1 sobre sus h\u00e1bitos y h\u00e1bitat durante una charla previa a la inmersi\u00f3n.<\/p>\n<p>A continuaci\u00f3n, podr\u00e1 tocarlos, darles de comer, acariciarlos y jugar con ellos mientras se sienta a un lado de la piscina de interacci\u00f3n. Observe asombrado c\u00f3mo realizan sus divertid\u00edsimas acrobacias.<\/p>\n<p>Ocean World es el complejo de ocio m\u00e1s completo de su clase en la Rep\u00fablica Dominicana, y cuenta con la mayor laguna artificial de delfines del mundo.<\/p>\n<p>Mientras pasea por el complejo descubrir\u00e1 un rico mundo de vida marina y animal, y disfrutar\u00e1 de la atenci\u00f3n que se presta a la interacci\u00f3n entre humanos y animales.<\/p>\n<p>Practique snorkel en el Acuario de Arrecife Tropical, repleto de peces de colores. Marav\u00edllese ante peces globo, \u00e1ngeles y mariposas, mientras gru\u00f1idos y mirlos nadan a su lado.<\/p>\n<p>A continuaci\u00f3n puede dirigirse al Bosque Tropical, un ex\u00f3tico oasis con cascadas, lagunas y playas de arena. La entrada al complejo Ocean World incluye el acceso a los espect\u00e1culos de delfines, tiburones y aves tropicales.<\/p>\n<p>Cuando est\u00e9 listo para descansar, tendr\u00e1 acceso a Dolphin Beach, donde dispondr\u00e1 de c\u00f3modas tumbonas. El almuerzo est\u00e1 incluido.<\/p>\n<div class=\"toggle-content__content toggle-content__content--expanded toggle-content__content--packable\" data-v-59485d64=\"\">\n<div data-test-id=\"activity-full-description-text\" data-v-5835c99c=\"\">La excursi\u00f3n es divertida para toda la familia y, tras un d\u00eda de risas y juegos con algunas de las criaturas m\u00e1s encantadoras de la Tierra, seguro que le dejar\u00e1 una sonrisa en la cara.<\/div>\n<\/div>\n<div class=\"toggle-content__label-placeholder\" data-v-59485d64=\"\"><\/div>","protected":false},"excerpt":{"rendered":"<div data-track=\"overview\" data-v-83a2b402=\"\">\n<section id=\"activity-overview\" class=\"activity-overview\" data-component=\"overview\" data-v-83a2b402=\"\" data-v-f3236c42=\"\">\n<p class=\"activity-overview__content\" data-test-id=\"activity-overview-content\" data-v-f3236c42=\"\">Dispondr\u00e1 de un d\u00eda completo para explorar los numerosos encantos y encantadoras criaturas del complejo, as\u00ed como de tiempo para relajarse en la playa.<\/p>\n<\/section>\n<\/div>\n<div data-track=\"key-details\" data-v-83a2b402=\"\"><\/div>","protected":false},"featured_media":13892,"template":"","meta":[],"product_brand":[],"product_cat":[97],"product_tag":[101,102],"class_list":{"0":"post-13597","1":"product","2":"type-product","3":"status-publish","4":"has-post-thumbnail","6":"product_cat-dominican-republic","7":"product_tag-excursion","8":"product_tag-tour","10":"first","11":"instock","12":"shipping-taxable","13":"product-type-external"},"_links":{"self":[{"href":"https:\/\/sabanadelamartours.com\/es\/wp-json\/wp\/v2\/product\/13597","targetHints":{"allow":["GET"]}}],"collection":[{"href":"https:\/\/sabanadelamartours.com\/es\/wp-json\/wp\/v2\/product"}],"about":[{"href":"https:\/\/sabanadelamartours.com\/es\/wp-json\/wp\/v2\/types\/product"}],"version-history":[{"count":1,"href":"https:\/\/sabanadelamartours.com\/es\/wp-json\/wp\/v2\/product\/13597\/revisions"}],"predecessor-version":[{"id":18608,"href":"https:\/\/sabanadelamartours.com\/es\/wp-json\/wp\/v2\/product\/13597\/revisions\/18608"}],"wp:featuredmedia":[{"embeddable":true,"href":"https:\/\/sabanadelamartours.com\/es\/wp-json\/wp\/v2\/media\/13892"}],"wp:attachment":[{"href":"https:\/\/sabanadelamartours.com\/es\/wp-json\/wp\/v2\/media?parent=13597"}],"wp:term":[{"taxonomy":"product_brand","embeddable":true,"href":"https:\/\/sabanadelamartours.com\/es\/wp-json\/wp\/v2\/product_brand?post=13597"},{"taxonomy":"product_cat","embeddable":true,"href":"https:\/\/sabanadelamartours.com\/es\/wp-json\/wp\/v2\/product_cat?post=13597"},{"taxonomy":"product_tag","embeddable":true,"href":"https:\/\/sabanadelamartours.com\/es\/wp-json\/wp\/v2\/product_tag?post=13597"}],"curies":[{"name":"wp","href":"https:\/\/api.w.org\/{rel}","templated":true}]}}