{"id":13614,"date":"2025-12-18T11:40:17","date_gmt":"2025-12-18T11:40:17","guid":{"rendered":"https:\/\/sabanadelamartours.com\/?post_type=product&#038;p=13614"},"modified":"2026-02-11T11:02:57","modified_gmt":"2026-02-11T11:02:57","slug":"excursion-ciudad-colonial-colon-faro-y-parque-3-ojos","status":"publish","type":"product","link":"https:\/\/sabanadelamartours.com\/es\/visita\/excursion-ciudad-colonial-colon-faro-y-parque-3-ojos\/","title":{"rendered":"Excursi\u00f3n: Ciudad Colonial, Faro Col\u00f3n y Parque 3 Ojos"},"content":{"rendered":"<p>En esta experiencia, recorreremos a fondo cada punto emblem\u00e1tico de la zona tur\u00edstica de Santo Domingo, proporcionando informaci\u00f3n detallada y tom\u00e1ndonos el tiempo necesario para ello.<\/p>\n<p>DESFILE EN COLON PARK:<\/p>\n<p>Comenzaremos nuestro recorrido en el Parque Col\u00f3n, epicentro de la ciudad colonial y espacio central de recreo. Aqu\u00ed encontrar\u00e1 una rica concentraci\u00f3n de monumentos notables, como la Catedral Primada de Am\u00e9rica, el Primer Ayuntamiento de Santo Domingo, la pintoresca calle El Conde, famosos restaurantes, tiendas y muchas otras atracciones. En el coraz\u00f3n de este parque se alza una estatua de Crist\u00f3bal Col\u00f3n, erigida en 1887 por el talentoso escultor franc\u00e9s Ernesto Gilbert.<\/p>\n<p>Desfile en la Catedral Primada de Am\u00e9rica:<\/p>\n<p>Esta Catedral y Bas\u00edlica Menor, situada en la ciudad colonial de Santo Domingo, Rep\u00fablica Dominicana, est\u00e1 consagrada a Santa Mar\u00eda de la Encarnaci\u00f3n, tambi\u00e9n conocida como la Anunciaci\u00f3n. Oficialmente, lleva el nombre de Santa Iglesia Catedral Bas\u00edlica Metropolitana de Nuestra Se\u00f1ora Santa Mar\u00eda de la Encarnaci\u00f3n o de la Anunciaci\u00f3n. Est\u00e1 ubicada en la intersecci\u00f3n de las calles Arzobispo Meri\u00f1o e Isabela la Cat\u00f3lica, cerca del Parque Col\u00f3n, con su entrada principal orientada al oeste, frente a la calle Arzobispo Meri\u00f1o, cerca de la esquina con Arzobispo Nouel.<\/p>\n<p>Parada en el Pante\u00f3n Nacional:<\/p>\n<p>El Pante\u00f3n Nacional es un lugar dedicado a ser un mausoleo donde se conservan los restos mortales de destacadas figuras de la historia de la Rep\u00fablica Dominicana. Este recinto cuenta con unos 36 espacios vac\u00edos destinados a albergar los restos de futuros h\u00e9roes nacionales. Adem\u00e1s, incluye un espacio sin placa espec\u00edfica en honor al soldado desconocido.<\/p>\n<p>Parada en el Museo de las Casas Reales:<\/p>\n<p>El Museo de las Casas Reales, antes conocido como Palacios Reales en la \u00e9poca de la Capitan\u00eda General y de la Provincia, tiene su sede en dos palacios del siglo XVI. Fue construido por orden de la Corona de Castilla, bajo el reinado de Fernando II de Arag\u00f3n.<\/p>\n<p>Parada en Alc\u00e1zar de Col\u00f3n:<\/p>\n<p>El Alc\u00e1zar de Col\u00f3n fue erigido entre 1511 y 1514, inspir\u00e1ndose en el dise\u00f1o de un castillo ya existente en Mancera de Abajo, Salamanca (Espa\u00f1a), del que a\u00fan quedan ruinas en pie.<\/p>\n<p>Parada en faro a dos puntos:<\/p>\n<p>Este monumento tiene forma de cruz, que simboliza la cristianizaci\u00f3n de Am\u00e9rica, y tiene unas dimensiones aproximadas de 800 metros de largo por 36,5 metros de alto. Se ha afirmado que en este lugar se encuentran los restos del almirante Crist\u00f3bal Col\u00f3n, aunque los an\u00e1lisis gen\u00e9ticos han demostrado que esta afirmaci\u00f3n es incorrecta, ya que los restos de Col\u00f3n se encuentran en la Catedral de Sevilla.<\/p>\n<p>Parada en el Parque Nacional de los Tres Ojos:<\/p>\n<div class=\"toggle-content__content toggle-content__content--expanded toggle-content__content--packable\" data-v-59485d64=\"\">\n<div data-test-id=\"activity-full-description-text\" data-v-5835c99c=\"\">Este Parque Nacional alberga uno de los secretos naturales m\u00e1s bien guardados de la ciudad, que incluye cuatro lagos diferentes: El lago de Azufre, el de la Nevera, el de las Damas y el de los Salaramagullones.<\/div>\n<\/div>\n<div class=\"toggle-content__label-placeholder\" data-v-59485d64=\"\"><\/div>","protected":false},"excerpt":{"rendered":"<div data-track=\"overview\" data-v-83a2b402=\"\">\n<section id=\"activity-overview\" class=\"activity-overview\" data-component=\"overview\" data-v-83a2b402=\"\" data-v-f3236c42=\"\">\n<p class=\"activity-overview__content\" data-test-id=\"activity-overview-content\" data-v-f3236c42=\"\">Ad\u00e9ntrese en la riqueza cultural e hist\u00f3rica de Santo Domingo con este recorrido de medio d\u00eda por la capital. Acompa\u00f1e a su gu\u00eda mientras explora los monumentos m\u00e1s destacados de la ciudad colonial.<\/p>\n<\/section>\n<\/div>\n<div data-track=\"key-details\" data-v-83a2b402=\"\"><\/div>","protected":false},"featured_media":13895,"template":"","meta":[],"product_brand":[],"product_cat":[97],"product_tag":[101,102],"class_list":{"0":"post-13614","1":"product","2":"type-product","3":"status-publish","4":"has-post-thumbnail","6":"product_cat-dominican-republic","7":"product_tag-excursion","8":"product_tag-tour","10":"first","11":"instock","12":"shipping-taxable","13":"product-type-external"},"_links":{"self":[{"href":"https:\/\/sabanadelamartours.com\/es\/wp-json\/wp\/v2\/product\/13614","targetHints":{"allow":["GET"]}}],"collection":[{"href":"https:\/\/sabanadelamartours.com\/es\/wp-json\/wp\/v2\/product"}],"about":[{"href":"https:\/\/sabanadelamartours.com\/es\/wp-json\/wp\/v2\/types\/product"}],"version-history":[{"count":2,"href":"https:\/\/sabanadelamartours.com\/es\/wp-json\/wp\/v2\/product\/13614\/revisions"}],"predecessor-version":[{"id":18975,"href":"https:\/\/sabanadelamartours.com\/es\/wp-json\/wp\/v2\/product\/13614\/revisions\/18975"}],"wp:featuredmedia":[{"embeddable":true,"href":"https:\/\/sabanadelamartours.com\/es\/wp-json\/wp\/v2\/media\/13895"}],"wp:attachment":[{"href":"https:\/\/sabanadelamartours.com\/es\/wp-json\/wp\/v2\/media?parent=13614"}],"wp:term":[{"taxonomy":"product_brand","embeddable":true,"href":"https:\/\/sabanadelamartours.com\/es\/wp-json\/wp\/v2\/product_brand?post=13614"},{"taxonomy":"product_cat","embeddable":true,"href":"https:\/\/sabanadelamartours.com\/es\/wp-json\/wp\/v2\/product_cat?post=13614"},{"taxonomy":"product_tag","embeddable":true,"href":"https:\/\/sabanadelamartours.com\/es\/wp-json\/wp\/v2\/product_tag?post=13614"}],"curies":[{"name":"wp","href":"https:\/\/api.w.org\/{rel}","templated":true}]}}