{"id":13699,"date":"2025-12-18T11:44:21","date_gmt":"2025-12-18T11:44:21","guid":{"rendered":"https:\/\/sabanadelamartours.com\/?post_type=product&#038;p=13699"},"modified":"2026-02-11T11:06:04","modified_gmt":"2026-02-11T11:06:04","slug":"punta-cana-y-bayahibe-isla-catalina-con-snorkel","status":"publish","type":"product","link":"https:\/\/sabanadelamartours.com\/es\/visita\/punta-cana-y-bayahibe-isla-catalina-con-snorkel\/","title":{"rendered":"Punta Cana y bayahibe : Isla Catalina con Snorkeling"},"content":{"rendered":"<p><strong>Punta Cana y bayahibe : Isla Catalina con Snorkeling<\/strong><\/p>\n<p>Disfrute de una excursi\u00f3n privada de d\u00eda completo a la isla Catalina desde Punta Cana. Practique snorkel en las cristalinas aguas del mar Caribe, rel\u00e1jese en la playa y saboree un delicioso almuerzo buffet al estilo dominicano con barbacoa.<\/p>\n<p>Le recogeremos en su hotel y viajaremos a La Romana para embarcar hacia su lugar de buceo. Despu\u00e9s de una sesi\u00f3n informativa de orientaci\u00f3n, entre en el agua bajo la superficie para admirar los coloridos jardines de arrecifes de coral, as\u00ed como otra diversa vida marina, considerado uno de los mejores sitios de snorkel en la Rep\u00fablica Dominicana.<\/p>\n<div class=\"toggle-content__content toggle-content__content--expanded toggle-content__content--packable\" data-v-59485d64=\"\">\n<div data-test-id=\"activity-full-description-text\" data-v-5835c99c=\"\">Contin\u00fae su aventura con un delicioso almuerzo buffet al estilo dominicano con barbacoa y aproveche la barra libre. Disfrute de la playa y las aguas cristalinas de la Isla Catalina.<\/div>\n<\/div>\n<div class=\"toggle-content__label-placeholder\" data-v-59485d64=\"\">Disfrute de una excursi\u00f3n privada de d\u00eda completo a la Isla Catalina desde Punta Cana, donde vivir\u00e1 una serie de experiencias inolvidables. Su aventura comienza con una c\u00f3moda recogida en el hotel, seguida de un viaje panor\u00e1mico a La Romana, donde subir\u00e1 a bordo de un barco para llegar al mejor lugar para practicar snorkel. A su llegada, un completo briefing de orientaci\u00f3n le preparar\u00e1 para sumergirse en el fascinante mundo submarino. Sum\u00e9rjase en el cristalino mar Caribe y marav\u00edllese con los vibrantes jardines de arrecifes de coral y la diversa vida marina que llaman hogar a esta zona. Este lugar para practicar snorkel es famoso por ser uno de los mejores de la Rep\u00fablica Dominicana y ofrece una oportunidad inigualable de contemplar la belleza del ecosistema submarino.<\/div>\n<div class=\"toggle-content__label-placeholder\" data-v-59485d64=\"\"><\/div>\n<div class=\"toggle-content__label-placeholder\" data-v-59485d64=\"\">Despu\u00e9s de su estimulante sesi\u00f3n de buceo, del\u00e9itese con un delicioso almuerzo buf\u00e9 al estilo dominicano, acompa\u00f1ado de una deliciosa barbacoa. El bar abierto mejora a\u00fan m\u00e1s su experiencia culinaria, permiti\u00e9ndole saborear bebidas refrescantes mientras se impregna de las vibraciones de la isla. Con el apetito satisfecho, t\u00f3mese su tiempo para relajarse en la playa y disfrutar de la serena atm\u00f3sfera. Las aguas cristalinas invitan a un refrescante ba\u00f1o y ofrecen la oportunidad perfecta para disfrutar de la belleza natural de la isla Catalina.<\/div>\n<div class=\"toggle-content__label-placeholder\" data-v-59485d64=\"\"><\/div>\n<div class=\"toggle-content__label-placeholder\" data-v-59485d64=\"\">Esta completa excursi\u00f3n promete una mezcla perfecta de aventura, relajaci\u00f3n y delicias culinarias, garantizando un d\u00eda inolvidable en este para\u00edso caribe\u00f1o.<\/div>","protected":false},"excerpt":{"rendered":"<div data-track=\"overview\" data-v-83a2b402=\"\">\n<section id=\"activity-overview\" class=\"activity-overview\" data-component=\"overview\" data-v-83a2b402=\"\" data-v-f3236c42=\"\">\n<p class=\"activity-overview__content\" data-test-id=\"activity-overview-content\" data-v-f3236c42=\"\">Emb\u00e1rquese en una excursi\u00f3n privada de un d\u00eda a la isla Catalina desde Punta Cana. Practique snorkel en las aguas cristalinas, rel\u00e1jese en la playa y disfrute de un delicioso almuerzo buffet al estilo dominicano con barbacoa.<\/p>\n<\/section>\n<\/div>\n<div data-track=\"key-details\" data-v-83a2b402=\"\"><\/div>","protected":false},"featured_media":13971,"template":"","meta":[],"product_brand":[],"product_cat":[97],"product_tag":[101,102],"class_list":{"0":"post-13699","1":"product","2":"type-product","3":"status-publish","4":"has-post-thumbnail","6":"product_cat-dominican-republic","7":"product_tag-excursion","8":"product_tag-tour","10":"first","11":"instock","12":"shipping-taxable","13":"product-type-external"},"_links":{"self":[{"href":"https:\/\/sabanadelamartours.com\/es\/wp-json\/wp\/v2\/product\/13699","targetHints":{"allow":["GET"]}}],"collection":[{"href":"https:\/\/sabanadelamartours.com\/es\/wp-json\/wp\/v2\/product"}],"about":[{"href":"https:\/\/sabanadelamartours.com\/es\/wp-json\/wp\/v2\/types\/product"}],"version-history":[{"count":2,"href":"https:\/\/sabanadelamartours.com\/es\/wp-json\/wp\/v2\/product\/13699\/revisions"}],"predecessor-version":[{"id":18980,"href":"https:\/\/sabanadelamartours.com\/es\/wp-json\/wp\/v2\/product\/13699\/revisions\/18980"}],"wp:featuredmedia":[{"embeddable":true,"href":"https:\/\/sabanadelamartours.com\/es\/wp-json\/wp\/v2\/media\/13971"}],"wp:attachment":[{"href":"https:\/\/sabanadelamartours.com\/es\/wp-json\/wp\/v2\/media?parent=13699"}],"wp:term":[{"taxonomy":"product_brand","embeddable":true,"href":"https:\/\/sabanadelamartours.com\/es\/wp-json\/wp\/v2\/product_brand?post=13699"},{"taxonomy":"product_cat","embeddable":true,"href":"https:\/\/sabanadelamartours.com\/es\/wp-json\/wp\/v2\/product_cat?post=13699"},{"taxonomy":"product_tag","embeddable":true,"href":"https:\/\/sabanadelamartours.com\/es\/wp-json\/wp\/v2\/product_tag?post=13699"}],"curies":[{"name":"wp","href":"https:\/\/api.w.org\/{rel}","templated":true}]}}