{"id":13815,"date":"2025-12-18T11:48:58","date_gmt":"2025-12-18T11:48:58","guid":{"rendered":"https:\/\/sabanadelamartours.com\/?post_type=product&#038;p=13815"},"modified":"2026-02-11T11:08:43","modified_gmt":"2026-02-11T11:08:43","slug":"traslado-privado-secretos-royal-beach-al-aeropuerto-de-punta-cana","status":"publish","type":"product","link":"https:\/\/sabanadelamartours.com\/es\/visita\/traslado-privado-secretos-royal-beach-al-aeropuerto-de-punta-cana\/","title":{"rendered":"Traslado Privado Secrets Royal Beach al Aeropuerto de Punta Cana"},"content":{"rendered":"<p><strong>Traslado Privado Secrets Royal Beach al Aeropuerto de Punta Cana<\/strong><\/p>\n<p>Punta Cana Transfer es l\u00edder en la prestaci\u00f3n de transporte privado en todo Punta Cana. Como empresa, tenemos m\u00e1s de 4 a\u00f1os de experiencia y m\u00e1s de 1000 opiniones de 5 estrellas en TripAdvisor. Disfrute de la facilidad de ser atendido por su representante de servicio al cliente antes, durante y despu\u00e9s de su viaje.<\/p>\n<p>Sin billetes, sin esperar correos electr\u00f3nicos ni largas colas, toda la comunicaci\u00f3n es inmediata y a trav\u00e9s de SMS. Su conductor le estar\u00e1 esperando con un cartel a su llegada y le llevar\u00e1 directamente a su resort sin paradas ni sorpresas indeseadas. Reserve su traslado y vaya directamente del Aeropuerto de Punta Cana a Secrets Royal Beach o de Secrets Royal Beach al Aeropuerto de Punta Cana para coger su vuelo.<\/p>","protected":false},"excerpt":{"rendered":"<div data-track=\"overview\" data-v-83a2b402=\"\">\n<section id=\"activity-overview\" class=\"activity-overview\" data-component=\"overview\" data-v-83a2b402=\"\" data-v-f3236c42=\"\">\n<p class=\"activity-overview__content\" data-test-id=\"activity-overview-content\" data-v-f3236c42=\"\">Transporte sin preocupaciones, reserve ahora y su conductor estar\u00e1 a la hora acordada en el vest\u00edbulo con un cartel con su nombre para que pueda identificar r\u00e1pidamente su transporte y salir hacia el aeropuerto.<\/p>\n<\/section>\n<\/div>\n<div data-track=\"key-details\" data-v-83a2b402=\"\"><\/div>","protected":false},"featured_media":14053,"template":"","meta":[],"product_brand":[],"product_cat":[97],"product_tag":[101,102],"class_list":{"0":"post-13815","1":"product","2":"type-product","3":"status-publish","4":"has-post-thumbnail","6":"product_cat-dominican-republic","7":"product_tag-excursion","8":"product_tag-tour","10":"first","11":"instock","12":"shipping-taxable","13":"product-type-external"},"_links":{"self":[{"href":"https:\/\/sabanadelamartours.com\/es\/wp-json\/wp\/v2\/product\/13815","targetHints":{"allow":["GET"]}}],"collection":[{"href":"https:\/\/sabanadelamartours.com\/es\/wp-json\/wp\/v2\/product"}],"about":[{"href":"https:\/\/sabanadelamartours.com\/es\/wp-json\/wp\/v2\/types\/product"}],"version-history":[{"count":1,"href":"https:\/\/sabanadelamartours.com\/es\/wp-json\/wp\/v2\/product\/13815\/revisions"}],"predecessor-version":[{"id":18983,"href":"https:\/\/sabanadelamartours.com\/es\/wp-json\/wp\/v2\/product\/13815\/revisions\/18983"}],"wp:featuredmedia":[{"embeddable":true,"href":"https:\/\/sabanadelamartours.com\/es\/wp-json\/wp\/v2\/media\/14053"}],"wp:attachment":[{"href":"https:\/\/sabanadelamartours.com\/es\/wp-json\/wp\/v2\/media?parent=13815"}],"wp:term":[{"taxonomy":"product_brand","embeddable":true,"href":"https:\/\/sabanadelamartours.com\/es\/wp-json\/wp\/v2\/product_brand?post=13815"},{"taxonomy":"product_cat","embeddable":true,"href":"https:\/\/sabanadelamartours.com\/es\/wp-json\/wp\/v2\/product_cat?post=13815"},{"taxonomy":"product_tag","embeddable":true,"href":"https:\/\/sabanadelamartours.com\/es\/wp-json\/wp\/v2\/product_tag?post=13815"}],"curies":[{"name":"wp","href":"https:\/\/api.w.org\/{rel}","templated":true}]}}