{"id":13828,"date":"2025-12-18T11:49:55","date_gmt":"2025-12-18T11:49:55","guid":{"rendered":"https:\/\/sabanadelamartours.com\/?post_type=product&#038;p=13828"},"modified":"2026-02-11T11:10:23","modified_gmt":"2026-02-11T11:10:23","slug":"traslado-privado-eden-roc-al-aeropuerto-de-punta-cana","status":"publish","type":"product","link":"https:\/\/sabanadelamartours.com\/es\/visita\/traslado-privado-eden-roc-al-aeropuerto-de-punta-cana\/","title":{"rendered":"Traslado Privado Eden Roc al Aeropuerto de Punta Cana"},"content":{"rendered":"<p><strong>Traslado Privado Eden Roc al Aeropuerto de Punta Cana<\/strong><\/p>\n<p>Punta Cana Transfer es l\u00edder en la prestaci\u00f3n de transporte privado en todo Punta Cana. Como empresa, tenemos m\u00e1s de 4 a\u00f1os de experiencia y m\u00e1s de 1000 opiniones de 5 estrellas en TripAdvisor. Disfrute de la facilidad de ser atendido por su representante de servicio al cliente antes, durante y despu\u00e9s de su viaje.<\/p>\n<p>No tickets, waiting for emails, or long queues, all communication is immediate and over SMS. Your driver will be waiting with a sign upon your arrival and will take you straight to your resort with no unwanted stops or surprises. Book your ride and go straight from the Punta Cana Airport to Eden Roc or from Eden Roc to the Punta Cana Airport to catch your flight.<\/p>\n<div class=\"woocommerce-product-details__short-description\">\n<div data-track=\"overview\" data-v-83a2b402=\"\">\n<section id=\"activity-overview\" class=\"activity-overview\" data-component=\"overview\" data-v-83a2b402=\"\" data-v-f3236c42=\"\">\n<p class=\"activity-overview__content\" data-test-id=\"activity-overview-content\" data-v-f3236c42=\"\">Worry-free transportation, book now, and your driver will be at the agreed time in the lobby with a sign with your name so you can quickly identify your transportation and leave for the airport.<\/p>\n<\/section>\n<\/div>\n<div data-track=\"key-details\" data-v-83a2b402=\"\"><\/div>\n<\/div>","protected":false},"excerpt":{"rendered":"<div data-track=\"overview\" data-v-83a2b402=\"\">\n<section id=\"activity-overview\" class=\"activity-overview\" data-component=\"overview\" data-v-83a2b402=\"\" data-v-f3236c42=\"\">\n<p class=\"activity-overview__content\" data-test-id=\"activity-overview-content\" data-v-f3236c42=\"\">Transporte sin preocupaciones, reserve ahora y su conductor estar\u00e1 a la hora acordada en el vest\u00edbulo con un cartel con su nombre para que pueda identificar r\u00e1pidamente su transporte y salir hacia el aeropuerto.<\/p>\n<\/section>\n<\/div>\n<div data-track=\"key-details\" data-v-83a2b402=\"\"><\/div>","protected":false},"featured_media":14066,"template":"","meta":[],"product_brand":[],"product_cat":[97],"product_tag":[101,102],"class_list":{"0":"post-13828","1":"product","2":"type-product","3":"status-publish","4":"has-post-thumbnail","6":"product_cat-dominican-republic","7":"product_tag-excursion","8":"product_tag-tour","10":"first","11":"instock","12":"shipping-taxable","13":"product-type-external"},"_links":{"self":[{"href":"https:\/\/sabanadelamartours.com\/es\/wp-json\/wp\/v2\/product\/13828","targetHints":{"allow":["GET"]}}],"collection":[{"href":"https:\/\/sabanadelamartours.com\/es\/wp-json\/wp\/v2\/product"}],"about":[{"href":"https:\/\/sabanadelamartours.com\/es\/wp-json\/wp\/v2\/types\/product"}],"version-history":[{"count":1,"href":"https:\/\/sabanadelamartours.com\/es\/wp-json\/wp\/v2\/product\/13828\/revisions"}],"predecessor-version":[{"id":18985,"href":"https:\/\/sabanadelamartours.com\/es\/wp-json\/wp\/v2\/product\/13828\/revisions\/18985"}],"wp:featuredmedia":[{"embeddable":true,"href":"https:\/\/sabanadelamartours.com\/es\/wp-json\/wp\/v2\/media\/14066"}],"wp:attachment":[{"href":"https:\/\/sabanadelamartours.com\/es\/wp-json\/wp\/v2\/media?parent=13828"}],"wp:term":[{"taxonomy":"product_brand","embeddable":true,"href":"https:\/\/sabanadelamartours.com\/es\/wp-json\/wp\/v2\/product_brand?post=13828"},{"taxonomy":"product_cat","embeddable":true,"href":"https:\/\/sabanadelamartours.com\/es\/wp-json\/wp\/v2\/product_cat?post=13828"},{"taxonomy":"product_tag","embeddable":true,"href":"https:\/\/sabanadelamartours.com\/es\/wp-json\/wp\/v2\/product_tag?post=13828"}],"curies":[{"name":"wp","href":"https:\/\/api.w.org\/{rel}","templated":true}]}}