{"id":13845,"date":"2025-12-18T11:50:38","date_gmt":"2025-12-18T11:50:38","guid":{"rendered":"https:\/\/sabanadelamartours.com\/?post_type=product&#038;p=13845"},"modified":"2026-02-11T11:11:17","modified_gmt":"2026-02-11T11:11:17","slug":"traslado-privado-de-sdq-a-dreams-macao","status":"publish","type":"product","link":"https:\/\/sabanadelamartours.com\/es\/visita\/traslado-privado-de-sdq-a-dreams-macao\/","title":{"rendered":"Traslado privado de SDQ a Dreams Macao"},"content":{"rendered":"<p><strong>Traslado privado de SDQ a Dreams Macao<\/strong><\/p>\n<p>Punta Cana Transfer es l\u00edder en la prestaci\u00f3n de transporte privado en todo Punta Cana. Como empresa, tenemos m\u00e1s de 4 a\u00f1os de experiencia y m\u00e1s de 1000 opiniones de 5 estrellas en TripAdvisor. Disfrute de la facilidad de ser atendido por su representante de servicio al cliente antes, durante y despu\u00e9s de su viaje.<\/p>\n<p>No tickets, waiting for emails, or long queues, all communication is immediate and over SMS. Your driver will be waiting with a sign upon your arrival and will take you straight to your resort with no unwanted stops or surprises. Book your ride and go straight from the Santo Domingo Airport to Dreams Macao or from Dreams Macao to the Santo Domingo Airport to catch your flight.<\/p>","protected":false},"excerpt":{"rendered":"<div data-track=\"overview\" data-v-83a2b402=\"\">\n<section id=\"activity-overview\" class=\"activity-overview\" data-component=\"overview\" data-v-83a2b402=\"\" data-v-f3236c42=\"\">\n<p class=\"activity-overview__content\" data-test-id=\"activity-overview-content\" data-v-f3236c42=\"\">S\u00e1ltese la espera y dir\u00edjase directamente al para\u00edso. En cuanto llegue, su conductor estar\u00e1 a la salida de la terminal con un cartel con su nombre, listo para llevarle directamente a su complejo.<\/p>\n<\/section>\n<\/div>\n<div data-track=\"key-details\" data-v-83a2b402=\"\"><\/div>","protected":false},"featured_media":14075,"template":"","meta":[],"product_brand":[],"product_cat":[97],"product_tag":[101,102],"class_list":{"0":"post-13845","1":"product","2":"type-product","3":"status-publish","4":"has-post-thumbnail","6":"product_cat-dominican-republic","7":"product_tag-excursion","8":"product_tag-tour","10":"first","11":"instock","12":"sale","13":"shipping-taxable","14":"product-type-external"},"_links":{"self":[{"href":"https:\/\/sabanadelamartours.com\/es\/wp-json\/wp\/v2\/product\/13845","targetHints":{"allow":["GET"]}}],"collection":[{"href":"https:\/\/sabanadelamartours.com\/es\/wp-json\/wp\/v2\/product"}],"about":[{"href":"https:\/\/sabanadelamartours.com\/es\/wp-json\/wp\/v2\/types\/product"}],"version-history":[{"count":1,"href":"https:\/\/sabanadelamartours.com\/es\/wp-json\/wp\/v2\/product\/13845\/revisions"}],"predecessor-version":[{"id":18986,"href":"https:\/\/sabanadelamartours.com\/es\/wp-json\/wp\/v2\/product\/13845\/revisions\/18986"}],"wp:featuredmedia":[{"embeddable":true,"href":"https:\/\/sabanadelamartours.com\/es\/wp-json\/wp\/v2\/media\/14075"}],"wp:attachment":[{"href":"https:\/\/sabanadelamartours.com\/es\/wp-json\/wp\/v2\/media?parent=13845"}],"wp:term":[{"taxonomy":"product_brand","embeddable":true,"href":"https:\/\/sabanadelamartours.com\/es\/wp-json\/wp\/v2\/product_brand?post=13845"},{"taxonomy":"product_cat","embeddable":true,"href":"https:\/\/sabanadelamartours.com\/es\/wp-json\/wp\/v2\/product_cat?post=13845"},{"taxonomy":"product_tag","embeddable":true,"href":"https:\/\/sabanadelamartours.com\/es\/wp-json\/wp\/v2\/product_tag?post=13845"}],"curies":[{"name":"wp","href":"https:\/\/api.w.org\/{rel}","templated":true}]}}