{"id":14030,"date":"2025-12-18T11:59:08","date_gmt":"2025-12-18T11:59:08","guid":{"rendered":"https:\/\/sabanadelamartours.com\/?post_type=product&#038;p=14030"},"modified":"2026-01-07T12:27:55","modified_gmt":"2026-01-07T12:27:55","slug":"tour-gastronomico-privado-por-puerto-plata-y-chillout-en-la-playa","status":"publish","type":"product","link":"https:\/\/sabanadelamartours.com\/es\/visita\/tour-gastronomico-privado-por-puerto-plata-y-chillout-en-la-playa\/","title":{"rendered":"Tour gastron\u00f3mico privado por Puerto Plata y chillout en la playa"},"content":{"rendered":"<p>Rel\u00e1jese en esta excursi\u00f3n privada que combina la visita a Puerto Plata y los mejores sabores dominicanos con un relajado tiempo de playa.<\/p>\n<p>Empiece el d\u00eda tomando el sol en la playa con agua de coco fresca y una cata de ron. Le explicaremos las diferencias entre los distintos tipos de licor.<\/p>\n<p>A continuaci\u00f3n, disfrute de una deliciosa paella de marisco en un restaurante de pescado de la zona. Si le apetece, puede pedir langosta o cangrejo.<\/p>\n<p>Explore el encantador casco antiguo de Puerto Plata, incluidas las famosas calles Rosa y Paraguas. Disfruta del mejor caf\u00e9 dominicano y de helados caseros en la plaza principal.<\/p>\n<p>Del\u00e9itese con deliciosas delicias de cacao ecol\u00f3gico en una f\u00e1brica de chocolate.<\/p>\n<p>Descubra otra playa y saboree una aut\u00e9ntica pinacolada servida en una pi\u00f1a. Tambi\u00e9n hay m\u00e1s c\u00f3cteles disponibles para su disfrute.<\/p>\n<p>Termine su aventura gastron\u00f3mica en Puerto Plata probando la t\u00edpica comida callejera: una sabrosa empanada rellena de queso, carne o huevo.<\/p>\n<div class=\"toggle-content__content toggle-content__content--expanded toggle-content__content--packable\" data-v-59485d64=\"\">\n<div data-test-id=\"activity-full-description-text\" data-v-5835c99c=\"\">Conozca nuestra ciudad y nuestro litoral mientras se deleita con deliciosas comidas y bebidas elaboradas con ron de alta calidad.<\/div>\n<\/div>\n<div class=\"toggle-content__label-placeholder\" data-v-59485d64=\"\"><\/div>","protected":false},"excerpt":{"rendered":"<div data-track=\"overview\" data-v-83a2b402=\"\">\n<section id=\"activity-overview\" class=\"activity-overview\" data-component=\"overview\" data-v-83a2b402=\"\" data-v-f3236c42=\"\">\n<p class=\"activity-overview__content\" data-test-id=\"activity-overview-content\" data-v-f3236c42=\"\">\u00a1Explora la ciudad colonial de Puerto Plata, rel\u00e1jate en las playas de los alrededores, cena en un restaurante de pescado, degusta especialidades dominicanas y prueba los rones ic\u00f3nicos! Visita, rel\u00e1jate y disfruta de la gastronom\u00eda \ud83d\ude42 .<\/p>\n<\/section>\n<\/div>\n<div data-track=\"key-details\" data-v-83a2b402=\"\"><\/div>","protected":false},"featured_media":14230,"template":"","meta":[],"product_brand":[],"product_cat":[97],"product_tag":[101,102],"class_list":{"0":"post-14030","1":"product","2":"type-product","3":"status-publish","4":"has-post-thumbnail","6":"product_cat-dominican-republic","7":"product_tag-excursion","8":"product_tag-tour","10":"first","11":"instock","12":"shipping-taxable","13":"product-type-external"},"_links":{"self":[{"href":"https:\/\/sabanadelamartours.com\/es\/wp-json\/wp\/v2\/product\/14030","targetHints":{"allow":["GET"]}}],"collection":[{"href":"https:\/\/sabanadelamartours.com\/es\/wp-json\/wp\/v2\/product"}],"about":[{"href":"https:\/\/sabanadelamartours.com\/es\/wp-json\/wp\/v2\/types\/product"}],"version-history":[{"count":2,"href":"https:\/\/sabanadelamartours.com\/es\/wp-json\/wp\/v2\/product\/14030\/revisions"}],"predecessor-version":[{"id":18624,"href":"https:\/\/sabanadelamartours.com\/es\/wp-json\/wp\/v2\/product\/14030\/revisions\/18624"}],"wp:featuredmedia":[{"embeddable":true,"href":"https:\/\/sabanadelamartours.com\/es\/wp-json\/wp\/v2\/media\/14230"}],"wp:attachment":[{"href":"https:\/\/sabanadelamartours.com\/es\/wp-json\/wp\/v2\/media?parent=14030"}],"wp:term":[{"taxonomy":"product_brand","embeddable":true,"href":"https:\/\/sabanadelamartours.com\/es\/wp-json\/wp\/v2\/product_brand?post=14030"},{"taxonomy":"product_cat","embeddable":true,"href":"https:\/\/sabanadelamartours.com\/es\/wp-json\/wp\/v2\/product_cat?post=14030"},{"taxonomy":"product_tag","embeddable":true,"href":"https:\/\/sabanadelamartours.com\/es\/wp-json\/wp\/v2\/product_tag?post=14030"}],"curies":[{"name":"wp","href":"https:\/\/api.w.org\/{rel}","templated":true}]}}