{"id":14058,"date":"2025-12-18T12:00:16","date_gmt":"2025-12-18T12:00:16","guid":{"rendered":"https:\/\/sabanadelamartours.com\/?post_type=product&#038;p=14058"},"modified":"2026-01-07T12:30:49","modified_gmt":"2026-01-07T12:30:49","slug":"nadar-en-los-cenotes-ojos-indigenas","status":"publish","type":"product","link":"https:\/\/sabanadelamartours.com\/es\/visita\/nadar-en-los-cenotes-ojos-indigenas\/","title":{"rendered":"Nadar en los Cenotes Ojos Ind\u00edgenas"},"content":{"rendered":"<p><span style=\"font-size: 12pt;\">Sum\u00e9rgete en la naturaleza y descubre la sustentabilidad en nuestra visita guiada donde descubrir\u00e1s nuestros proyectos ecol\u00f3gicos que presentan esfuerzos para proteger y restaurar los recursos naturales, la apicultura, la conservaci\u00f3n del end\u00e9mico halc\u00f3n de Ridgway y la Iguana Rinoceronte, nuestro Semi te dar\u00e1 una c\u00e1lida bienvenida a la Reserva Ecol\u00f3gica Ojos Ind\u00edgenas donde caminar\u00e1s por los senderos y aprender\u00e1s un poco m\u00e1s sobre nuestra flora y fauna. Finalmente tomar\u00e1s un rejuvenecedor ba\u00f1o en la laguna Inriri.<\/span><\/p>","protected":false},"excerpt":{"rendered":"<div data-track=\"overview\" data-v-83a2b402=\"\">\n<section id=\"activity-overview\" class=\"activity-overview\" data-component=\"overview\" data-v-83a2b402=\"\" data-v-f3236c42=\"\">\n<p class=\"activity-overview__content\" data-test-id=\"activity-overview-content\" data-v-f3236c42=\"\">Sum\u00e9rjase en la naturaleza y descubra la sostenibilidad en nuestra visita guiada, donde descubrir\u00e1 nuestros proyectos ecol\u00f3gicos que presentan esfuerzos para proteger y restaurar los recursos naturales.<\/p>\n<\/section>\n<\/div>\n<div data-track=\"key-details\" data-v-83a2b402=\"\"><\/div>","protected":false},"featured_media":14261,"template":"","meta":[],"product_brand":[],"product_cat":[97],"product_tag":[101,102],"class_list":{"0":"post-14058","1":"product","2":"type-product","3":"status-publish","4":"has-post-thumbnail","6":"product_cat-dominican-republic","7":"product_tag-excursion","8":"product_tag-tour","10":"first","11":"instock","12":"shipping-taxable","13":"product-type-external"},"_links":{"self":[{"href":"https:\/\/sabanadelamartours.com\/es\/wp-json\/wp\/v2\/product\/14058","targetHints":{"allow":["GET"]}}],"collection":[{"href":"https:\/\/sabanadelamartours.com\/es\/wp-json\/wp\/v2\/product"}],"about":[{"href":"https:\/\/sabanadelamartours.com\/es\/wp-json\/wp\/v2\/types\/product"}],"version-history":[{"count":1,"href":"https:\/\/sabanadelamartours.com\/es\/wp-json\/wp\/v2\/product\/14058\/revisions"}],"predecessor-version":[{"id":18627,"href":"https:\/\/sabanadelamartours.com\/es\/wp-json\/wp\/v2\/product\/14058\/revisions\/18627"}],"wp:featuredmedia":[{"embeddable":true,"href":"https:\/\/sabanadelamartours.com\/es\/wp-json\/wp\/v2\/media\/14261"}],"wp:attachment":[{"href":"https:\/\/sabanadelamartours.com\/es\/wp-json\/wp\/v2\/media?parent=14058"}],"wp:term":[{"taxonomy":"product_brand","embeddable":true,"href":"https:\/\/sabanadelamartours.com\/es\/wp-json\/wp\/v2\/product_brand?post=14058"},{"taxonomy":"product_cat","embeddable":true,"href":"https:\/\/sabanadelamartours.com\/es\/wp-json\/wp\/v2\/product_cat?post=14058"},{"taxonomy":"product_tag","embeddable":true,"href":"https:\/\/sabanadelamartours.com\/es\/wp-json\/wp\/v2\/product_tag?post=14058"}],"curies":[{"name":"wp","href":"https:\/\/api.w.org\/{rel}","templated":true}]}}