{"id":14159,"date":"2025-12-18T12:04:15","date_gmt":"2025-12-18T12:04:15","guid":{"rendered":"https:\/\/sabanadelamartours.com\/?post_type=product&#038;p=14159"},"modified":"2026-02-11T11:34:56","modified_gmt":"2026-02-11T11:34:56","slug":"desde-punta-cana-samana-excursion-de-un-dia","status":"publish","type":"product","link":"https:\/\/sabanadelamartours.com\/es\/visita\/desde-punta-cana-samana-excursion-de-un-dia\/","title":{"rendered":"Desde Punta Cana: Excursi\u00f3n de un d\u00eda a Saman\u00e1"},"content":{"rendered":"<p>Saman\u00e1 es una pen\u00ednsula situada en la costa noreste de la Rep\u00fablica Dominicana. Llena de paisajes incre\u00edbles y naturaleza en estado puro, es miembro del Club de las Bah\u00edas m\u00e1s Bellas del Mundo de la UNESCO, adem\u00e1s de haber sido clasificada como Para\u00edso Mundial del Ecoturismo. Cada a\u00f1o, entre los meses de febrero y marzo, m\u00e1s de 3.500 ballenas jorobadas se aparean en las c\u00e1lidas aguas costeras frente a la costa de la pen\u00ednsula.<\/p>\n<p>Your tour begins with a boat trip from Miches to the Bay of Saman\u00e1, accompanied by a beautiful view. After arriving to your location, you will embark on a horseback trek to the majestic 50-meter high Lemon waterfall, which contains a beautiful natural pool below and is surrounded by lush tropical forest. Following your waterfall tour, you will head on a city tour atop a safari truck through the city of Saman\u00e1. Discovered by the navigator Christopher Columbus in 1493, this was the point in which the first hostile meeting between Europeans and natives occurred.<\/p>\n<p>Following your city tour, you will sit down for a Dominican buffet lunch in a field restaurant, where you can indulge in a tasting of tropical fruits harvested in the area. After lunch, you will be taken in the safari truck back to the dock, after which you will head to Cayo Levantado or &#8220;Bacardi Island&#8221;. After arriving at this 1-kilometer long island, you can enjoy some refreshing free time on its beautiful beaches complete with clear turquoise water. After this free time, you will be ferried back to the mainland before being dropped off back at your accommodation.<\/p>","protected":false},"excerpt":{"rendered":"<div data-track=\"overview\" data-v-83a2b402=\"\">\n<section id=\"activity-overview\" class=\"activity-overview\" data-component=\"overview\" data-v-83a2b402=\"\" data-v-f3236c42=\"\">\n<p class=\"activity-overview__content\" data-test-id=\"activity-overview-content\" data-v-f3236c42=\"\">Excursi\u00f3n de un d\u00eda a la bah\u00eda de Saman\u00e1, en el norte de la Rep\u00fablica Dominicana. Podr\u00e1 montar a caballo hasta la Cascada del Lim\u00f3n, de 50 metros de altura, antes de sentarse a disfrutar de un almuerzo t\u00edpico dominicano y visitar la exuberante \u201cIsla Bacard\u00ed\u201d.<\/p>\n<\/section>\n<\/div>\n<div data-track=\"key-details\" data-v-83a2b402=\"\"><\/div>","protected":false},"featured_media":14391,"template":"","meta":[],"product_brand":[],"product_cat":[97],"product_tag":[101,102],"class_list":{"0":"post-14159","1":"product","2":"type-product","3":"status-publish","4":"has-post-thumbnail","6":"product_cat-dominican-republic","7":"product_tag-excursion","8":"product_tag-tour","10":"first","11":"instock","12":"shipping-taxable","13":"product-type-external"},"_links":{"self":[{"href":"https:\/\/sabanadelamartours.com\/es\/wp-json\/wp\/v2\/product\/14159","targetHints":{"allow":["GET"]}}],"collection":[{"href":"https:\/\/sabanadelamartours.com\/es\/wp-json\/wp\/v2\/product"}],"about":[{"href":"https:\/\/sabanadelamartours.com\/es\/wp-json\/wp\/v2\/types\/product"}],"version-history":[{"count":1,"href":"https:\/\/sabanadelamartours.com\/es\/wp-json\/wp\/v2\/product\/14159\/revisions"}],"predecessor-version":[{"id":19014,"href":"https:\/\/sabanadelamartours.com\/es\/wp-json\/wp\/v2\/product\/14159\/revisions\/19014"}],"wp:featuredmedia":[{"embeddable":true,"href":"https:\/\/sabanadelamartours.com\/es\/wp-json\/wp\/v2\/media\/14391"}],"wp:attachment":[{"href":"https:\/\/sabanadelamartours.com\/es\/wp-json\/wp\/v2\/media?parent=14159"}],"wp:term":[{"taxonomy":"product_brand","embeddable":true,"href":"https:\/\/sabanadelamartours.com\/es\/wp-json\/wp\/v2\/product_brand?post=14159"},{"taxonomy":"product_cat","embeddable":true,"href":"https:\/\/sabanadelamartours.com\/es\/wp-json\/wp\/v2\/product_cat?post=14159"},{"taxonomy":"product_tag","embeddable":true,"href":"https:\/\/sabanadelamartours.com\/es\/wp-json\/wp\/v2\/product_tag?post=14159"}],"curies":[{"name":"wp","href":"https:\/\/api.w.org\/{rel}","templated":true}]}}