{"id":14196,"date":"2025-12-18T12:05:41","date_gmt":"2025-12-18T12:05:41","guid":{"rendered":"https:\/\/sabanadelamartours.com\/?post_type=product&#038;p=14196"},"modified":"2026-02-11T12:19:26","modified_gmt":"2026-02-11T12:19:26","slug":"las-terrenas-solo-los-haitises-excursion-en-barco-y-a-pie","status":"publish","type":"product","link":"https:\/\/sabanadelamartours.com\/es\/visita\/las-terrenas-solo-los-haitises-excursion-en-barco-y-a-pie\/","title":{"rendered":"Las Terrenas: Excursi\u00f3n en barco y a pie por Los Haitises"},"content":{"rendered":"<p>Recogida en su lugar de Las Terrenas para conducir hasta Saman\u00e1. Emb\u00e1rquese en una excursi\u00f3n de d\u00eda completo desde la pen\u00ednsula de Saman\u00e1 hasta el parque nacional de Los Haitises, y explore la belleza natural del parque. Contemple el hermoso paisaje del parque y busque una gran variedad de especies mientras explora.<\/p>\n<p>Recorra en eslalon los numerosos islotes que forman este asombroso Parque Nacional. Contemple las atracciones naturales del parque, como los manglares, y algunas de las diversas especies de aves del parque, como pel\u00edcanos, garzas y el halc\u00f3n de Ridgway.<\/p>\n<p>T\u00f3mese su tiempo para contemplar cuevas hist\u00f3ricas y paisajes espectaculares. Marav\u00edllese ante las cuevas, que cuentan con algunos de los mayores n\u00fameros de petroglifos y pictograf\u00edas ind\u00edgenas del pa\u00eds.<\/p>","protected":false},"excerpt":{"rendered":"<div data-track=\"overview\" data-v-83a2b402=\"\">\n<section id=\"activity-overview\" class=\"activity-overview\" data-component=\"overview\" data-v-83a2b402=\"\" data-v-f3236c42=\"\">\n<p class=\"activity-overview__content\" data-test-id=\"activity-overview-content\" data-v-f3236c42=\"\">Desde Las Terrenas explore el Parque Nacional de Los Haitises en barco con un gu\u00eda del Parque. Cuevas a pie, Manglares y Arte Taino.<\/p>\n<\/section>\n<\/div>\n<div data-track=\"key-details\" data-v-83a2b402=\"\"><\/div>","protected":false},"featured_media":14435,"template":"","meta":[],"product_brand":[],"product_cat":[97],"product_tag":[101,102],"class_list":{"0":"post-14196","1":"product","2":"type-product","3":"status-publish","4":"has-post-thumbnail","6":"product_cat-dominican-republic","7":"product_tag-excursion","8":"product_tag-tour","10":"first","11":"instock","12":"shipping-taxable","13":"product-type-external"},"_links":{"self":[{"href":"https:\/\/sabanadelamartours.com\/es\/wp-json\/wp\/v2\/product\/14196","targetHints":{"allow":["GET"]}}],"collection":[{"href":"https:\/\/sabanadelamartours.com\/es\/wp-json\/wp\/v2\/product"}],"about":[{"href":"https:\/\/sabanadelamartours.com\/es\/wp-json\/wp\/v2\/types\/product"}],"version-history":[{"count":1,"href":"https:\/\/sabanadelamartours.com\/es\/wp-json\/wp\/v2\/product\/14196\/revisions"}],"predecessor-version":[{"id":19016,"href":"https:\/\/sabanadelamartours.com\/es\/wp-json\/wp\/v2\/product\/14196\/revisions\/19016"}],"wp:featuredmedia":[{"embeddable":true,"href":"https:\/\/sabanadelamartours.com\/es\/wp-json\/wp\/v2\/media\/14435"}],"wp:attachment":[{"href":"https:\/\/sabanadelamartours.com\/es\/wp-json\/wp\/v2\/media?parent=14196"}],"wp:term":[{"taxonomy":"product_brand","embeddable":true,"href":"https:\/\/sabanadelamartours.com\/es\/wp-json\/wp\/v2\/product_brand?post=14196"},{"taxonomy":"product_cat","embeddable":true,"href":"https:\/\/sabanadelamartours.com\/es\/wp-json\/wp\/v2\/product_cat?post=14196"},{"taxonomy":"product_tag","embeddable":true,"href":"https:\/\/sabanadelamartours.com\/es\/wp-json\/wp\/v2\/product_tag?post=14196"}],"curies":[{"name":"wp","href":"https:\/\/api.w.org\/{rel}","templated":true}]}}