{"id":14208,"date":"2025-12-18T12:06:08","date_gmt":"2025-12-18T12:06:08","guid":{"rendered":"https:\/\/sabanadelamartours.com\/?post_type=product&#038;p=14208"},"modified":"2026-01-07T13:01:51","modified_gmt":"2026-01-07T13:01:51","slug":"samana-parque-nacional-los-haitises-tour-cayo-levantado","status":"publish","type":"product","link":"https:\/\/sabanadelamartours.com\/es\/visita\/samana-parque-nacional-los-haitises-tour-cayo-levantado\/","title":{"rendered":"Saman\u00e1: Parque Nacional Los Haitises y Cayo Levantado"},"content":{"rendered":"<div class=\"wpb-content-wrapper\"><div class=\"vc_row wpb_row st bg-holder\"><div class='container'><div class='row'>\n\t<div class=\"wpb_column column_container col-md-12\"><div class=\"vc_column-inner wpb_wrapper\">\n\t\t\t\n\t<div class=\"wpb_text_column wpb_content_element\" >\n\t\t<div class=\"wpb_wrapper\">\n\t\t\t<p>Recorra impresionantes aguas tropicales y disfrute de deliciosos manjares dominicanos en esta hermosa excursi\u00f3n. Contempla las hist\u00f3ricas obras de arte del pueblo ind\u00edgena ta\u00edno encontradas en cuevas situadas en el hermoso Parque Nacional de Los Haitises.<\/p>\n<p>Empiece en el puerto de Saman\u00e1, donde tomar\u00e1 un catamar\u00e1n o un barco para pasar por la bah\u00eda de Saman\u00e1. Llegue al Parque Nacional de Los Haitises y visite las preciosas islas rocosas y conozca las interpretaciones de las pinturas ind\u00edgenas ta\u00ednas en la Cueva de la L\u00ednea.<\/p>\n<p>Tras salir de la antigua cueva, tome un barco por las hermosas aguas para visitar una encantadora playa y la Cueva de la Larena. Termine la visita a la cueva con un brindis y tome el barco de vuelta a Cayo Levantado.<\/p>\n<p>A su regreso, disfrute de un buf\u00e9 tradicional dominicano y rel\u00e1jese en la playa de Cayo Levantado.<\/p>\n\n\t\t<\/div>\n\t<\/div>\n<div class=\"vc_empty_space\"   style=\"height: 32px\"><span class=\"vc_empty_space_inner\"><\/span><\/div>\n\t<div class=\"wpb_text_column wpb_content_element\" >\n\t\t<div class=\"wpb_wrapper\">\n\t\t\t<h2 class=\"collection-header_title\" data-test-id=\"collection-title\" data-v-9c8cb860=\"\">Based on your search in Los Haitises<\/h2>\n\n\t\t<\/div>\n\t<\/div>\n<div class=\"vc_empty_space\"   style=\"height: 32px\"><span class=\"vc_empty_space_inner\"><\/span><\/div><div class=\"woocommerce columns-4\"><ul class=\"products columns-4\">\n<li class=\"product type-product post-15730 status-publish first instock product_cat-dominican-republic product_tag-excursion product_tag-tour has-post-thumbnail shipping-taxable product-type-external\">\r\n\t<a href=\"https:\/\/sabanadelamartours.com\/es\/visita\/excursion-a-la-isla-saona-con-todo-incluido-desde-punta-cana-o-bayahibe\/\" class=\"woocommerce-LoopProduct-link woocommerce-loop-product__link\"><img fetchpriority=\"high\" decoding=\"async\" width=\"300\" height=\"300\" src=\"https:\/\/sabanadelamartours.com\/wp-content\/uploads\/2025\/12\/99-24-300x300.png\" class=\"attachment-woocommerce_thumbnail size-woocommerce_thumbnail\" alt=\"Cano Hondo Pozas Naturales y excursi\u00f3n en barco a Los Haitises\" srcset=\"https:\/\/sabanadelamartours.com\/wp-content\/uploads\/2025\/12\/99-24-300x300.png 300w, https:\/\/sabanadelamartours.com\/wp-content\/uploads\/2025\/12\/99-24-1536x1536.png 1536w, https:\/\/sabanadelamartours.com\/wp-content\/uploads\/2025\/12\/99-24-2048x2048.png 2048w, https:\/\/sabanadelamartours.com\/wp-content\/uploads\/2025\/12\/99-24-100x100.png 100w, https:\/\/sabanadelamartours.com\/wp-content\/uploads\/2025\/12\/99-24-266x266.png 266w\" sizes=\"(max-width: 300px) 100vw, 300px\" \/><h2 class=\"woocommerce-loop-product__title\">Cano Hondo Pozas Naturales y excursi\u00f3n en barco a Los Haitises<\/h2>\n\t<span class=\"price\"><span class=\"woocs_price_code\" data-currency=\"\" data-redraw-id=\"69f30a3620f1d\"  data-product-id=\"15730\"><span class=\"woocommerce-Price-amount amount\"><bdi>67.00<span class=\"woocommerce-Price-currencySymbol\">&#36;<\/span><\/bdi><\/span><\/span><\/span>\n<\/a><a href=\"https:\/\/tourreservationlink.com\/en\/booking\/cano-hondo-natural-pools-and-los-haitises-boat-tour\" aria-describedby=\"woocommerce_loop_add_to_cart_link_describedby_15730\" data-quantity=\"1\" class=\"button product_type_external\" data-product_id=\"15730\" data-product_sku=\"\" aria-label=\"COMPRAR ENTRADA\" rel=\"nofollow noopener\" target=\"_blank\">COMPRAR ENTRADA<\/a>\t<span id=\"woocommerce_loop_add_to_cart_link_describedby_15730\" class=\"screen-reader-text\">\n\t\t\t<\/span>\n<\/li>\r\n<li class=\"product type-product post-16599 status-publish instock product_cat-dominican-republic product_tag-excursion product_tag-tour has-post-thumbnail shipping-taxable product-type-external\">\r\n\t<a href=\"https:\/\/sabanadelamartours.com\/es\/visita\/punta-cana-isla-saona-dia-completo-con-buffet-y-recogida\/\" class=\"woocommerce-LoopProduct-link woocommerce-loop-product__link\"><img decoding=\"async\" width=\"300\" height=\"300\" src=\"https:\/\/sabanadelamartours.com\/wp-content\/uploads\/2025\/12\/99-175-300x300.jpg\" class=\"attachment-woocommerce_thumbnail size-woocommerce_thumbnail\" alt=\"Los Haitises: Caves, Mangroves, &amp; Rainforest Hike\/Boat Tour\" srcset=\"https:\/\/sabanadelamartours.com\/wp-content\/uploads\/2025\/12\/99-175-300x300.jpg 300w, https:\/\/sabanadelamartours.com\/wp-content\/uploads\/2025\/12\/99-175-1536x1536.jpg 1536w, https:\/\/sabanadelamartours.com\/wp-content\/uploads\/2025\/12\/99-175-2048x2048.jpg 2048w, https:\/\/sabanadelamartours.com\/wp-content\/uploads\/2025\/12\/99-175-100x100.jpg 100w, https:\/\/sabanadelamartours.com\/wp-content\/uploads\/2025\/12\/99-175-266x266.jpg 266w\" sizes=\"(max-width: 300px) 100vw, 300px\" \/><h2 class=\"woocommerce-loop-product__title\">Los Haitises: Excursi\u00f3n en barco, cuevas, manglares y selva tropical<\/h2>\n\t<span class=\"price\"><span class=\"woocs_price_code\" data-currency=\"\" data-redraw-id=\"69f30a3621970\"  data-product-id=\"16599\"><span class=\"woocommerce-Price-amount amount\"><bdi>68.00<span class=\"woocommerce-Price-currencySymbol\">&#36;<\/span><\/bdi><\/span><\/span><\/span>\n<\/a><a href=\"https:\/\/tourreservationlink.com\/en\/booking\/los-haitises-caves-mangroves-and-rainforest-hikeboat-tour\" aria-describedby=\"woocommerce_loop_add_to_cart_link_describedby_16599\" data-quantity=\"1\" class=\"button product_type_external\" data-product_id=\"16599\" data-product_sku=\"\" aria-label=\"COMPRAR ENTRADA\" rel=\"nofollow noopener\" target=\"_blank\">COMPRAR ENTRADA<\/a>\t<span id=\"woocommerce_loop_add_to_cart_link_describedby_16599\" class=\"screen-reader-text\">\n\t\t\t<\/span>\n<\/li>\r\n<li class=\"product type-product post-17357 status-publish instock product_cat-dominican-republic product_tag-excursion product_tag-tour has-post-thumbnail shipping-taxable product-type-external\">\r\n\t<a href=\"https:\/\/sabanadelamartours.com\/es\/visita\/catamaran-excursion-de-un-dia-snorkeling-vela-excursion-compartida\/\" class=\"woocommerce-LoopProduct-link woocommerce-loop-product__link\"><img decoding=\"async\" width=\"300\" height=\"300\" src=\"https:\/\/sabanadelamartours.com\/wp-content\/uploads\/2025\/12\/99-216-300x300.jpg\" class=\"attachment-woocommerce_thumbnail size-woocommerce_thumbnail\" alt=\"Santo Domingo: Los Haitises e Isla de Cayo Levantado\" srcset=\"https:\/\/sabanadelamartours.com\/wp-content\/uploads\/2025\/12\/99-216-300x300.jpg 300w, https:\/\/sabanadelamartours.com\/wp-content\/uploads\/2025\/12\/99-216-1536x1536.jpg 1536w, https:\/\/sabanadelamartours.com\/wp-content\/uploads\/2025\/12\/99-216-2048x2048.jpg 2048w, https:\/\/sabanadelamartours.com\/wp-content\/uploads\/2025\/12\/99-216-100x100.jpg 100w, https:\/\/sabanadelamartours.com\/wp-content\/uploads\/2025\/12\/99-216-266x266.jpg 266w\" sizes=\"(max-width: 300px) 100vw, 300px\" \/><h2 class=\"woocommerce-loop-product__title\">Santo Domingo: Los Haitises e Isla de Cayo Levantado<\/h2>\n\t<span class=\"price\"><span class=\"woocs_price_code\" data-currency=\"\" data-redraw-id=\"69f30a3622434\"  data-product-id=\"17357\"><span class=\"woocommerce-Price-amount amount\"><bdi>175.00<span class=\"woocommerce-Price-currencySymbol\">&#36;<\/span><\/bdi><\/span><\/span><\/span>\n<\/a><a href=\"https:\/\/tourreservationlink.com\/en\/booking\/santo-domingo-los-haitises-and-cayo-levantado-island\" aria-describedby=\"woocommerce_loop_add_to_cart_link_describedby_17357\" data-quantity=\"1\" class=\"button product_type_external\" data-product_id=\"17357\" data-product_sku=\"\" aria-label=\"COMPRAR ENTRADA\" rel=\"nofollow noopener\" target=\"_blank\">COMPRAR ENTRADA<\/a>\t<span id=\"woocommerce_loop_add_to_cart_link_describedby_17357\" class=\"screen-reader-text\">\n\t\t\t<\/span>\n<\/li>\r\n<\/ul>\n<\/div><div class=\"vc_empty_space\"   style=\"height: 32px\"><span class=\"vc_empty_space_inner\"><\/span><\/div><\/div>\n\t<\/div> \n<\/div><!--End .row--><\/div><!--End .container--><\/div>\n<\/div>","protected":false},"excerpt":{"rendered":"<div data-track=\"overview\" data-v-83a2b402=\"\">\n<section id=\"activity-overview\" class=\"activity-overview\" data-component=\"overview\" data-v-83a2b402=\"\" data-v-f3236c42=\"\">\n<p class=\"activity-overview__content\" data-test-id=\"activity-overview-content\" data-v-f3236c42=\"\">Discover the beauty of Los Haitises National Park on a guided tour. Admire the stunning rock islands and learn about the Taino people. Relax on the white sandy beaches of Cayo Levantado.<\/p>\n<\/section>\n<\/div>\n<div data-track=\"key-details\" data-v-83a2b402=\"\"><\/div>","protected":false},"featured_media":14461,"template":"","meta":[],"product_brand":[],"product_cat":[97],"product_tag":[101,102],"class_list":{"0":"post-14208","1":"product","2":"type-product","3":"status-publish","4":"has-post-thumbnail","6":"product_cat-dominican-republic","7":"product_tag-excursion","8":"product_tag-tour","10":"first","11":"instock","12":"sale","13":"shipping-taxable","14":"product-type-external"},"_links":{"self":[{"href":"https:\/\/sabanadelamartours.com\/es\/wp-json\/wp\/v2\/product\/14208","targetHints":{"allow":["GET"]}}],"collection":[{"href":"https:\/\/sabanadelamartours.com\/es\/wp-json\/wp\/v2\/product"}],"about":[{"href":"https:\/\/sabanadelamartours.com\/es\/wp-json\/wp\/v2\/types\/product"}],"version-history":[{"count":1,"href":"https:\/\/sabanadelamartours.com\/es\/wp-json\/wp\/v2\/product\/14208\/revisions"}],"predecessor-version":[{"id":18443,"href":"https:\/\/sabanadelamartours.com\/es\/wp-json\/wp\/v2\/product\/14208\/revisions\/18443"}],"wp:featuredmedia":[{"embeddable":true,"href":"https:\/\/sabanadelamartours.com\/es\/wp-json\/wp\/v2\/media\/14461"}],"wp:attachment":[{"href":"https:\/\/sabanadelamartours.com\/es\/wp-json\/wp\/v2\/media?parent=14208"}],"wp:term":[{"taxonomy":"product_brand","embeddable":true,"href":"https:\/\/sabanadelamartours.com\/es\/wp-json\/wp\/v2\/product_brand?post=14208"},{"taxonomy":"product_cat","embeddable":true,"href":"https:\/\/sabanadelamartours.com\/es\/wp-json\/wp\/v2\/product_cat?post=14208"},{"taxonomy":"product_tag","embeddable":true,"href":"https:\/\/sabanadelamartours.com\/es\/wp-json\/wp\/v2\/product_tag?post=14208"}],"curies":[{"name":"wp","href":"https:\/\/api.w.org\/{rel}","templated":true}]}}