{"id":14259,"date":"2025-12-18T12:08:14","date_gmt":"2025-12-18T12:08:14","guid":{"rendered":"https:\/\/sabanadelamartours.com\/?post_type=product&#038;p=14259"},"modified":"2026-02-11T04:05:48","modified_gmt":"2026-02-11T04:05:48","slug":"excursion-de-snorkel-de-dia-completo-a-la-isla-catalina-2","status":"publish","type":"product","link":"https:\/\/sabanadelamartours.com\/es\/visita\/excursion-de-snorkel-de-dia-completo-a-la-isla-catalina-2\/","title":{"rendered":"Party boat catamar\u00e1n trinidad| snorkeling| playa privada"},"content":{"rendered":"<p>{{ Bienvenido a la diversi\u00f3n}}<\/p>\n<p>If you are looking to have a great time in puntacana with a good atmosphere, Good music and people ready to entertain you because here we are; more than ready to make Your vacation the best of Your life.<\/p>\n<p>Book with us this excursion in one of our catamarans where you can enjoy the beautiful private beaches of bavaro, a trip that will take you throughout the coastal area while enjoying the best entertainment of our staff.<\/p>\n<p>I invite you to live this Adventure.<\/p>\n<p>The activities to be carried out are the following:<\/p>\n<p>The first thing is that we proceed to pick up our clients at their destination and they are taken to the beach where our boat is waiting. There will be waiting for our team and in what comes out The tour can be making friends before boarding.<\/p>\n<p>2\u00ba. Despu\u00e9s de embarcar en nuestro catamar\u00e1n prep\u00e1rate para pasar un d\u00eda inolvidable y disfrutar de buena m\u00fasica y barra libre. Nuestro equipo est\u00e1 preparado para que tengas la mejor experiencia.<\/p>\n<p>3\u00aa. Antes de abrir el Bar haremos una parada para practicar snorkel, una experiencia que siempre recordar\u00e1. Nuestros gu\u00edas se encargar\u00e1n de que Estes preparado para apreciar la belleza del oc\u00e9ano en esas maravillosas aguas cristalinas.<\/p>\n<p>4\u00ba: y cuando estamos de nuevo a bordo abrimos nuestro Bar y aqu\u00ed puedes ir disfrutando de Todo lo que tenemos disponible para ti (bailes, bebidas, snack) Pero Toda la diversi\u00f3n que puedas imaginar.<\/p>\n<p>5\u00ba. Nuestra siguiente parada es en la piscina natural, un para\u00edso demasiado bello, con vista a las palmeras y donde podr\u00e1s darte un rico ba\u00f1o y compartir haciendo amigos. Les aseguro que no olvidaran este lugar.<\/p>\n<p>Despu\u00e9s de hacer todo esto recogido, nos dirigimos al lugar donde empezamos y procedemos a llevar a cada cliente a su destino.<\/p>\n<p>Ojo: A veces hacemos una parada t\u00e9cnica para ver Los Delfines, pero no siempre es as\u00ed.<\/p>","protected":false},"excerpt":{"rendered":"<div data-track=\"overview\" data-v-83a2b402=\"\">\n<section id=\"activity-overview\" class=\"activity-overview\" data-component=\"overview\" data-v-83a2b402=\"\" data-v-f3236c42=\"\">\n<p class=\"activity-overview__content\" data-test-id=\"activity-overview-content\" data-v-f3236c42=\"\">Enjoy the experience of sailing in the crystal clear waters of the beautiful private beaches of bavaro in luxurious catamaran where entertainment is part of the Adventure! Come with us and you will not regret it<\/p>\n<\/section>\n<\/div>\n<div data-track=\"key-details\" data-v-83a2b402=\"\"><\/div>","protected":false},"featured_media":13267,"template":"","meta":[],"product_brand":[],"product_cat":[97],"product_tag":[101,102],"class_list":{"0":"post-14259","1":"product","2":"type-product","3":"status-publish","4":"has-post-thumbnail","6":"product_cat-dominican-republic","7":"product_tag-excursion","8":"product_tag-tour","10":"first","11":"instock","12":"shipping-taxable","13":"product-type-external"},"_links":{"self":[{"href":"https:\/\/sabanadelamartours.com\/es\/wp-json\/wp\/v2\/product\/14259","targetHints":{"allow":["GET"]}}],"collection":[{"href":"https:\/\/sabanadelamartours.com\/es\/wp-json\/wp\/v2\/product"}],"about":[{"href":"https:\/\/sabanadelamartours.com\/es\/wp-json\/wp\/v2\/types\/product"}],"version-history":[{"count":1,"href":"https:\/\/sabanadelamartours.com\/es\/wp-json\/wp\/v2\/product\/14259\/revisions"}],"predecessor-version":[{"id":18931,"href":"https:\/\/sabanadelamartours.com\/es\/wp-json\/wp\/v2\/product\/14259\/revisions\/18931"}],"wp:featuredmedia":[{"embeddable":true,"href":"https:\/\/sabanadelamartours.com\/es\/wp-json\/wp\/v2\/media\/13267"}],"wp:attachment":[{"href":"https:\/\/sabanadelamartours.com\/es\/wp-json\/wp\/v2\/media?parent=14259"}],"wp:term":[{"taxonomy":"product_brand","embeddable":true,"href":"https:\/\/sabanadelamartours.com\/es\/wp-json\/wp\/v2\/product_brand?post=14259"},{"taxonomy":"product_cat","embeddable":true,"href":"https:\/\/sabanadelamartours.com\/es\/wp-json\/wp\/v2\/product_cat?post=14259"},{"taxonomy":"product_tag","embeddable":true,"href":"https:\/\/sabanadelamartours.com\/es\/wp-json\/wp\/v2\/product_tag?post=14259"}],"curies":[{"name":"wp","href":"https:\/\/api.w.org\/{rel}","templated":true}]}}