{"id":14307,"date":"2025-12-18T12:10:38","date_gmt":"2025-12-18T12:10:38","guid":{"rendered":"https:\/\/sabanadelamartours.com\/?post_type=product&#038;p=14307"},"modified":"2025-12-18T12:22:30","modified_gmt":"2025-12-18T12:22:30","slug":"atv","status":"publish","type":"product","link":"https:\/\/sabanadelamartours.com\/es\/visita\/atv\/","title":{"rendered":"ATV"},"content":{"rendered":"<p>Te recogeremos en un Airbnb local o Resort te llevaremos a Macao donde ir\u00e1s al rancho en el rancho obtendr\u00e1s una sesi\u00f3n informativa de seguridad cascos e instrucciones sobre el tour y los lugares que vas a ir a visitar.<\/p>\n<p>Desde el rancho decidir\u00e9is qui\u00e9n conducir\u00e1 y os turnar\u00e9is durante todo el recorrido.<\/p>\n<p>Su primer destino es la cueva donde podr\u00e1 ba\u00f1arse en agua de manantial natural y estar\u00e1 all\u00ed unos 45 minutos.<\/p>\n<p>Despu\u00e9s de nadar en la cueva ir\u00e1s a una presentaci\u00f3n de piano donde te mostraremos la agricultura local de caf\u00e9 chocolate ron y otros productos org\u00e1nicos que cultivamos aqu\u00ed en Rep\u00fablica Dominicana.<\/p>\n<p>Tras la presentaci\u00f3n de 45 minutos, saldr\u00e1 por los senderos y llegar\u00e1 a la playa de Macao.<\/p>\n<p>En la playa de Macao le dar\u00e1n una hora para lavarse todo el barro sobrante de los senderos y tambi\u00e9n para ba\u00f1arse en la playa y hacer fotos y v\u00eddeos.<\/p>\n<p>Despu\u00e9s de la experiencia en la playa y durante todo el recorrido, ponemos a su disposici\u00f3n un dron que grabar\u00e1 v\u00eddeos y fot\u00f3grafos que le har\u00e1n fotos durante toda la aventura.<\/p>\n<div class=\"toggle-content__content toggle-content__content--expanded toggle-content__content--packable\" data-v-59485d64=\"\">\n<div data-test-id=\"activity-full-description-text\" data-v-5835c99c=\"\">Mientras se turnan para conducir, volver\u00e1n al rancho donde podr\u00e1n lavarse y donde sus maletas estar\u00e1n bien guardadas para que puedan embarcar en un transporte y volver a su destino original.<\/div>\n<\/div>\n<div class=\"toggle-content__label-placeholder\" data-v-59485d64=\"\"><\/div>","protected":false},"excerpt":{"rendered":"<div data-track=\"overview\" data-v-83a2b402=\"\">\n<section id=\"activity-overview\" class=\"activity-overview\" data-component=\"overview\" data-v-83a2b402=\"\" data-v-f3236c42=\"\">\n<p class=\"activity-overview__content\" data-test-id=\"activity-overview-content\" data-v-f3236c42=\"\">Puede elegir entre un Boogie biplaza o cuatriplaza, un ATV biplaza, un Polaris o un Can-Am de 4 a 5 plazas...<\/p>\n<\/section>\n<\/div>\n<div data-track=\"key-details\" data-v-83a2b402=\"\"><\/div>","protected":false},"featured_media":14548,"template":"","meta":[],"product_brand":[],"product_cat":[97],"product_tag":[101,102],"class_list":{"0":"post-14307","1":"product","2":"type-product","3":"status-publish","4":"has-post-thumbnail","6":"product_cat-dominican-republic","7":"product_tag-excursion","8":"product_tag-tour","10":"first","11":"instock","12":"shipping-taxable","13":"product-type-external"},"_links":{"self":[{"href":"https:\/\/sabanadelamartours.com\/es\/wp-json\/wp\/v2\/product\/14307","targetHints":{"allow":["GET"]}}],"collection":[{"href":"https:\/\/sabanadelamartours.com\/es\/wp-json\/wp\/v2\/product"}],"about":[{"href":"https:\/\/sabanadelamartours.com\/es\/wp-json\/wp\/v2\/types\/product"}],"version-history":[{"count":0,"href":"https:\/\/sabanadelamartours.com\/es\/wp-json\/wp\/v2\/product\/14307\/revisions"}],"wp:featuredmedia":[{"embeddable":true,"href":"https:\/\/sabanadelamartours.com\/es\/wp-json\/wp\/v2\/media\/14548"}],"wp:attachment":[{"href":"https:\/\/sabanadelamartours.com\/es\/wp-json\/wp\/v2\/media?parent=14307"}],"wp:term":[{"taxonomy":"product_brand","embeddable":true,"href":"https:\/\/sabanadelamartours.com\/es\/wp-json\/wp\/v2\/product_brand?post=14307"},{"taxonomy":"product_cat","embeddable":true,"href":"https:\/\/sabanadelamartours.com\/es\/wp-json\/wp\/v2\/product_cat?post=14307"},{"taxonomy":"product_tag","embeddable":true,"href":"https:\/\/sabanadelamartours.com\/es\/wp-json\/wp\/v2\/product_tag?post=14307"}],"curies":[{"name":"wp","href":"https:\/\/api.w.org\/{rel}","templated":true}]}}