{"id":14322,"date":"2025-12-18T12:11:20","date_gmt":"2025-12-18T12:11:20","guid":{"rendered":"https:\/\/sabanadelamartours.com\/?post_type=product&#038;p=14322"},"modified":"2026-02-11T04:40:52","modified_gmt":"2026-02-11T04:40:52","slug":"cano-hondo-piscinas-naturales-los-haitises-paseo-en-barco","status":"publish","type":"product","link":"https:\/\/sabanadelamartours.com\/es\/visita\/cano-hondo-piscinas-naturales-los-haitises-paseo-en-barco\/","title":{"rendered":"Traslado Privado desde el Aeropuerto de Punta Cana a Dreams Onyx"},"content":{"rendered":"<div class=\"toggle-content__content toggle-content__content--expanded toggle-content__content--packable\" data-v-59485d64=\"\">\n<div data-test-id=\"activity-full-description-text\" data-v-5835c99c=\"\">Punta Cana Transfer es una empresa l\u00edder en la prestaci\u00f3n de transporte privado en todo Punta Cana. A Como empresa, tenemos m\u00e1s de 4 a\u00f1os de experiencia y m\u00e1s de 1000 comentarios de 5 estrellas en TripAdvisor. Disfrute de la facilidad que viene con ser atendido por su propio representante de servicio al cliente antes, durante y despu\u00e9s de su viaje. Sin tickets, esperando emails, ni largas colas, toda la comunicaci\u00f3n es inmediata y a trav\u00e9s de SMS. Su conductor le estar\u00e1 esperando con un cartel a su llegada y le llevar\u00e1 directamente a su complejo tur\u00edstico sin paradas ni sorpresas indeseadas. Reserve su viaje y vaya directamente del Aeropuerto de Punta Cana al Dreams Onyx o del Dreams Onyx al Aeropuerto de Punta Cana para coger su vuelo.<\/div>\n<\/div>\n<div class=\"toggle-content__label-placeholder\" data-v-59485d64=\"\"><\/div>","protected":false},"excerpt":{"rendered":"<div data-track=\"overview\" data-v-83a2b402=\"\">\n<section id=\"activity-overview\" class=\"activity-overview\" data-component=\"overview\" data-v-83a2b402=\"\" data-v-f3236c42=\"\">\n<p class=\"activity-overview__content\" data-test-id=\"activity-overview-content\" data-v-f3236c42=\"\">S\u00e1ltese la espera y dir\u00edjase directamente al para\u00edso. En cuanto llegue, su conductor estar\u00e1 a la salida de la terminal con un cartel con su nombre, listo para llevarle directamente a su complejo.<\/p>\n<\/section>\n<\/div>\n<div data-track=\"key-details\" data-v-83a2b402=\"\"><\/div>","protected":false},"featured_media":13315,"template":"","meta":[],"product_brand":[],"product_cat":[97],"product_tag":[101,102],"class_list":{"0":"post-14322","1":"product","2":"type-product","3":"status-publish","4":"has-post-thumbnail","6":"product_cat-dominican-republic","7":"product_tag-excursion","8":"product_tag-tour","10":"first","11":"instock","12":"shipping-taxable","13":"product-type-external"},"_links":{"self":[{"href":"https:\/\/sabanadelamartours.com\/es\/wp-json\/wp\/v2\/product\/14322","targetHints":{"allow":["GET"]}}],"collection":[{"href":"https:\/\/sabanadelamartours.com\/es\/wp-json\/wp\/v2\/product"}],"about":[{"href":"https:\/\/sabanadelamartours.com\/es\/wp-json\/wp\/v2\/types\/product"}],"version-history":[{"count":1,"href":"https:\/\/sabanadelamartours.com\/es\/wp-json\/wp\/v2\/product\/14322\/revisions"}],"predecessor-version":[{"id":18935,"href":"https:\/\/sabanadelamartours.com\/es\/wp-json\/wp\/v2\/product\/14322\/revisions\/18935"}],"wp:featuredmedia":[{"embeddable":true,"href":"https:\/\/sabanadelamartours.com\/es\/wp-json\/wp\/v2\/media\/13315"}],"wp:attachment":[{"href":"https:\/\/sabanadelamartours.com\/es\/wp-json\/wp\/v2\/media?parent=14322"}],"wp:term":[{"taxonomy":"product_brand","embeddable":true,"href":"https:\/\/sabanadelamartours.com\/es\/wp-json\/wp\/v2\/product_brand?post=14322"},{"taxonomy":"product_cat","embeddable":true,"href":"https:\/\/sabanadelamartours.com\/es\/wp-json\/wp\/v2\/product_cat?post=14322"},{"taxonomy":"product_tag","embeddable":true,"href":"https:\/\/sabanadelamartours.com\/es\/wp-json\/wp\/v2\/product_tag?post=14322"}],"curies":[{"name":"wp","href":"https:\/\/api.w.org\/{rel}","templated":true}]}}