{"id":14390,"date":"2025-12-18T12:14:31","date_gmt":"2025-12-18T12:14:31","guid":{"rendered":"https:\/\/sabanadelamartours.com\/?post_type=product&#038;p=14390"},"modified":"2026-01-07T13:13:36","modified_gmt":"2026-01-07T13:13:36","slug":"visita-historica-de-santo-domingo","status":"publish","type":"product","link":"https:\/\/sabanadelamartours.com\/es\/visita\/visita-historica-de-santo-domingo\/","title":{"rendered":"Santo Domingo: Visita hist\u00f3rica"},"content":{"rendered":"<p>Aqu\u00ed se construy\u00f3 la primera Catedral, se santific\u00f3 el primer Obispo, residi\u00f3 el primer Gobernador y se abri\u00f3 el primer hospital. La ciudad posee numerosos atributos culturales y sitios arquitect\u00f3nicos de inter\u00e9s, como ning\u00fan otro lugar de la isla La Espa\u00f1ola.<\/p>\n<p>El recorrido a pie comienza en la parte hist\u00f3rica colonial de la ciudad, reconocida como Patrimonio de la Humanidad por la Unesco. La excursi\u00f3n es perfecta para todos aquellos que deseen aprender m\u00e1s sobre los or\u00edgenes hist\u00f3ricos del Nuevo Mundo. Durante el paseo, visite la primera catedral, la primera universidad, la fortaleza y el Palacio de Justicia. Disfrute de un paseo por la calle Las Damas, la primera calle empedrada, y contemple el primer hospital, el primer astillero y el primer palacio virreinal del continente americano. Explore algunos de los museos, plazas y monumentos m\u00e1s importantes y aproveche esta oportunidad especial para tomar unas fotograf\u00edas \u00fanicas.<\/p>","protected":false},"excerpt":{"rendered":"<div data-track=\"overview\" data-v-83a2b402=\"\">\n<section id=\"activity-overview\" class=\"activity-overview\" data-component=\"overview\" data-v-83a2b402=\"\" data-v-f3236c42=\"\">\n<p class=\"activity-overview__content\" data-test-id=\"activity-overview-content\" data-v-f3236c42=\"\">Explore los monumentos hist\u00f3ricos de Santo Domingo, la primera ciudad europea de Am\u00e9rica. Visite la Zona Colonial y sus atracciones culturales.<\/p>\n<\/section>\n<\/div>\n<div data-track=\"key-details\" data-v-83a2b402=\"\"><\/div>","protected":false},"featured_media":14615,"template":"","meta":[],"product_brand":[],"product_cat":[97],"product_tag":[101,102],"class_list":{"0":"post-14390","1":"product","2":"type-product","3":"status-publish","4":"has-post-thumbnail","6":"product_cat-dominican-republic","7":"product_tag-excursion","8":"product_tag-tour","10":"first","11":"instock","12":"sale","13":"shipping-taxable","14":"product-type-external"},"_links":{"self":[{"href":"https:\/\/sabanadelamartours.com\/es\/wp-json\/wp\/v2\/product\/14390","targetHints":{"allow":["GET"]}}],"collection":[{"href":"https:\/\/sabanadelamartours.com\/es\/wp-json\/wp\/v2\/product"}],"about":[{"href":"https:\/\/sabanadelamartours.com\/es\/wp-json\/wp\/v2\/types\/product"}],"version-history":[{"count":1,"href":"https:\/\/sabanadelamartours.com\/es\/wp-json\/wp\/v2\/product\/14390\/revisions"}],"predecessor-version":[{"id":18645,"href":"https:\/\/sabanadelamartours.com\/es\/wp-json\/wp\/v2\/product\/14390\/revisions\/18645"}],"wp:featuredmedia":[{"embeddable":true,"href":"https:\/\/sabanadelamartours.com\/es\/wp-json\/wp\/v2\/media\/14615"}],"wp:attachment":[{"href":"https:\/\/sabanadelamartours.com\/es\/wp-json\/wp\/v2\/media?parent=14390"}],"wp:term":[{"taxonomy":"product_brand","embeddable":true,"href":"https:\/\/sabanadelamartours.com\/es\/wp-json\/wp\/v2\/product_brand?post=14390"},{"taxonomy":"product_cat","embeddable":true,"href":"https:\/\/sabanadelamartours.com\/es\/wp-json\/wp\/v2\/product_cat?post=14390"},{"taxonomy":"product_tag","embeddable":true,"href":"https:\/\/sabanadelamartours.com\/es\/wp-json\/wp\/v2\/product_tag?post=14390"}],"curies":[{"name":"wp","href":"https:\/\/api.w.org\/{rel}","templated":true}]}}