{"id":14426,"date":"2025-12-18T12:16:24","date_gmt":"2025-12-18T12:16:24","guid":{"rendered":"https:\/\/sabanadelamartours.com\/?post_type=product&#038;p=14426"},"modified":"2026-01-09T02:46:55","modified_gmt":"2026-01-09T02:46:55","slug":"tirolina-playa-esmeralda-con-montana-redonda","status":"publish","type":"product","link":"https:\/\/sabanadelamartours.com\/es\/visita\/tirolina-playa-esmeralda-con-montana-redonda\/","title":{"rendered":"Tirolina Playa Esmeralda Con Monta\u00f1a Redonda"},"content":{"rendered":"<p>Prep\u00e1rese para un d\u00eda lleno de emoci\u00f3n, belleza y aventura con esta espectacular excursi\u00f3n que combina relax en la playa, adrenalina en la tirolina y vistas panor\u00e1micas desde la monta\u00f1a.<\/p>\n<p>Playa Esmeralda: Comience su aventura en la cautivadora Playa Esmeralda. Con su arena blanca y aguas cristalinas, es el lugar perfecto para relajarse, nadar o simplemente disfrutar del id\u00edlico entorno. T\u00f3mese su tiempo para empaparse de la belleza natural y recargar las pilas antes de continuar con la excursi\u00f3n.<\/p>\n<p>Tirolesa: A continuaci\u00f3n, prep\u00e1rese para un subid\u00f3n de adrenalina con una emocionante experiencia de tirolesa. Desl\u00edcese por los exuberantes paisajes tropicales y sienta la emoci\u00f3n de volar por los aires mientras disfruta de impresionantes vistas del entorno natural. Es una experiencia que combina emoci\u00f3n y asombro, \u00a1perfecta para los amantes de la aventura!<\/p>\n<p>Monta\u00f1a Redonda: Concluya su excursi\u00f3n con una visita a Monta\u00f1a Redonda, donde le esperan espectaculares panor\u00e1micas. Desde la cima, disfrute de vistas panor\u00e1micas de 360 grados que abarcan playas, monta\u00f1as y una vegetaci\u00f3n vibrante. Es el lugar ideal para tomar fotos memorables y apreciar la belleza natural de la regi\u00f3n.<\/p>\n<p>Almuerzo: A mitad del recorrido, tendr\u00e1 incluido un delicioso almuerzo. Disfrute de una selecci\u00f3n de platos locales mientras comparte an\u00e9cdotas de sus experiencias y se prepara para la siguiente etapa de la aventura.<\/p>\n<p>Recomendaciones<\/p>\n<p>Lleve ropa c\u00f3moda adecuada para actividades al aire libre.<\/p>\n<p>No olvide la crema solar, las gafas de sol y una toalla para la playa.<\/p>\n<p>Aseg\u00farese de estar hidratado y lleve un sombrero para protegerse del sol.<\/p>\n<div class=\"toggle-content__content toggle-content__content--expanded toggle-content__content--packable\" data-v-59485d64=\"\">\n<div data-test-id=\"activity-full-description-text\" data-v-5835c99c=\"\">Esta excursi\u00f3n ofrece una mezcla perfecta de relajaci\u00f3n, aventura e impresionantes vistas que garantizan una experiencia inolvidable. \u00a1No se lo pierda!<\/div>\n<\/div>\n<div class=\"toggle-content__label-placeholder\" data-v-59485d64=\"\"><\/div>","protected":false},"excerpt":{"rendered":"<div data-track=\"overview\" data-v-83a2b402=\"\">\n<section id=\"activity-overview\" class=\"activity-overview\" data-component=\"overview\" data-v-83a2b402=\"\" data-v-f3236c42=\"\">\n<p class=\"activity-overview__content\" data-test-id=\"activity-overview-content\" data-v-f3236c42=\"\">Emb\u00e1rquese en una emocionante aventura que combina playas paradis\u00edacas, adrenalina y vistas impresionantes en esta excursi\u00f3n de medio d\u00eda.<\/p>\n<\/section>\n<\/div>\n<div data-track=\"key-details\" data-v-83a2b402=\"\"><\/div>","protected":false},"featured_media":14656,"template":"","meta":[],"product_brand":[],"product_cat":[97],"product_tag":[101,102],"class_list":{"0":"post-14426","1":"product","2":"type-product","3":"status-publish","4":"has-post-thumbnail","6":"product_cat-dominican-republic","7":"product_tag-excursion","8":"product_tag-tour","10":"first","11":"instock","12":"shipping-taxable","13":"product-type-external"},"_links":{"self":[{"href":"https:\/\/sabanadelamartours.com\/es\/wp-json\/wp\/v2\/product\/14426","targetHints":{"allow":["GET"]}}],"collection":[{"href":"https:\/\/sabanadelamartours.com\/es\/wp-json\/wp\/v2\/product"}],"about":[{"href":"https:\/\/sabanadelamartours.com\/es\/wp-json\/wp\/v2\/types\/product"}],"version-history":[{"count":1,"href":"https:\/\/sabanadelamartours.com\/es\/wp-json\/wp\/v2\/product\/14426\/revisions"}],"predecessor-version":[{"id":18646,"href":"https:\/\/sabanadelamartours.com\/es\/wp-json\/wp\/v2\/product\/14426\/revisions\/18646"}],"wp:featuredmedia":[{"embeddable":true,"href":"https:\/\/sabanadelamartours.com\/es\/wp-json\/wp\/v2\/media\/14656"}],"wp:attachment":[{"href":"https:\/\/sabanadelamartours.com\/es\/wp-json\/wp\/v2\/media?parent=14426"}],"wp:term":[{"taxonomy":"product_brand","embeddable":true,"href":"https:\/\/sabanadelamartours.com\/es\/wp-json\/wp\/v2\/product_brand?post=14426"},{"taxonomy":"product_cat","embeddable":true,"href":"https:\/\/sabanadelamartours.com\/es\/wp-json\/wp\/v2\/product_cat?post=14426"},{"taxonomy":"product_tag","embeddable":true,"href":"https:\/\/sabanadelamartours.com\/es\/wp-json\/wp\/v2\/product_tag?post=14426"}],"curies":[{"name":"wp","href":"https:\/\/api.w.org\/{rel}","templated":true}]}}