{"id":14654,"date":"2025-12-18T12:27:55","date_gmt":"2025-12-18T12:27:55","guid":{"rendered":"https:\/\/sabanadelamartours.com\/?post_type=product&#038;p=14654"},"modified":"2026-02-11T13:12:20","modified_gmt":"2026-02-11T13:12:20","slug":"fiesta-en-catamaran-trinidad-snorkeling-playa-privada","status":"publish","type":"product","link":"https:\/\/sabanadelamartours.com\/es\/visita\/fiesta-en-catamaran-trinidad-snorkeling-playa-privada\/","title":{"rendered":"Fiesta en catamar\u00e1n trinidad| snorkeling| playa privada"},"content":{"rendered":"<p>{{ Bienvenido a la diversi\u00f3n}}<\/p>\n<p>Si buscas pasarla bien en puntacana con buen ambiente, Buena musica y gente dispuesta a entretenerte pues aqui estamos; mas que listos para hacer de Tus vacaciones las mejores de Tu vida. Reserva con nosotros esta excursion en uno de nuestros catamaranes donde podras disfrutar de las hermosas playas privadas de bavaro, un viaje que te llevara por toda la zona costera mientras disfrutas del mejor entretenimiento de nuestro personal.<\/p>\n<p>Te invito a vivir esta Aventura. Las actividades a realizar son las siguientes: Lo primero es que procedemos a recoger a nuestros clientes en su destino y son llevados a la playa donde espera nuestra embarcaci\u00f3n. All\u00ed estar\u00e1 esperando nuestro equipo y en lo que sale el tour se pueden ir haciendo amigos antes de embarcar.<\/p>\n<p>2\u00ba. Despu\u00e9s de embarcar en nuestro catamar\u00e1n prep\u00e1rate para pasar un d\u00eda inolvidable y disfrutar de buena m\u00fasica y barra libre. Nuestro equipo est\u00e1 preparado para que tengas la mejor experiencia.<\/p>\n<p>3\u00aa. Antes de abrir el Bar haremos una parada para practicar snorkel, una experiencia que siempre recordar\u00e1. Nuestros gu\u00edas se encargar\u00e1n de que Estes preparado para apreciar la belleza del oc\u00e9ano en esas maravillosas aguas cristalinas.<\/p>\n<p>4\u00ba: y cuando estamos de nuevo a bordo abrimos nuestro Bar y aqu\u00ed puedes ir disfrutando de Todo lo que tenemos disponible para ti (bailes, bebidas, snack) Pero Toda la diversi\u00f3n que puedas imaginar.<\/p>\n<p>5\u00ba. Nuestra siguiente parada es en la piscina natural, un para\u00edso demasiado bello, con vista a las palmeras y donde podr\u00e1s darte un rico ba\u00f1o y compartir haciendo amigos. Les aseguro que no olvidaran este lugar.<\/p>\n<p>Despu\u00e9s de hacer todo esto recogido, nos dirigimos al lugar donde empezamos y procedemos a llevar a cada cliente a su destino.<\/p>\n<p>Ojo: A veces hacemos una parada t\u00e9cnica para ver Los Delfines, pero no siempre es as\u00ed.<\/p>","protected":false},"excerpt":{"rendered":"<div data-track=\"overview\" data-v-83a2b402=\"\">\n<section id=\"activity-overview\" class=\"activity-overview\" data-component=\"overview\" data-v-83a2b402=\"\" data-v-f3236c42=\"\">\n<p class=\"activity-overview__content\" data-test-id=\"activity-overview-content\" data-v-f3236c42=\"\">Disfrute de la experiencia de navegar por las aguas cristalinas de las hermosas playas privadas de B\u00e1varo en un lujoso catamar\u00e1n donde el entretenimiento forma parte de la aventura y donde podr\u00e1 practicar snorkel.<\/p>\n<\/section>\n<\/div>\n<div data-track=\"key-details\" data-v-83a2b402=\"\"><\/div>","protected":false},"featured_media":14884,"template":"","meta":[],"product_brand":[],"product_cat":[97],"product_tag":[101,102],"class_list":{"0":"post-14654","1":"product","2":"type-product","3":"status-publish","4":"has-post-thumbnail","6":"product_cat-dominican-republic","7":"product_tag-excursion","8":"product_tag-tour","10":"first","11":"instock","12":"shipping-taxable","13":"product-type-external"},"_links":{"self":[{"href":"https:\/\/sabanadelamartours.com\/es\/wp-json\/wp\/v2\/product\/14654","targetHints":{"allow":["GET"]}}],"collection":[{"href":"https:\/\/sabanadelamartours.com\/es\/wp-json\/wp\/v2\/product"}],"about":[{"href":"https:\/\/sabanadelamartours.com\/es\/wp-json\/wp\/v2\/types\/product"}],"version-history":[{"count":1,"href":"https:\/\/sabanadelamartours.com\/es\/wp-json\/wp\/v2\/product\/14654\/revisions"}],"predecessor-version":[{"id":19042,"href":"https:\/\/sabanadelamartours.com\/es\/wp-json\/wp\/v2\/product\/14654\/revisions\/19042"}],"wp:featuredmedia":[{"embeddable":true,"href":"https:\/\/sabanadelamartours.com\/es\/wp-json\/wp\/v2\/media\/14884"}],"wp:attachment":[{"href":"https:\/\/sabanadelamartours.com\/es\/wp-json\/wp\/v2\/media?parent=14654"}],"wp:term":[{"taxonomy":"product_brand","embeddable":true,"href":"https:\/\/sabanadelamartours.com\/es\/wp-json\/wp\/v2\/product_brand?post=14654"},{"taxonomy":"product_cat","embeddable":true,"href":"https:\/\/sabanadelamartours.com\/es\/wp-json\/wp\/v2\/product_cat?post=14654"},{"taxonomy":"product_tag","embeddable":true,"href":"https:\/\/sabanadelamartours.com\/es\/wp-json\/wp\/v2\/product_tag?post=14654"}],"curies":[{"name":"wp","href":"https:\/\/api.w.org\/{rel}","templated":true}]}}